{"id":12706,"date":"2020-12-12T16:39:20","date_gmt":"2020-12-12T16:39:20","guid":{"rendered":"https:\/\/www.pujadasgrill.com\/producto\/enamelled-steel-paella-pan\/"},"modified":"2026-02-02T11:01:26","modified_gmt":"2026-02-02T11:01:26","slug":"enamelled-steel-paella-pan","status":"publish","type":"product","link":"https:\/\/pujadasgrill.com\/en\/producto\/enamelled-steel-paella-pan\/","title":{"rendered":"Paella pan 10 cm enameled steel  with tube handles"},"content":{"rendered":"","protected":false},"excerpt":{"rendered":"<p>La paellera de acero esmaltado de Pujadas ofrece una excelente resistencia y durabilidad, gracias a su acabado con esmalte anti\u00e1cido que protege la superficie frente a la corrosi\u00f3n y facilita la limpieza. Su base amplia asegura una distribuci\u00f3n uniforme del calor, mientras que sus asas robustas permiten un manejo seguro en cocina profesional. Apta para horno, le\u00f1a y gas, es una opci\u00f3n ideal para preparar paellas y otras elaboraciones tradicionales con resultados consistentes.<\/p>\n","protected":false},"featured_media":29935,"template":"","meta":{"_seopress_robots_primary_cat":"none","inline_featured_image":false},"product_cat":[118],"product_tag":[],"class_list":["post-12706","product","type-product","status-publish","has-post-thumbnail","hentry","product_cat-furnishings"],"_links":{"self":[{"href":"https:\/\/pujadasgrill.com\/en\/wp-json\/wp\/v2\/product\/12706"}],"collection":[{"href":"https:\/\/pujadasgrill.com\/en\/wp-json\/wp\/v2\/product"}],"about":[{"href":"https:\/\/pujadasgrill.com\/en\/wp-json\/wp\/v2\/types\/product"}],"wp:featuredmedia":[{"embeddable":true,"href":"https:\/\/pujadasgrill.com\/en\/wp-json\/wp\/v2\/media\/29935"}],"wp:attachment":[{"href":"https:\/\/pujadasgrill.com\/en\/wp-json\/wp\/v2\/media?parent=12706"}],"wp:term":[{"taxonomy":"product_cat","embeddable":true,"href":"https:\/\/pujadasgrill.com\/en\/wp-json\/wp\/v2\/product_cat?post=12706"},{"taxonomy":"product_tag","embeddable":true,"href":"https:\/\/pujadasgrill.com\/en\/wp-json\/wp\/v2\/product_tag?post=12706"}],"curies":[{"name":"wp","href":"https:\/\/api.w.org\/{rel}","templated":true}]}}