{"id":32675,"date":"2026-02-02T09:21:26","date_gmt":"2026-02-02T09:21:26","guid":{"rendered":"https:\/\/pujadasgrill.com\/producto\/modulo-atemperador-en-acero-inox\/"},"modified":"2026-02-02T11:01:20","modified_gmt":"2026-02-02T11:01:20","slug":"modulo-atemperador-en-acero-inox","status":"publish","type":"product","link":"https:\/\/pujadasgrill.com\/en\/producto\/modulo-atemperador-en-acero-inox\/","title":{"rendered":"Tempering module for charcoal oven"},"content":{"rendered":"","protected":false},"excerpt":{"rendered":"<p>Accesorio dise\u00f1ado para integrarse en los hornos de brasa Pujadas, ofreciendo una soluci\u00f3n pr\u00e1ctica y resistente para trabajar con bandejas GN. Compatibilidad total con GN: dise\u00f1ado para bandejas Gastronorm. Montaje y desmontaje f\u00e1cil: instalaci\u00f3n r\u00e1pida sin herramientas. Gu\u00edas interiores integradas: permiten colocar hasta 2 bandejas GN. Vers\u00e1til en su uso: ideal para atemperar o mantener platos calientes. Fabricado en acero inoxidable: m\u00e1xima durabilidad, higiene y resistencia.<\/p>\n","protected":false},"featured_media":32546,"template":"","meta":{"_seopress_robots_primary_cat":"","inline_featured_image":false},"product_cat":[215],"product_tag":[],"class_list":["post-32675","product","type-product","status-publish","has-post-thumbnail","hentry","product_cat-accessories"],"_links":{"self":[{"href":"https:\/\/pujadasgrill.com\/en\/wp-json\/wp\/v2\/product\/32675"}],"collection":[{"href":"https:\/\/pujadasgrill.com\/en\/wp-json\/wp\/v2\/product"}],"about":[{"href":"https:\/\/pujadasgrill.com\/en\/wp-json\/wp\/v2\/types\/product"}],"wp:featuredmedia":[{"embeddable":true,"href":"https:\/\/pujadasgrill.com\/en\/wp-json\/wp\/v2\/media\/32546"}],"wp:attachment":[{"href":"https:\/\/pujadasgrill.com\/en\/wp-json\/wp\/v2\/media?parent=32675"}],"wp:term":[{"taxonomy":"product_cat","embeddable":true,"href":"https:\/\/pujadasgrill.com\/en\/wp-json\/wp\/v2\/product_cat?post=32675"},{"taxonomy":"product_tag","embeddable":true,"href":"https:\/\/pujadasgrill.com\/en\/wp-json\/wp\/v2\/product_tag?post=32675"}],"curies":[{"name":"wp","href":"https:\/\/api.w.org\/{rel}","templated":true}]}}