{"id":32677,"date":"2026-02-02T09:21:26","date_gmt":"2026-02-02T09:21:26","guid":{"rendered":"https:\/\/pujadasgrill.com\/producto\/parrilla-de-acero-inoxidable-para-parrilla-abierta\/"},"modified":"2026-02-02T11:01:20","modified_gmt":"2026-02-02T11:01:20","slug":"parrilla-de-acero-inoxidable-para-parrilla-abierta","status":"publish","type":"product","link":"https:\/\/pujadasgrill.com\/en\/producto\/parrilla-de-acero-inoxidable-para-parrilla-abierta\/","title":{"rendered":"Stainless Steel grill for Open Grill"},"content":{"rendered":"","protected":false},"excerpt":{"rendered":"<p>Experimente la combinaci\u00f3n perfecta de durabilidad y funcionalidad con esta parrilla de acero inoxidable. Dise\u00f1ado para cocinas profesionales y cocineros dom\u00e9sticos \u00e1vidos por igual, esta parrilla est\u00e1 hecha de acero inoxidable de alta calidad, lo que garantiza la resistencia al \u00f3xido y la corrosi\u00f3n. Su construcci\u00f3n robusta puede soportar altas temperaturas, por lo que es ideal para asar y tostar. Esta parrilla es compatible con las parrillas abiertas, mejorando su versatilidad de cocci\u00f3n mientras mantiene una apariencia elegante.<\/p>\n","protected":false},"featured_media":29914,"template":"","meta":{"_seopress_robots_primary_cat":"","inline_featured_image":false},"product_cat":[215],"product_tag":[],"class_list":["post-32677","product","type-product","status-publish","has-post-thumbnail","hentry","product_cat-accessories"],"_links":{"self":[{"href":"https:\/\/pujadasgrill.com\/en\/wp-json\/wp\/v2\/product\/32677"}],"collection":[{"href":"https:\/\/pujadasgrill.com\/en\/wp-json\/wp\/v2\/product"}],"about":[{"href":"https:\/\/pujadasgrill.com\/en\/wp-json\/wp\/v2\/types\/product"}],"wp:featuredmedia":[{"embeddable":true,"href":"https:\/\/pujadasgrill.com\/en\/wp-json\/wp\/v2\/media\/29914"}],"wp:attachment":[{"href":"https:\/\/pujadasgrill.com\/en\/wp-json\/wp\/v2\/media?parent=32677"}],"wp:term":[{"taxonomy":"product_cat","embeddable":true,"href":"https:\/\/pujadasgrill.com\/en\/wp-json\/wp\/v2\/product_cat?post=32677"},{"taxonomy":"product_tag","embeddable":true,"href":"https:\/\/pujadasgrill.com\/en\/wp-json\/wp\/v2\/product_tag?post=32677"}],"curies":[{"name":"wp","href":"https:\/\/api.w.org\/{rel}","templated":true}]}}