{"id":32780,"date":"2026-02-02T11:02:45","date_gmt":"2026-02-02T11:02:45","guid":{"rendered":"https:\/\/pujadasgrill.com\/?post_type=product&#038;p=32780"},"modified":"2026-02-02T11:02:46","modified_gmt":"2026-02-02T11:02:46","slug":"gn-container-special-grill-2","status":"publish","type":"product","link":"https:\/\/pujadasgrill.com\/en\/producto\/gn-container-special-grill-2\/","title":{"rendered":"GN container special grill"},"content":{"rendered":"","protected":false},"excerpt":{"rendered":"<p>Esta bandeja GN especial para Grill est\u00e1 dise\u00f1ada para soportar las condiciones m\u00e1s exigentes de la cocina profesional. Fabricada en aluminio fundido por gravedad, ofrece una excelente resistencia a altas temperaturas, siendo ideal para su uso en hornos de brasa y brasas abiertas. A pesar de su ligereza, cuenta con un grosor superior a 6 mm que garantiza una gran robustez y durabilidad. Su revestimiento cer\u00e1mico antiadherente de tres capas asegura una \u00f3ptima liberaci\u00f3n de los alimentos y un rendimiento fiable incluso en usos intensivos.<\/p>\n","protected":false},"featured_media":29556,"template":"","meta":{"_seopress_robots_primary_cat":"","inline_featured_image":false},"product_cat":[118],"product_tag":[1597],"class_list":["post-32780","product","type-product","status-publish","has-post-thumbnail","hentry","product_cat-furnishings","product_tag-new"],"_links":{"self":[{"href":"https:\/\/pujadasgrill.com\/en\/wp-json\/wp\/v2\/product\/32780"}],"collection":[{"href":"https:\/\/pujadasgrill.com\/en\/wp-json\/wp\/v2\/product"}],"about":[{"href":"https:\/\/pujadasgrill.com\/en\/wp-json\/wp\/v2\/types\/product"}],"wp:featuredmedia":[{"embeddable":true,"href":"https:\/\/pujadasgrill.com\/en\/wp-json\/wp\/v2\/media\/29556"}],"wp:attachment":[{"href":"https:\/\/pujadasgrill.com\/en\/wp-json\/wp\/v2\/media?parent=32780"}],"wp:term":[{"taxonomy":"product_cat","embeddable":true,"href":"https:\/\/pujadasgrill.com\/en\/wp-json\/wp\/v2\/product_cat?post=32780"},{"taxonomy":"product_tag","embeddable":true,"href":"https:\/\/pujadasgrill.com\/en\/wp-json\/wp\/v2\/product_tag?post=32780"}],"curies":[{"name":"wp","href":"https:\/\/api.w.org\/{rel}","templated":true}]}}