{"id":32784,"date":"2026-02-02T11:02:47","date_gmt":"2026-02-02T11:02:47","guid":{"rendered":"https:\/\/pujadasgrill.com\/?post_type=product&#038;p=32784"},"modified":"2026-02-02T11:02:48","modified_gmt":"2026-02-02T11:02:48","slug":"stainless-steel-tray-2","status":"publish","type":"product","link":"https:\/\/pujadasgrill.com\/en\/producto\/stainless-steel-tray-2\/","title":{"rendered":"Stainless steel tray\u00a0"},"content":{"rendered":"","protected":false},"excerpt":{"rendered":"<p>Fabricada en acero inoxidable de alta durabilidad, la llauna de Pujadas es ideal para cocinar y servir arroces y otras elaboraciones directamente desde el horno o la brasa. Su acabado mate vibrado aporta una est\u00e9tica elegante, mientras que el asa ancha garantiza un agarre seguro en uso profesional. Compatible con hornos de brasa, hornos convencionales y lavavajillas, ofrece una soluci\u00f3n vers\u00e1til, resistente y pensada para una presentaci\u00f3n cuidada en cocina profesional.<\/p>\n","protected":false},"featured_media":32522,"template":"","meta":{"_seopress_robots_primary_cat":"","inline_featured_image":false},"product_cat":[118],"product_tag":[],"class_list":["post-32784","product","type-product","status-publish","has-post-thumbnail","hentry","product_cat-furnishings"],"_links":{"self":[{"href":"https:\/\/pujadasgrill.com\/en\/wp-json\/wp\/v2\/product\/32784"}],"collection":[{"href":"https:\/\/pujadasgrill.com\/en\/wp-json\/wp\/v2\/product"}],"about":[{"href":"https:\/\/pujadasgrill.com\/en\/wp-json\/wp\/v2\/types\/product"}],"wp:featuredmedia":[{"embeddable":true,"href":"https:\/\/pujadasgrill.com\/en\/wp-json\/wp\/v2\/media\/32522"}],"wp:attachment":[{"href":"https:\/\/pujadasgrill.com\/en\/wp-json\/wp\/v2\/media?parent=32784"}],"wp:term":[{"taxonomy":"product_cat","embeddable":true,"href":"https:\/\/pujadasgrill.com\/en\/wp-json\/wp\/v2\/product_cat?post=32784"},{"taxonomy":"product_tag","embeddable":true,"href":"https:\/\/pujadasgrill.com\/en\/wp-json\/wp\/v2\/product_tag?post=32784"}],"curies":[{"name":"wp","href":"https:\/\/api.w.org\/{rel}","templated":true}]}}