{"id":32785,"date":"2026-02-02T11:02:47","date_gmt":"2026-02-02T11:02:47","guid":{"rendered":"https:\/\/pujadasgrill.com\/?post_type=product&#038;p=32785"},"modified":"2026-02-02T11:02:48","modified_gmt":"2026-02-02T11:02:48","slug":"rectangular-stainless-steel-tray-2","status":"publish","type":"product","link":"https:\/\/pujadasgrill.com\/en\/producto\/rectangular-stainless-steel-tray-2\/","title":{"rendered":"Rectangular stainless steel tray\u00a0"},"content":{"rendered":"","protected":false},"excerpt":{"rendered":"<p>Desde arroces hasta carnes, verduras o pescado, esta llauna de Pujadas permite cocinar una amplia variedad de elaboraciones con excelentes resultados. Fabricada en acero inoxidable 18\/10, ofrece una gran durabilidad y resistencia en uso profesional. Sus laterales rectos facilitan el agarre y evitan deslizamientos, convirti\u00e9ndola en una opci\u00f3n pr\u00e1ctica y fiable para cocinar y servir directamente desde el horno o la brasa con una presentaci\u00f3n cuidada.<\/p>\n","protected":false},"featured_media":29854,"template":"","meta":{"_seopress_robots_primary_cat":"","inline_featured_image":false},"product_cat":[118],"product_tag":[],"class_list":["post-32785","product","type-product","status-publish","has-post-thumbnail","hentry","product_cat-furnishings"],"_links":{"self":[{"href":"https:\/\/pujadasgrill.com\/en\/wp-json\/wp\/v2\/product\/32785"}],"collection":[{"href":"https:\/\/pujadasgrill.com\/en\/wp-json\/wp\/v2\/product"}],"about":[{"href":"https:\/\/pujadasgrill.com\/en\/wp-json\/wp\/v2\/types\/product"}],"wp:featuredmedia":[{"embeddable":true,"href":"https:\/\/pujadasgrill.com\/en\/wp-json\/wp\/v2\/media\/29854"}],"wp:attachment":[{"href":"https:\/\/pujadasgrill.com\/en\/wp-json\/wp\/v2\/media?parent=32785"}],"wp:term":[{"taxonomy":"product_cat","embeddable":true,"href":"https:\/\/pujadasgrill.com\/en\/wp-json\/wp\/v2\/product_cat?post=32785"},{"taxonomy":"product_tag","embeddable":true,"href":"https:\/\/pujadasgrill.com\/en\/wp-json\/wp\/v2\/product_tag?post=32785"}],"curies":[{"name":"wp","href":"https:\/\/api.w.org\/{rel}","templated":true}]}}