{"id":32787,"date":"2026-02-02T11:02:47","date_gmt":"2026-02-02T11:02:47","guid":{"rendered":"https:\/\/pujadasgrill.com\/?post_type=product&#038;p=32787"},"modified":"2026-02-02T11:02:48","modified_gmt":"2026-02-02T11:02:48","slug":"steel-expert-lyonnaise-frying-pan-4","status":"publish","type":"product","link":"https:\/\/pujadasgrill.com\/en\/producto\/steel-expert-lyonnaise-frying-pan-4\/","title":{"rendered":"Steel Expert lyonnaise frying pan"},"content":{"rendered":"","protected":false},"excerpt":{"rendered":"<p>Fr\u00ede, marca y saltea con la sart\u00e9n Steel Expert de Pujadas, una opci\u00f3n vers\u00e1til pensada para uso profesional. Fabricada en acero al carbono, ofrece excelentes propiedades t\u00e9rmicas y un antiadherente natural que mejora con el uso. Su base amplia y los laterales profundos y redondeados facilitan el deslizamiento de los alimentos al servir, mientras que el mango proporciona un agarre c\u00f3modo y los remaches garantizan una fijaci\u00f3n segura. Destaca tambi\u00e9n por su f\u00e1cil mantenimiento.<\/p>\n","protected":false},"featured_media":29806,"template":"","meta":{"_seopress_robots_primary_cat":"","inline_featured_image":false},"product_cat":[118],"product_tag":[],"class_list":["post-32787","product","type-product","status-publish","has-post-thumbnail","hentry","product_cat-furnishings"],"_links":{"self":[{"href":"https:\/\/pujadasgrill.com\/en\/wp-json\/wp\/v2\/product\/32787"}],"collection":[{"href":"https:\/\/pujadasgrill.com\/en\/wp-json\/wp\/v2\/product"}],"about":[{"href":"https:\/\/pujadasgrill.com\/en\/wp-json\/wp\/v2\/types\/product"}],"wp:featuredmedia":[{"embeddable":true,"href":"https:\/\/pujadasgrill.com\/en\/wp-json\/wp\/v2\/media\/29806"}],"wp:attachment":[{"href":"https:\/\/pujadasgrill.com\/en\/wp-json\/wp\/v2\/media?parent=32787"}],"wp:term":[{"taxonomy":"product_cat","embeddable":true,"href":"https:\/\/pujadasgrill.com\/en\/wp-json\/wp\/v2\/product_cat?post=32787"},{"taxonomy":"product_tag","embeddable":true,"href":"https:\/\/pujadasgrill.com\/en\/wp-json\/wp\/v2\/product_tag?post=32787"}],"curies":[{"name":"wp","href":"https:\/\/api.w.org\/{rel}","templated":true}]}}