{"id":32790,"date":"2026-02-02T11:02:47","date_gmt":"2026-02-02T11:02:47","guid":{"rendered":"https:\/\/pujadasgrill.com\/?post_type=product&#038;p=32790"},"modified":"2026-02-02T11:02:48","modified_gmt":"2026-02-02T11:02:48","slug":"base-de-corcho-ultra-compacto-3","status":"publish","type":"product","link":"https:\/\/pujadasgrill.com\/en\/producto\/base-de-corcho-ultra-compacto-3\/","title":{"rendered":"Base de corcho ultra compacto"},"content":{"rendered":"","protected":false},"excerpt":{"rendered":"<p>Cuando necesite servir directamente desde la llauna, esta base de corcho ultra compacto y resistente, Pujadas protege la mesa y mejora la presentaci\u00f3n. Ligera y con un excelente aislamiento t\u00e9rmico, evita la transmisi\u00f3n del calor a la superficie y eleva la elaboraci\u00f3n para una puesta en escena m\u00e1s atractiva. Su acabado neutro realza los alimentos como protagonistas. Compatible exclusivamente con las llaunas Pujadas.<\/p>\n","protected":false},"featured_media":32626,"template":"","meta":{"_seopress_robots_primary_cat":"","inline_featured_image":false},"product_cat":[118],"product_tag":[],"class_list":["post-32790","product","type-product","status-publish","has-post-thumbnail","hentry","product_cat-furnishings"],"_links":{"self":[{"href":"https:\/\/pujadasgrill.com\/en\/wp-json\/wp\/v2\/product\/32790"}],"collection":[{"href":"https:\/\/pujadasgrill.com\/en\/wp-json\/wp\/v2\/product"}],"about":[{"href":"https:\/\/pujadasgrill.com\/en\/wp-json\/wp\/v2\/types\/product"}],"wp:featuredmedia":[{"embeddable":true,"href":"https:\/\/pujadasgrill.com\/en\/wp-json\/wp\/v2\/media\/32626"}],"wp:attachment":[{"href":"https:\/\/pujadasgrill.com\/en\/wp-json\/wp\/v2\/media?parent=32790"}],"wp:term":[{"taxonomy":"product_cat","embeddable":true,"href":"https:\/\/pujadasgrill.com\/en\/wp-json\/wp\/v2\/product_cat?post=32790"},{"taxonomy":"product_tag","embeddable":true,"href":"https:\/\/pujadasgrill.com\/en\/wp-json\/wp\/v2\/product_tag?post=32790"}],"curies":[{"name":"wp","href":"https:\/\/api.w.org\/{rel}","templated":true}]}}