{"id":32791,"date":"2026-02-02T11:02:49","date_gmt":"2026-02-02T11:02:49","guid":{"rendered":"https:\/\/pujadasgrill.com\/?post_type=product&#038;p=32791"},"modified":"2026-02-02T11:02:50","modified_gmt":"2026-02-02T11:02:50","slug":"spanish-enamelled-paella-pan-2","status":"publish","type":"product","link":"https:\/\/pujadasgrill.com\/en\/producto\/spanish-enamelled-paella-pan-2\/","title":{"rendered":"Spanish Enamelled Paella Pan"},"content":{"rendered":"","protected":false},"excerpt":{"rendered":"<p>La paellera de acero esmaltado Pujadas ofrece una excelente durabilidad y un \u00f3ptimo rendimiento t\u00e9rmico, gracias a su recubrimiento esmaltado resistente a los \u00e1cidos que protege la superficie y facilita la limpieza. Su base amplia favorece una distribuci\u00f3n uniforme del calor, mientras que las asas robustas garantizan un agarre seguro en entornos profesionales. Apta para su uso en horno, fuego de le\u00f1a y quemadores de gas, es ideal para preparar paellas y otros platos tradicionales con resultados constantes.<\/p>\n","protected":false},"featured_media":29935,"template":"","meta":{"_seopress_robots_primary_cat":"","inline_featured_image":false},"product_cat":[118],"product_tag":[],"class_list":["post-32791","product","type-product","status-publish","has-post-thumbnail","hentry","product_cat-furnishings"],"_links":{"self":[{"href":"https:\/\/pujadasgrill.com\/en\/wp-json\/wp\/v2\/product\/32791"}],"collection":[{"href":"https:\/\/pujadasgrill.com\/en\/wp-json\/wp\/v2\/product"}],"about":[{"href":"https:\/\/pujadasgrill.com\/en\/wp-json\/wp\/v2\/types\/product"}],"wp:featuredmedia":[{"embeddable":true,"href":"https:\/\/pujadasgrill.com\/en\/wp-json\/wp\/v2\/media\/29935"}],"wp:attachment":[{"href":"https:\/\/pujadasgrill.com\/en\/wp-json\/wp\/v2\/media?parent=32791"}],"wp:term":[{"taxonomy":"product_cat","embeddable":true,"href":"https:\/\/pujadasgrill.com\/en\/wp-json\/wp\/v2\/product_cat?post=32791"},{"taxonomy":"product_tag","embeddable":true,"href":"https:\/\/pujadasgrill.com\/en\/wp-json\/wp\/v2\/product_tag?post=32791"}],"curies":[{"name":"wp","href":"https:\/\/api.w.org\/{rel}","templated":true}]}}