{"id":32792,"date":"2026-02-02T11:02:49","date_gmt":"2026-02-02T11:02:49","guid":{"rendered":"https:\/\/pujadasgrill.com\/?post_type=product&#038;p=32792"},"modified":"2026-02-02T11:02:50","modified_gmt":"2026-02-02T11:02:50","slug":"extra-thickness-spanish-paella-pan-2","status":"publish","type":"product","link":"https:\/\/pujadasgrill.com\/en\/producto\/extra-thickness-spanish-paella-pan-2\/","title":{"rendered":"Extra thickness Spanish Paella Pan"},"content":{"rendered":"","protected":false},"excerpt":{"rendered":"<p>Paellera profesional fabricada en acero pulido de espesor extra, dise\u00f1ada para ofrecer una resistencia superior y soportar altas temperaturas en cocinas exigentes. Su base amplia garantiza una distribuci\u00f3n uniforme del calor, ideal para preparar paellas tradicionales y recetas a la llama o inducci\u00f3n sin que los alimentos se peguen. Las asas negras ergon\u00f3micas proporcionan un agarre c\u00f3modo y seguro. Compatible con gas, vitrocer\u00e1mica e inducci\u00f3n, es una opci\u00f3n vers\u00e1til, duradera y pensada para un uso intensivo.<\/p>\n","protected":false},"featured_media":32630,"template":"","meta":{"_seopress_robots_primary_cat":"","inline_featured_image":false},"product_cat":[118],"product_tag":[],"class_list":["post-32792","product","type-product","status-publish","has-post-thumbnail","hentry","product_cat-furnishings"],"_links":{"self":[{"href":"https:\/\/pujadasgrill.com\/en\/wp-json\/wp\/v2\/product\/32792"}],"collection":[{"href":"https:\/\/pujadasgrill.com\/en\/wp-json\/wp\/v2\/product"}],"about":[{"href":"https:\/\/pujadasgrill.com\/en\/wp-json\/wp\/v2\/types\/product"}],"wp:featuredmedia":[{"embeddable":true,"href":"https:\/\/pujadasgrill.com\/en\/wp-json\/wp\/v2\/media\/32630"}],"wp:attachment":[{"href":"https:\/\/pujadasgrill.com\/en\/wp-json\/wp\/v2\/media?parent=32792"}],"wp:term":[{"taxonomy":"product_cat","embeddable":true,"href":"https:\/\/pujadasgrill.com\/en\/wp-json\/wp\/v2\/product_cat?post=32792"},{"taxonomy":"product_tag","embeddable":true,"href":"https:\/\/pujadasgrill.com\/en\/wp-json\/wp\/v2\/product_tag?post=32792"}],"curies":[{"name":"wp","href":"https:\/\/api.w.org\/{rel}","templated":true}]}}