{"id":32793,"date":"2026-02-02T11:02:49","date_gmt":"2026-02-02T11:02:49","guid":{"rendered":"https:\/\/pujadasgrill.com\/?post_type=product&#038;p=32793"},"modified":"2026-02-02T11:02:50","modified_gmt":"2026-02-02T11:02:50","slug":"deep-frying-pan-enameled-steel-2","status":"publish","type":"product","link":"https:\/\/pujadasgrill.com\/en\/producto\/deep-frying-pan-enameled-steel-2\/","title":{"rendered":"Deep frying pan enameled steel"},"content":{"rendered":"","protected":false},"excerpt":{"rendered":"<p>La paellera honda de acero esmaltado de Pujadas est\u00e1 dise\u00f1ada para ofrecer un alto rendimiento en cocinas profesionales. Su esmalte anti\u00e1cido garantiza resistencia frente a elaboraciones intensivas, mientras que su profundidad adicional permite cocinar mayores cantidades con una distribuci\u00f3n uniforme del calor. Es apta para horno, le\u00f1a y gas, convirti\u00e9ndose en una pieza vers\u00e1til para arroces melosos, guisos y recetas tradicionales. Su superficie esmaltada facilita la limpieza y mantiene su aspecto impecable durante m\u00e1s tiempo.<\/p>\n","protected":false},"featured_media":32634,"template":"","meta":{"_seopress_robots_primary_cat":"","inline_featured_image":false},"product_cat":[118],"product_tag":[],"class_list":["post-32793","product","type-product","status-publish","has-post-thumbnail","hentry","product_cat-furnishings"],"_links":{"self":[{"href":"https:\/\/pujadasgrill.com\/en\/wp-json\/wp\/v2\/product\/32793"}],"collection":[{"href":"https:\/\/pujadasgrill.com\/en\/wp-json\/wp\/v2\/product"}],"about":[{"href":"https:\/\/pujadasgrill.com\/en\/wp-json\/wp\/v2\/types\/product"}],"wp:featuredmedia":[{"embeddable":true,"href":"https:\/\/pujadasgrill.com\/en\/wp-json\/wp\/v2\/media\/32634"}],"wp:attachment":[{"href":"https:\/\/pujadasgrill.com\/en\/wp-json\/wp\/v2\/media?parent=32793"}],"wp:term":[{"taxonomy":"product_cat","embeddable":true,"href":"https:\/\/pujadasgrill.com\/en\/wp-json\/wp\/v2\/product_cat?post=32793"},{"taxonomy":"product_tag","embeddable":true,"href":"https:\/\/pujadasgrill.com\/en\/wp-json\/wp\/v2\/product_tag?post=32793"}],"curies":[{"name":"wp","href":"https:\/\/api.w.org\/{rel}","templated":true}]}}