{"id":12422,"date":"2021-02-04T09:04:07","date_gmt":"2021-02-04T09:04:07","guid":{"rendered":"https:\/\/www.pujadasgrill.com\/quienes-somos\/"},"modified":"2024-06-12T15:47:59","modified_gmt":"2024-06-12T15:47:59","slug":"a-propos-de-nous","status":"publish","type":"page","link":"https:\/\/pujadasgrill.com\/fr\/a-propos-de-nous\/","title":{"rendered":"\u00c0 PROPOS DE NOUS"},"content":{"rendered":"<p>[vc_row el_class=&#8221;whiteBg&#8221;][vc_column width=&#8221;1\/6&#8243; tablet_width=&#8221;hide&#8221; tablet_sm_width=&#8221;hide&#8221; mobile_width=&#8221;hide&#8221;][\/vc_column][vc_column width=&#8221;2\/3&#8243; tablet_width=&#8221;1&#8243; tablet_sm_width=&#8221;1&#8243; mobile_width=&#8221;1&#8243;][vc_empty_space]<div class=\"grve-element grve-image grve-align-center\" style=\"\"><img loading=\"lazy\" decoding=\"async\" width=\"755\" height=\"100\" src=\"https:\/\/pujadasgrill.com\/wp-content\/uploads\/2024\/06\/weMakeWeKnowWeGrillDot-1.svg\" class=\"attachment-full size-full\" alt=\"we make, we know, we grill.\" \/><\/div>[vc_column_text]Pujadas mise sur la gamme de fours \u00e0 braise pour prendre part aux derni\u00e8res tendances du march\u00e9 exigeant de l\u2019h\u00f4tellerie. Notre raison d\u2019\u00eatre en tant que fabricant nous pousse \u00e0 ouvrir cette nouvelle voie dans le monde du barbecue en proposant une gamme de fours et de barbecues con\u00e7us et fabriqu\u00e9s pour une utilisation professionnelle.<\/p>\n<p>Le restaurateur et l\u2019h\u00f4telier pourront profiter de cette nouvelle gamme de produits ainsi que de notre gamme d\u2019ustensiles de cuisine et de casseroles en mat\u00e9riaux moul\u00e9s tels que l\u2019aluminium et la fonte. Ces mat\u00e9riaux, adapt\u00e9s \u00e0 une utilisation dans des conditions de chaleur extr\u00eame, sont capables de cuire et de r\u00e9sister aux temp\u00e9ratures avec lesquelles un four \u00e0 charbon fonctionne, et ils conf\u00e8rent une saveur tr\u00e8s particuli\u00e8re aux aliments.[\/vc_column_text][vc_empty_space][\/vc_column][vc_column width=&#8221;1\/6&#8243; tablet_width=&#8221;hide&#8221; tablet_sm_width=&#8221;hide&#8221; mobile_width=&#8221;hide&#8221;][\/vc_column][\/vc_row][vc_row bg_type=&#8221;image&#8221; bg_image=&#8221;21822&#8243; bg_image_size=&#8221;full&#8221; equal_column_height=&#8221;equal-column&#8221; tablet_sm_visibility=&#8221;hide&#8221; mobile_visibility=&#8221;hide&#8221;][vc_column width=&#8221;1\/2&#8243;][vc_empty_space]<div class=\"grve-element grve-image grve-align-center\" style=\"\"><img loading=\"lazy\" decoding=\"async\" width=\"750\" height=\"125\" src=\"https:\/\/pujadasgrill.com\/wp-content\/uploads\/2024\/06\/weMake.svg\" class=\"attachment-full size-full\" alt=\"we make\" \/><\/div><h3 class=\"grve-element grve-title grve-align-left grve-h3 subTitlePage maxWidth80Right\" style=\"\"><span>Fabriqu\u00e9s par nous, fabriqu\u00e9s ici<\/span><\/h3>[vc_column_text el_class=&#8221;maxWidth80Right&#8221;]La production, la conception et la fabrication des fours et des grills ouverts, sont enti\u00e8rement r\u00e9alis\u00e9es dans nos nouvelles installations. Nous contr\u00f4lons l\u2019ensemble du processus de production afin que nos produits r\u00e9pondent largement aux attentes de nos clients : haute qualit\u00e9 et robustesse avec la garantie de Pujadas.<\/p>\n<p>De plus, en tant que sp\u00e9cialistes des ustensiles de cuisine professionnels, nous proposons \u00e0 nos clients une solution globale pour la cuisine au grill avec une large gamme d\u2019accessoires, de compl\u00e9ments et d\u2019ustensiles de cuisine au grill pour la cuisson et la pr\u00e9sentation.[\/vc_column_text][vc_empty_space][\/vc_column][vc_column width=&#8221;1\/2&#8243;][vc_empty_space][\/vc_column][\/vc_row][vc_row equal_column_height=&#8221;equal-column&#8221; desktop_visibility=&#8221;hide&#8221; tablet_visibility=&#8221;hide&#8221;][vc_column]<div class=\"grve-element grve-image grve-align-center\" style=\"\"><img loading=\"lazy\" decoding=\"async\" width=\"952\" height=\"553\" src=\"https:\/\/pujadasgrill.com\/wp-content\/uploads\/2024\/05\/about_01.jpg\" class=\"grve-full-image attachment-full size-full\" alt=\"\" srcset=\"https:\/\/pujadasgrill.com\/wp-content\/uploads\/2024\/05\/about_01.jpg 952w, https:\/\/pujadasgrill.com\/wp-content\/uploads\/2024\/05\/about_01-300x174.jpg 300w, https:\/\/pujadasgrill.com\/wp-content\/uploads\/2024\/05\/about_01-768x446.jpg 768w, https:\/\/pujadasgrill.com\/wp-content\/uploads\/2024\/05\/about_01-600x349.jpg 600w\" sizes=\"(max-width: 952px) 100vw, 952px\" \/><\/div><div class=\"grve-element grve-image grve-align-center\" style=\"\"><img loading=\"lazy\" decoding=\"async\" width=\"750\" height=\"125\" src=\"https:\/\/pujadasgrill.com\/wp-content\/uploads\/2024\/06\/weMake.svg\" class=\"attachment-full size-full\" alt=\"we make\" \/><\/div><h3 class=\"grve-element grve-title grve-align-right grve-h3 subTitlePage\" style=\"\"><span>Fabriqu\u00e9s par nous, fabriqu\u00e9s ici<\/span><\/h3>[vc_column_text el_class=&#8221;maxWidth80Right&#8221;]La production, la conception et la fabrication des fours et des grills ouverts, sont enti\u00e8rement r\u00e9alis\u00e9es dans nos nouvelles installations. Nous contr\u00f4lons l\u2019ensemble du processus de production afin que nos produits r\u00e9pondent largement aux attentes de nos clients : haute qualit\u00e9 et robustesse avec la garantie de Pujadas.<\/p>\n<p>De plus, en tant que sp\u00e9cialistes des ustensiles de cuisine professionnels, nous proposons \u00e0 nos clients une solution globale pour la cuisine au grill avec une large gamme d\u2019accessoires, de compl\u00e9ments et d\u2019ustensiles de cuisine au grill pour la cuisson et la pr\u00e9sentation.[\/vc_column_text][\/vc_column][\/vc_row][vc_row bg_type=&#8221;image&#8221; bg_image=&#8221;21826&#8243; bg_image_size=&#8221;full&#8221; equal_column_height=&#8221;equal-column&#8221; tablet_sm_visibility=&#8221;hide&#8221; mobile_visibility=&#8221;hide&#8221;][vc_column width=&#8221;1\/2&#8243; css=&#8221;.vc_custom_1717597733836{background-position: center !important;background-repeat: no-repeat !important;background-size: cover !important;}&#8221;][vc_empty_space][\/vc_column][vc_column width=&#8221;1\/2&#8243;][vc_empty_space]<div class=\"grve-element grve-image grve-align-center\" style=\"\"><img loading=\"lazy\" decoding=\"async\" width=\"725\" height=\"255\" src=\"https:\/\/pujadasgrill.com\/wp-content\/uploads\/2024\/06\/weKnowHow.svg\" class=\"attachment-full size-full\" alt=\"\" \/><\/div><h3 class=\"grve-element grve-title grve-align-left grve-h3 subTitlePage maxWidth80Right\" style=\"\"><span>L\u2019\u00e2me des fabricants aux mains centenaires<\/span><\/h3>[vc_column_text el_class=&#8221;maxWidth80Right&#8221;]Forts des connaissances acquises apr\u00e8s plus de 100 ans d&#8217;exp\u00e9rience en tant que fabricant d&#8217;ustensiles de cuisine professionnels, nous valorisons la cuisine grill\u00e9e avec des produits synonymes de haute qualit\u00e9 et de robustesse.[\/vc_column_text][vc_empty_space][\/vc_column][\/vc_row][vc_row equal_column_height=&#8221;equal-column&#8221; desktop_visibility=&#8221;hide&#8221; tablet_visibility=&#8221;hide&#8221;][vc_column]<div class=\"grve-element grve-image grve-align-center\" style=\"\"><img loading=\"lazy\" decoding=\"async\" width=\"952\" height=\"553\" src=\"https:\/\/pujadasgrill.com\/wp-content\/uploads\/2024\/05\/about_02.jpg\" class=\"grve-full-image attachment-full size-full\" alt=\"\" srcset=\"https:\/\/pujadasgrill.com\/wp-content\/uploads\/2024\/05\/about_02.jpg 952w, https:\/\/pujadasgrill.com\/wp-content\/uploads\/2024\/05\/about_02-300x174.jpg 300w, https:\/\/pujadasgrill.com\/wp-content\/uploads\/2024\/05\/about_02-768x446.jpg 768w, https:\/\/pujadasgrill.com\/wp-content\/uploads\/2024\/05\/about_02-600x349.jpg 600w\" sizes=\"(max-width: 952px) 100vw, 952px\" \/><\/div><div class=\"grve-element grve-image grve-align-center\" style=\"\"><img loading=\"lazy\" decoding=\"async\" width=\"725\" height=\"255\" src=\"https:\/\/pujadasgrill.com\/wp-content\/uploads\/2024\/06\/weKnowHow.svg\" class=\"attachment-full size-full\" alt=\"\" \/><\/div><h3 class=\"grve-element grve-title grve-align-center grve-h3 subTitlePage\" style=\"\"><span>L\u2019\u00e2me des fabricants aux mains centenaires<\/span><\/h3>[vc_column_text]Forts des connaissances acquises apr\u00e8s plus de 100 ans d&#8217;exp\u00e9rience en tant que fabricant d&#8217;ustensiles de cuisine professionnels, nous valorisons la cuisine grill\u00e9e avec des produits synonymes de haute qualit\u00e9 et de robustesse.[\/vc_column_text][\/vc_column][\/vc_row][vc_row bg_type=&#8221;image&#8221; bg_image=&#8221;21829&#8243; equal_column_height=&#8221;equal-column&#8221; tablet_sm_visibility=&#8221;hide&#8221; mobile_visibility=&#8221;hide&#8221;][vc_column width=&#8221;1\/2&#8243;][vc_empty_space]<div class=\"grve-element grve-image grve-align-center\" style=\"\"><img loading=\"lazy\" decoding=\"async\" width=\"590\" height=\"176\" src=\"https:\/\/pujadasgrill.com\/wp-content\/uploads\/2024\/06\/weGrill.svg\" class=\"attachment-full size-full\" alt=\"we grill\" \/><\/div><h3 class=\"grve-element grve-title grve-align-left grve-h3 subTitlePage maxWidth80Right\" style=\"\"><span>Passion d'offrir tout ce dont un chef a besoin pour cuisiner des grillades<\/span><\/h3>[vc_column_text el_class=&#8221;maxWidth80Right&#8221;]La cuisine grill\u00e9e est n\u00e9e de la passion pour cette saveur unique et incomparable que seul le grill peut offrir. Et avec cette m\u00eame passion, nous avons cr\u00e9\u00e9 Pujadas Grill, offrant tout ce dont un chef a besoin pour transformer une id\u00e9e en la meilleure exp\u00e9rience culinaire.[\/vc_column_text][vc_empty_space][\/vc_column][vc_column width=&#8221;1\/2&#8243; css=&#8221;.vc_custom_1717597827503{background-position: center !important;background-repeat: no-repeat !important;background-size: cover !important;}&#8221;][vc_empty_space][\/vc_column][\/vc_row][vc_row equal_column_height=&#8221;equal-column&#8221; desktop_visibility=&#8221;hide&#8221; tablet_visibility=&#8221;hide&#8221;][vc_column]<div class=\"grve-element grve-image grve-align-center\" style=\"\"><img loading=\"lazy\" decoding=\"async\" width=\"2560\" height=\"1972\" src=\"https:\/\/pujadasgrill.com\/wp-content\/uploads\/2024\/06\/fabrica-pujadas-0703-OK-scaled.jpg\" class=\"grve-full-image attachment-full size-full\" alt=\"\" srcset=\"https:\/\/pujadasgrill.com\/wp-content\/uploads\/2024\/06\/fabrica-pujadas-0703-OK-scaled.jpg 2560w, https:\/\/pujadasgrill.com\/wp-content\/uploads\/2024\/06\/fabrica-pujadas-0703-OK-300x231.jpg 300w, https:\/\/pujadasgrill.com\/wp-content\/uploads\/2024\/06\/fabrica-pujadas-0703-OK-1024x789.jpg 1024w, https:\/\/pujadasgrill.com\/wp-content\/uploads\/2024\/06\/fabrica-pujadas-0703-OK-768x591.jpg 768w, https:\/\/pujadasgrill.com\/wp-content\/uploads\/2024\/06\/fabrica-pujadas-0703-OK-1536x1183.jpg 1536w, https:\/\/pujadasgrill.com\/wp-content\/uploads\/2024\/06\/fabrica-pujadas-0703-OK-1920x1479.jpg 1920w, https:\/\/pujadasgrill.com\/wp-content\/uploads\/2024\/06\/fabrica-pujadas-0703-OK-600x462.jpg 600w\" sizes=\"(max-width: 2560px) 100vw, 2560px\" \/><\/div><div class=\"grve-element grve-image grve-align-center\" style=\"\"><img loading=\"lazy\" decoding=\"async\" width=\"590\" height=\"176\" src=\"https:\/\/pujadasgrill.com\/wp-content\/uploads\/2024\/06\/weGrill.svg\" class=\"attachment-full size-full\" alt=\"we grill\" \/><\/div><h3 class=\"grve-element grve-title grve-align-left grve-h3 subTitlePage maxWidth80Right\" style=\"\"><span>Passion d'offrir tout ce dont un chef a besoin pour cuisiner des grillades<\/span><\/h3>[vc_column_text]La cuisine grill\u00e9e est n\u00e9e de la passion pour cette saveur unique et incomparable que seul le grill peut offrir. Et avec cette m\u00eame passion, nous avons cr\u00e9\u00e9 Pujadas Grill, offrant tout ce dont un chef a besoin pour transformer une id\u00e9e en la meilleure exp\u00e9rience culinaire.[\/vc_column_text][\/vc_column][\/vc_row][vc_row][vc_column][vc_empty_space]<div class=\"grve-element grve-image grve-align-center\" style=\"\"><img loading=\"lazy\" decoding=\"async\" width=\"500\" height=\"190\" src=\"https:\/\/pujadasgrill.com\/wp-content\/uploads\/2024\/06\/weGrillDot-1.svg\" class=\"attachment-full size-full\" alt=\"we grill\" \/><\/div>[vc_empty_space][\/vc_column][\/vc_row]<\/p>\n","protected":false},"excerpt":{"rendered":"<p>[vc_row el_class=&#8221;whiteBg&#8221;][vc_column width=&#8221;1\/6&#8243; tablet_width=&#8221;hide&#8221; tablet_sm_width=&#8221;hide&#8221; mobile_width=&#8221;hide&#8221;][\/vc_column][vc_column width=&#8221;2\/3&#8243; tablet_width=&#8221;1&#8243; tablet_sm_width=&#8221;1&#8243; mobile_width=&#8221;1&#8243;][vc_empty_space][vc_column_text]Pujadas mise sur la gamme de fours \u00e0 braise pour prendre part aux derni\u00e8res tendances du march\u00e9 exigeant de l\u2019h\u00f4tellerie. Notre raison d\u2019\u00eatre en tant que fabricant nous pousse \u00e0 ouvrir cette nouvelle voie dans le monde du barbecue en proposant une gamme de fours et [&hellip;]<\/p>\n","protected":false},"author":1,"featured_media":20319,"parent":0,"menu_order":0,"comment_status":"closed","ping_status":"closed","template":"","meta":{"_seopress_robots_primary_cat":"","inline_featured_image":false,"footnotes":""},"class_list":["post-12422","page","type-page","status-publish","has-post-thumbnail","hentry"],"_links":{"self":[{"href":"https:\/\/pujadasgrill.com\/fr\/wp-json\/wp\/v2\/pages\/12422"}],"collection":[{"href":"https:\/\/pujadasgrill.com\/fr\/wp-json\/wp\/v2\/pages"}],"about":[{"href":"https:\/\/pujadasgrill.com\/fr\/wp-json\/wp\/v2\/types\/page"}],"author":[{"embeddable":true,"href":"https:\/\/pujadasgrill.com\/fr\/wp-json\/wp\/v2\/users\/1"}],"replies":[{"embeddable":true,"href":"https:\/\/pujadasgrill.com\/fr\/wp-json\/wp\/v2\/comments?post=12422"}],"version-history":[{"count":12,"href":"https:\/\/pujadasgrill.com\/fr\/wp-json\/wp\/v2\/pages\/12422\/revisions"}],"predecessor-version":[{"id":23902,"href":"https:\/\/pujadasgrill.com\/fr\/wp-json\/wp\/v2\/pages\/12422\/revisions\/23902"}],"wp:featuredmedia":[{"embeddable":true,"href":"https:\/\/pujadasgrill.com\/fr\/wp-json\/wp\/v2\/media\/20319"}],"wp:attachment":[{"href":"https:\/\/pujadasgrill.com\/fr\/wp-json\/wp\/v2\/media?parent=12422"}],"curies":[{"name":"wp","href":"https:\/\/api.w.org\/{rel}","templated":true}]}}