{"id":12452,"date":"2021-02-04T09:57:30","date_gmt":"2021-02-04T09:57:30","guid":{"rendered":"https:\/\/www.pujadasgrill.com\/la-cuisine-a-la-braise\/"},"modified":"2024-07-29T06:43:25","modified_gmt":"2024-07-29T06:43:25","slug":"la-cuisine-a-la-braise","status":"publish","type":"page","link":"https:\/\/pujadasgrill.com\/fr\/la-cuisine-a-la-braise\/","title":{"rendered":"La cuisine \u00e0 la braise"},"content":{"rendered":"<p>[vc_row el_class=&#8221;whiteBg&#8221; padding_bottom=&#8221;0&#8243;][vc_column width=&#8221;1\/6&#8243;][\/vc_column][vc_column width=&#8221;2\/3&#8243;][vc_empty_space]<h2 class=\"grve-element grve-title grve-align-center grve-h2 titlePage\" style=\"\"><span>La cuisine \u00e0 la braise<\/span><\/h2><h3 class=\"grve-element grve-title grve-align-center grve-h3 subTitlePage\" style=\"\"><span>Un go\u00fbt authentique<\/span><\/h3>[vc_column_text]La cuisson \u00e0 la braise, d\u2019origine mill\u00e9naire, \u00e0 l\u2019aide d\u2019un grille ferm\u00e9 repr\u00e9sente l\u2019alliance de la tradition et de la modernit\u00e9 dans la cuisine contemporaine.[\/vc_column_text][vc_empty_space][\/vc_column][vc_column width=&#8221;1\/6&#8243;][\/vc_column][\/vc_row][vc_row heading_color=&#8221;primary-1&#8243; equal_column_height=&#8221;middle-content&#8221;][vc_column width=&#8221;1\/2&#8243; tablet_sm_width=&#8221;1&#8243; css=&#8221;.vc_custom_1722235399290{background-image: url(https:\/\/pujadasgrill.com\/wp-content\/uploads\/2024\/06\/peix_forn.jpg?id=23299) !important;background-position: center !important;background-repeat: no-repeat !important;background-size: cover !important;}&#8221;][vc_empty_space height=&#8221;400&#8243;][\/vc_column][vc_column width=&#8221;1\/2&#8243; tablet_sm_width=&#8221;1&#8243; css=&#8221;.vc_custom_1446728314363{padding-right: 8% !important;padding-left: 8% !important;}&#8221;][vc_empty_space height=&#8221;150&#8243;][vc_column_text css=&#8221;.vc_custom_1717068275382{margin-bottom: 0px !important;}&#8221;]<strong>Pourquoi le go\u00fbt de la cuisine au barbecue est-il si authentique?<\/strong><\/p>\n<p><span style=\"font-weight: 400;\">La cuisson au grill est la seule qui permet au jus de l\u2019aliment de p\u00e9n\u00e9trer les braises chaudes, ce qui le convertit en particules aromatiques qui enveloppent l\u2019aliment de fum\u00e9e. Cette saveur brais\u00e9e typique va impr\u00e9gner les viandes, poissons, fruits de mer, l\u00e9gumes, riz, pizzas, desserts et p\u00e2tisseries, et bien plus encore.<\/span>[\/vc_column_text][vc_empty_space height=&#8221;100&#8243;][\/vc_column][\/vc_row][vc_row heading_color=&#8221;primary-1&#8243; section_type=&#8221;fullwidth&#8221; equal_column_height=&#8221;middle-content&#8221; font_color=&#8221;rgba(255,255,255,0.8)&#8221; margin_bottom=&#8221;0&#8243;][vc_column tablet_sm_width=&#8221;1&#8243; css=&#8221;.vc_custom_1717070047324{background-position: center !important;background-repeat: no-repeat !important;background-size: cover !important;}&#8221;][vc_empty_space height=&#8221;20&#8243;][\/vc_column][\/vc_row][vc_row section_type=&#8221;fullwidth&#8221; bg_type=&#8221;image&#8221; bg_image=&#8221;21843&#8243; el_class=&#8221;bannerFooter&#8221;][vc_column]<div class=\"grve-element grve-image grve-align-center\" style=\"\"><img loading=\"lazy\" decoding=\"async\" width=\"756\" height=\"85\" src=\"https:\/\/pujadasgrill.com\/wp-content\/uploads\/2024\/06\/wemakeweKnowWeGrillDotWhite.svg\" class=\"attachment-full size-full\" alt=\"\" \/><\/div>[\/vc_column][\/vc_row]<\/p>\n","protected":false},"excerpt":{"rendered":"<p>[vc_row el_class=&#8221;whiteBg&#8221; padding_bottom=&#8221;0&#8243;][vc_column width=&#8221;1\/6&#8243;][\/vc_column][vc_column width=&#8221;2\/3&#8243;][vc_empty_space][vc_column_text]La cuisson \u00e0 la braise, d\u2019origine mill\u00e9naire, \u00e0 l\u2019aide d\u2019un grille ferm\u00e9 repr\u00e9sente l\u2019alliance de la tradition et de la modernit\u00e9 dans la cuisine contemporaine.[\/vc_column_text][vc_empty_space][\/vc_column][vc_column width=&#8221;1\/6&#8243;][\/vc_column][\/vc_row][vc_row heading_color=&#8221;primary-1&#8243; equal_column_height=&#8221;middle-content&#8221;][vc_column width=&#8221;1\/2&#8243; tablet_sm_width=&#8221;1&#8243; css=&#8221;.vc_custom_1722235399290{background-image: url(https:\/\/pujadasgrill.com\/wp-content\/uploads\/2024\/06\/peix_forn.jpg?id=23299) !important;background-position: center !important;background-repeat: no-repeat !important;background-size: cover !important;}&#8221;][vc_empty_space height=&#8221;400&#8243;][\/vc_column][vc_column width=&#8221;1\/2&#8243; tablet_sm_width=&#8221;1&#8243; css=&#8221;.vc_custom_1446728314363{padding-right: 8% !important;padding-left: 8% !important;}&#8221;][vc_empty_space height=&#8221;150&#8243;][vc_column_text css=&#8221;.vc_custom_1717068275382{margin-bottom: 0px !important;}&#8221;]Pourquoi [&hellip;]<\/p>\n","protected":false},"author":1,"featured_media":18275,"parent":0,"menu_order":0,"comment_status":"closed","ping_status":"closed","template":"","meta":{"_seopress_robots_primary_cat":"","inline_featured_image":false,"footnotes":""},"class_list":["post-12452","page","type-page","status-publish","has-post-thumbnail","hentry"],"_links":{"self":[{"href":"https:\/\/pujadasgrill.com\/fr\/wp-json\/wp\/v2\/pages\/12452"}],"collection":[{"href":"https:\/\/pujadasgrill.com\/fr\/wp-json\/wp\/v2\/pages"}],"about":[{"href":"https:\/\/pujadasgrill.com\/fr\/wp-json\/wp\/v2\/types\/page"}],"author":[{"embeddable":true,"href":"https:\/\/pujadasgrill.com\/fr\/wp-json\/wp\/v2\/users\/1"}],"replies":[{"embeddable":true,"href":"https:\/\/pujadasgrill.com\/fr\/wp-json\/wp\/v2\/comments?post=12452"}],"version-history":[{"count":6,"href":"https:\/\/pujadasgrill.com\/fr\/wp-json\/wp\/v2\/pages\/12452\/revisions"}],"predecessor-version":[{"id":28056,"href":"https:\/\/pujadasgrill.com\/fr\/wp-json\/wp\/v2\/pages\/12452\/revisions\/28056"}],"wp:featuredmedia":[{"embeddable":true,"href":"https:\/\/pujadasgrill.com\/fr\/wp-json\/wp\/v2\/media\/18275"}],"wp:attachment":[{"href":"https:\/\/pujadasgrill.com\/fr\/wp-json\/wp\/v2\/media?parent=12452"}],"curies":[{"name":"wp","href":"https:\/\/api.w.org\/{rel}","templated":true}]}}