{"id":12488,"date":"2021-02-04T10:27:19","date_gmt":"2021-02-04T10:27:19","guid":{"rendered":"https:\/\/www.pujadasgrill.com\/quest-ce-quun-gril-ferme\/"},"modified":"2024-06-17T08:36:00","modified_gmt":"2024-06-17T08:36:00","slug":"quest-ce-quun-gril-ferme","status":"publish","type":"page","link":"https:\/\/pujadasgrill.com\/fr\/quest-ce-quun-gril-ferme\/","title":{"rendered":"Fours \u00e0 braise"},"content":{"rendered":"<p>[vc_row el_class=&#8221;whiteBg&#8221;][vc_column width=&#8221;1\/6&#8243;][\/vc_column][vc_column width=&#8221;2\/3&#8243;][vc_empty_space]<h2 class=\"grve-element grve-title grve-align-center grve-h2 titlePage\" style=\"\"><span>Qu'est-ce qu'un four \u00e0 braise<\/span><\/h2><h3 class=\"grve-element grve-title grve-align-center grve-h3 subTitlePage\" style=\"\"><span>Conna\u00eetre ses avantages<\/span><\/h3>[vc_column_text]Les grils ferm\u00e9s nous offrent la possibilit\u00e9 de cuire les aliments dans un espace clos. En contr\u00f4lant le flux d\u2019air d\u2019entr\u00e9e dans le four, nous pouvons surveiller la temp\u00e9rature de cuisson ainsi que la concentration de fum\u00e9e \u00e0 l\u2019int\u00e9rieur, ce qui nous permet de ma\u00eetriser le fumage des aliments pour leurs donner cette saveur si caract\u00e9ristique.[\/vc_column_text][vc_empty_space][vc_empty_space][\/vc_column][vc_column width=&#8221;1\/6&#8243;][\/vc_column][\/vc_row][vc_row padding_top=&#8221;50px&#8221; padding_bottom=&#8221;20px&#8221; margin_bottom=&#8221;0&#8243;][vc_column]\n\t\t\t<!-- START Grill_FRA REVOLUTION SLIDER 6.2.23 --><p class=\"rs-p-wp-fix\"><\/p>\n\t\t\t<rs-module-wrap id=\"rev_slider_21_1_wrapper\" data-source=\"gallery\" style=\"background:transparent;padding:0;margin:0px auto;margin-top:0;margin-bottom:0;\">\n\t\t\t\t<rs-module id=\"rev_slider_21_1\" style=\"\" data-version=\"6.2.23\">\n\t\t\t\t\t<rs-slides>\n\t\t\t\t\t\t<rs-slide data-key=\"rs-49\" data-title=\"Slide\" data-anim=\"ei:d;eo:d;s:1000;r:0;t:fade;sl:0;\">\n\t\t\t\t\t\t\t<img decoding=\"async\" src=\"\/\/pujadasgrill.com\/wp-content\/plugins\/revslider\/public\/assets\/assets\/transparent.png\" alt=\"Slide\" title=\"Fours \u00e0 braise\" data-parallax=\"off\" class=\"rev-slidebg\" data-no-retina>\n<!--\n\t\t\t\t\t\t\t--><rs-layer\n\t\t\t\t\t\t\t\tid=\"slider-21-slide-49-layer-0\" \n\t\t\t\t\t\t\t\tdata-type=\"image\"\n\t\t\t\t\t\t\t\tdata-rsp_ch=\"on\"\n\t\t\t\t\t\t\t\tdata-xy=\"x:c;y:c;yo:20px;\"\n\t\t\t\t\t\t\t\tdata-text=\"w:normal;\"\n\t\t\t\t\t\t\t\tdata-dim=\"w:800px;h:797px;\"\n\t\t\t\t\t\t\t\tdata-sba=\"t:true;so:0ms\"\n\t\t\t\t\t\t\t\tdata-frame_0=\"sX:2;sY:2;\"\n\t\t\t\t\t\t\t\tdata-frame_0_mask=\"u:t;\"\n\t\t\t\t\t\t\t\tdata-frame_1=\"e:power2.out;sp:1000;sR:30;\"\n\t\t\t\t\t\t\t\tdata-frame_1_mask=\"u:t;\"\n\t\t\t\t\t\t\t\tdata-frame_999=\"o:0;st:w;sR:8000;\"\n\t\t\t\t\t\t\t\tstyle=\"z-index:8;\"\n\t\t\t\t\t\t\t><img loading=\"lazy\" decoding=\"async\" src=\"\/\/www.pujadasgrill.com\/wp-content\/uploads\/2023\/10\/grill_base.png\" width=\"800\" height=\"797\" data-no-retina> \n\t\t\t\t\t\t\t<\/rs-layer><!--\n\n\t\t\t\t\t\t\t--><rs-layer\n\t\t\t\t\t\t\t\tid=\"slider-21-slide-49-layer-2\" \n\t\t\t\t\t\t\t\tdata-type=\"image\"\n\t\t\t\t\t\t\t\tdata-rsp_ch=\"on\"\n\t\t\t\t\t\t\t\tdata-xy=\"x:c;xo:22px;y:c;yo:20px;\"\n\t\t\t\t\t\t\t\tdata-text=\"w:normal;\"\n\t\t\t\t\t\t\t\tdata-dim=\"w:1337px;h:800px;\"\n\t\t\t\t\t\t\t\tdata-sba=\"t:true;\"\n\t\t\t\t\t\t\t\tdata-frame_0=\"sX:0.9;sY:0.9;\"\n\t\t\t\t\t\t\t\tdata-frame_1=\"e:power2.inOut;st:1310;sp:700;sR:1310;\"\n\t\t\t\t\t\t\t\tdata-frame_999=\"o:0;st:w;sR:6990;\"\n\t\t\t\t\t\t\t\tstyle=\"z-index:10;\"\n\t\t\t\t\t\t\t><img loading=\"lazy\" decoding=\"async\" src=\"\/\/www.pujadasgrill.com\/wp-content\/uploads\/2023\/10\/grill_fra16-1.png\" width=\"1337\" height=\"800\" data-no-retina> \n\t\t\t\t\t\t\t<\/rs-layer><!--\n\n\t\t\t\t\t\t\t--><rs-layer\n\t\t\t\t\t\t\t\tid=\"slider-21-slide-49-layer-3\" \n\t\t\t\t\t\t\t\tdata-type=\"image\"\n\t\t\t\t\t\t\t\tdata-rsp_ch=\"on\"\n\t\t\t\t\t\t\t\tdata-xy=\"x:c;y:c;yo:20px;\"\n\t\t\t\t\t\t\t\tdata-text=\"w:normal;\"\n\t\t\t\t\t\t\t\tdata-dim=\"w:800px;h:797px;\"\n\t\t\t\t\t\t\t\tdata-sba=\"t:true;\"\n\t\t\t\t\t\t\t\tdata-frame_0=\"sX:0.9;sY:0.9;\"\n\t\t\t\t\t\t\t\tdata-frame_1=\"st:590;sp:860;sR:590;\"\n\t\t\t\t\t\t\t\tdata-frame_999=\"o:0;st:w;sR:7550;\"\n\t\t\t\t\t\t\t\tstyle=\"z-index:9;\"\n\t\t\t\t\t\t\t><img loading=\"lazy\" decoding=\"async\" src=\"\/\/www.pujadasgrill.com\/wp-content\/uploads\/2023\/10\/grill_base_lines.png\" width=\"800\" height=\"797\" data-no-retina> \n\t\t\t\t\t\t\t<\/rs-layer><!--\n-->\t\t\t\t\t\t<\/rs-slide>\n\t\t\t\t\t<\/rs-slides>\n\t\t\t\t<\/rs-module>\n\t\t\t\t<script type=\"text\/javascript\">\n\t\t\t\t\tsetREVStartSize({c: 'rev_slider_21_1',rl:[1240,1024,778,480],el:[900],gw:[1240],gh:[900],type:'standard',justify:'',layout:'fullwidth',mh:\"0\"});\n\t\t\t\t\tvar\trevapi21,\n\t\t\t\t\t\ttpj;\n\t\t\t\t\tfunction revinit_revslider211() {\n\t\t\t\t\tjQuery(function() {\n\t\t\t\t\t\ttpj = jQuery;\n\t\t\t\t\t\trevapi21 = tpj(\"#rev_slider_21_1\");\n\t\t\t\t\t\tif(revapi21==undefined || revapi21.revolution == undefined){\n\t\t\t\t\t\t\trevslider_showDoubleJqueryError(\"rev_slider_21_1\");\n\t\t\t\t\t\t}else{\n\t\t\t\t\t\t\trevapi21.revolution({\n\t\t\t\t\t\t\t\tsliderLayout:\"fullwidth\",\n\t\t\t\t\t\t\t\tvisibilityLevels:\"1240,1024,778,480\",\n\t\t\t\t\t\t\t\tgridwidth:1240,\n\t\t\t\t\t\t\t\tgridheight:900,\n\t\t\t\t\t\t\t\tspinner:\"spinner0\",\n\t\t\t\t\t\t\t\tperspective:600,\n\t\t\t\t\t\t\t\tperspectiveType:\"global\",\n\t\t\t\t\t\t\t\teditorheight:\"900,768,960,720\",\n\t\t\t\t\t\t\t\tresponsiveLevels:\"1240,1024,778,480\",\n\t\t\t\t\t\t\t\tprogressBar:{disableProgressBar:true},\n\t\t\t\t\t\t\t\tnavigation: {\n\t\t\t\t\t\t\t\t\tonHoverStop:false\n\t\t\t\t\t\t\t\t},\n\t\t\t\t\t\t\t\tparallax: {\n\t\t\t\t\t\t\t\t\tlevels:[5,10,15,20,25,30,35,40,45,46,47,48,49,50,51,30],\n\t\t\t\t\t\t\t\t\ttype:\"scroll\",\n\t\t\t\t\t\t\t\t\torigo:\"slidercenter\",\n\t\t\t\t\t\t\t\t\tspeed:0\n\t\t\t\t\t\t\t\t},\n\t\t\t\t\t\t\t\tsbtimeline: {\n\t\t\t\t\t\t\t\t\tset:true,\n\t\t\t\t\t\t\t\t\tease:\"default\",\n\t\t\t\t\t\t\t\t\tspeed:\"0ms\",\n\t\t\t\t\t\t\t\t\tfixed:true,\n\t\t\t\t\t\t\t\t\tfixStart:\"1ms\",\n\t\t\t\t\t\t\t\t\tfixEnd:2010\n\t\t\t\t\t\t\t\t},\n\t\t\t\t\t\t\t\tfallbacks: {\n\t\t\t\t\t\t\t\t\tallowHTML5AutoPlayOnAndroid:true\n\t\t\t\t\t\t\t\t},\n\t\t\t\t\t\t\t});\n\t\t\t\t\t\t}\n\t\t\t\t\t\t\n\t\t\t\t\t});\n\t\t\t\t\t} \/\/ End of RevInitScript\n\t\t\t\tvar once_revslider211 = false;\n\t\t\t\tif (document.readyState === \"loading\") {document.addEventListener('readystatechange',function() { if((document.readyState === \"interactive\" || document.readyState === \"complete\") && !once_revslider211 ) { once_revslider211 = true; revinit_revslider211();}});} else {once_revslider211 = true; revinit_revslider211();}\n\t\t\t\t<\/script>\n\t\t\t<\/rs-module-wrap>\n\t\t\t<!-- END REVOLUTION SLIDER -->\n[\/vc_column][vc_column][vc_empty_space height=&#8221;20px&#8221;][\/vc_column][\/vc_row][vc_row padding_top=&#8221;40px&#8221; padding_bottom=&#8221;40px&#8221; margin_bottom=&#8221;0&#8243;][vc_column width=&#8221;1\/2&#8243;][vc_column_text]<\/p>\n<ul>\n<li>Plus de puissance et d\u2019efficacit\u00e9. Une fa\u00e7on de cuisiner plus rapide, plus propre et plus saine.<\/li>\n<li>Il n&#8217;est pas n\u00e9cessaire de se connecter au secteur.<\/li>\n<li>En fonction du nombre de services, le co\u00fbt de l&#8217;\u00e9nergie s&#8217;am\u00e9liore.<\/li>\n<\/ul>\n<p>[\/vc_column_text][\/vc_column][vc_column width=&#8221;1\/2&#8243;][vc_column_text]<\/p>\n<ul>\n<li>Le pouvoir calorifique \u00e9lev\u00e9 du charbon de bois augmente son efficacit\u00e9 : avec une petite quantit\u00e9 de charbon de bois, la temp\u00e9rature augmente rapidement et atteint le point propice \u00e0 la cuisson en moins de 10 minutes.<\/li>\n<li>Il permet de contr\u00f4ler la temp\u00e9rature de cuisson gr\u00e2ce aux r\u00e9gulateurs de d\u00e9bit d&#8217;air sup\u00e9rieur et inf\u00e9rieur.<\/li>\n<li>Retour sur investissement rapide (environ 2,5 ans).<\/li>\n<\/ul>\n<p>[\/vc_column_text][\/vc_column][\/vc_row][vc_row padding_top=&#8221;40px&#8221; padding_bottom=&#8221;40px&#8221; margin_bottom=&#8221;0&#8243; font_color=&#8221;#ffffff&#8221;][vc_column][vc_empty_space height=&#8221;20px&#8221;][\/vc_column][\/vc_row][vc_row section_type=&#8221;fullwidth&#8221; bg_type=&#8221;image&#8221; bg_image=&#8221;21899&#8243; el_class=&#8221;bannerFooter&#8221;][vc_column]<div class=\"grve-element grve-image grve-align-center\" style=\"\"><img loading=\"lazy\" decoding=\"async\" width=\"756\" height=\"85\" src=\"https:\/\/pujadasgrill.com\/wp-content\/uploads\/2024\/06\/wemakeweKnowWeGrillDotWhite.svg\" class=\"attachment-full size-full\" alt=\"\" \/><\/div>[\/vc_column][\/vc_row]<\/p>\n","protected":false},"excerpt":{"rendered":"<p>[vc_row el_class=&#8221;whiteBg&#8221;][vc_column width=&#8221;1\/6&#8243;][\/vc_column][vc_column width=&#8221;2\/3&#8243;][vc_empty_space][vc_column_text]Les grils ferm\u00e9s nous offrent la possibilit\u00e9 de cuire les aliments dans un espace clos. En contr\u00f4lant le flux d\u2019air d\u2019entr\u00e9e dans le four, nous pouvons surveiller la temp\u00e9rature de cuisson ainsi que la concentration de fum\u00e9e \u00e0 l\u2019int\u00e9rieur, ce qui nous permet de ma\u00eetriser le fumage des aliments pour leurs donner [&hellip;]<\/p>\n","protected":false},"author":1,"featured_media":12486,"parent":0,"menu_order":0,"comment_status":"closed","ping_status":"closed","template":"","meta":{"_seopress_robots_primary_cat":"","inline_featured_image":false,"footnotes":""},"class_list":["post-12488","page","type-page","status-publish","has-post-thumbnail","hentry"],"_links":{"self":[{"href":"https:\/\/pujadasgrill.com\/fr\/wp-json\/wp\/v2\/pages\/12488"}],"collection":[{"href":"https:\/\/pujadasgrill.com\/fr\/wp-json\/wp\/v2\/pages"}],"about":[{"href":"https:\/\/pujadasgrill.com\/fr\/wp-json\/wp\/v2\/types\/page"}],"author":[{"embeddable":true,"href":"https:\/\/pujadasgrill.com\/fr\/wp-json\/wp\/v2\/users\/1"}],"replies":[{"embeddable":true,"href":"https:\/\/pujadasgrill.com\/fr\/wp-json\/wp\/v2\/comments?post=12488"}],"version-history":[{"count":5,"href":"https:\/\/pujadasgrill.com\/fr\/wp-json\/wp\/v2\/pages\/12488\/revisions"}],"predecessor-version":[{"id":24000,"href":"https:\/\/pujadasgrill.com\/fr\/wp-json\/wp\/v2\/pages\/12488\/revisions\/24000"}],"wp:featuredmedia":[{"embeddable":true,"href":"https:\/\/pujadasgrill.com\/fr\/wp-json\/wp\/v2\/media\/12486"}],"wp:attachment":[{"href":"https:\/\/pujadasgrill.com\/fr\/wp-json\/wp\/v2\/media?parent=12488"}],"curies":[{"name":"wp","href":"https:\/\/api.w.org\/{rel}","templated":true}]}}