{"id":12514,"date":"2021-02-04T10:34:49","date_gmt":"2021-02-04T10:34:49","guid":{"rendered":"https:\/\/www.pujadasgrill.com\/catalogue\/"},"modified":"2026-01-08T13:36:34","modified_gmt":"2026-01-08T13:36:34","slug":"catalogue","status":"publish","type":"page","link":"https:\/\/pujadasgrill.com\/fr\/catalogue\/","title":{"rendered":"Catalogue"},"content":{"rendered":"<p>[vc_row el_class=&#8221;whiteBg&#8221;][vc_column width=&#8221;1\/6&#8243;][\/vc_column][vc_column width=&#8221;2\/3&#8243;][vc_empty_space]<h2 class=\"grve-element grve-title grve-align-center grve-h2 titlePage\" style=\"\"><span>T\u00e9l\u00e9chargez notre catalogue<\/span><\/h2><h3 class=\"grve-element grve-title grve-align-center grve-h3 subTitlePage\" style=\"\"><span>Pour les distributeurs et les clients finaux<\/span><\/h3>[vc_column_text]D\u00e9couvrez la gamme compl\u00e8te de produits Pujadas Grill, t\u00e9l\u00e9chargez notre catalogue. Vous y trouverez des d\u00e9tails sur nos fours \u00e0 charbon, \u00e0 braises ouvertes, \u00e0 charbon, sur nos ustensiles et accessoires de cuisine ou de pr\u00e9sentation, tous con\u00e7us pour faire passer votre cuisine professionnelle au niveau sup\u00e9rieur. Cliquez sur le lien pour acc\u00e9der au catalogue et plongez-vous dans le monde de l&#8217;excellence de la cuisine grill\u00e9e avec Pujadas Grill.[\/vc_column_text][vc_empty_space][\/vc_column][vc_column width=&#8221;1\/6&#8243;][\/vc_column][\/vc_row][vc_row header_feature=&#8221;yes&#8221; el_class=&#8221;whiteBg&#8221;][vc_column width=&#8221;1\/4&#8243;]<div class=\"grve-element grve-image grve-align-center\" style=\"margin-bottom: 10px;\"><img loading=\"lazy\" decoding=\"async\" width=\"724\" height=\"1024\" src=\"https:\/\/pujadasgrill.com\/wp-content\/uploads\/2026\/01\/PUJADAS-GRILL-CATALOG-2026-724x1024.jpg\" class=\"attachment-large size-large\" alt=\"\" srcset=\"https:\/\/pujadasgrill.com\/wp-content\/uploads\/2026\/01\/PUJADAS-GRILL-CATALOG-2026-724x1024.jpg 724w, https:\/\/pujadasgrill.com\/wp-content\/uploads\/2026\/01\/PUJADAS-GRILL-CATALOG-2026-212x300.jpg 212w, https:\/\/pujadasgrill.com\/wp-content\/uploads\/2026\/01\/PUJADAS-GRILL-CATALOG-2026-768x1087.jpg 768w, https:\/\/pujadasgrill.com\/wp-content\/uploads\/2026\/01\/PUJADAS-GRILL-CATALOG-2026-1085x1536.jpg 1085w, https:\/\/pujadasgrill.com\/wp-content\/uploads\/2026\/01\/PUJADAS-GRILL-CATALOG-2026-1447x2048.jpg 1447w, https:\/\/pujadasgrill.com\/wp-content\/uploads\/2026\/01\/PUJADAS-GRILL-CATALOG-2026-1357x1920.jpg 1357w, https:\/\/pujadasgrill.com\/wp-content\/uploads\/2026\/01\/PUJADAS-GRILL-CATALOG-2026-600x849.jpg 600w, https:\/\/pujadasgrill.com\/wp-content\/uploads\/2026\/01\/PUJADAS-GRILL-CATALOG-2026-scaled.jpg 1809w\" sizes=\"(max-width: 724px) 100vw, 724px\" \/><\/div><div class=\"grve-element grve-align-center btDownload\"><a href=\"https:\/\/vollrath.widen.net\/s\/tnnvt9rgbj\/pujadas-grill-catalog-2026\" class=\"grve-btn grve-btn-medium grve-square grve-bg-primary-1 grve-bg-hover-black grve-btn-line\"><span>T\u00e9l\u00e9chargez notre catalogue<\/span><\/a><\/div>[\/vc_column][vc_column width=&#8221;1\/4&#8243; mobile_width=&#8221;hide&#8221;]<div class=\"grve-element grve-image grve-align-center\" style=\"\"><img loading=\"lazy\" decoding=\"async\" width=\"724\" height=\"1024\" src=\"https:\/\/pujadasgrill.com\/wp-content\/uploads\/2026\/01\/PUJADAS-GRILL-CATALOG-2026-PRICE-LIST-724x1024.jpg\" class=\"attachment-large size-large\" alt=\"\" srcset=\"https:\/\/pujadasgrill.com\/wp-content\/uploads\/2026\/01\/PUJADAS-GRILL-CATALOG-2026-PRICE-LIST-724x1024.jpg 724w, https:\/\/pujadasgrill.com\/wp-content\/uploads\/2026\/01\/PUJADAS-GRILL-CATALOG-2026-PRICE-LIST-212x300.jpg 212w, https:\/\/pujadasgrill.com\/wp-content\/uploads\/2026\/01\/PUJADAS-GRILL-CATALOG-2026-PRICE-LIST-768x1087.jpg 768w, https:\/\/pujadasgrill.com\/wp-content\/uploads\/2026\/01\/PUJADAS-GRILL-CATALOG-2026-PRICE-LIST-1085x1536.jpg 1085w, https:\/\/pujadasgrill.com\/wp-content\/uploads\/2026\/01\/PUJADAS-GRILL-CATALOG-2026-PRICE-LIST-1447x2048.jpg 1447w, https:\/\/pujadasgrill.com\/wp-content\/uploads\/2026\/01\/PUJADAS-GRILL-CATALOG-2026-PRICE-LIST-1357x1920.jpg 1357w, https:\/\/pujadasgrill.com\/wp-content\/uploads\/2026\/01\/PUJADAS-GRILL-CATALOG-2026-PRICE-LIST-600x849.jpg 600w, https:\/\/pujadasgrill.com\/wp-content\/uploads\/2026\/01\/PUJADAS-GRILL-CATALOG-2026-PRICE-LIST-scaled.jpg 1809w\" sizes=\"(max-width: 724px) 100vw, 724px\" \/><\/div>[\/vc_column][vc_column width=&#8221;1\/2&#8243;]<h3 class=\"grve-element grve-title grve-align-center grve-h3 titleOrange\" style=\"\"><span>Inscrivez-vous pour t\u00e9l\u00e9charger notre catalogue avec les prix<\/span><\/h3>[vc_column_text el_class=&#8221;otfdMitica&#8221;]\n<div class=\"otfe-fe-form-wrapper\">\n\n\t<div class=\"otfe-fe-message-wrapper otfe-fe-message-wrapper-10\"><\/div>\n\n\t<form method=\"post\" action=\"\" class=\"otfd-fe-form\" id=\"otfd-fe-form-10\">\n\t\t\t\t<div class=\"otfd-fe-form-row\">\n\t\t\t<label>Email<\/label>\n\t\t\t<input type=\"email\" name=\"email\" class=\"otfd-fe-email otfd-fe-input\" value=\"\" placeholder=\"Email\" \/>\n\t\t<\/div>\n\t\t\n\t\t\t\t\t\t\t\t\t<div class=\"otfd-fe-form-row\">\n\t\t\t\t\t<label>Soci\u00e9t\u00e9<\/label>\n\t\t\t\t\t<input type=\"text\" name=\"Soci\u00e9t\u00e9\" class=\"otfd-fe-input\" value=\"\" placeholder=\"Soci\u00e9t\u00e9\" \/>\n\t\t\t\t<\/div>\n\t\t\t\t\t\t\t<div class=\"otfd-fe-form-row\">\n\t\t\t\t\t<label>Prenom<\/label>\n\t\t\t\t\t<input type=\"text\" name=\"Prenom\" class=\"otfd-fe-input\" value=\"\" placeholder=\"Prenom\" \/>\n\t\t\t\t<\/div>\n\t\t\t\t\t\t\t<div class=\"otfd-fe-form-row\">\n\t\t\t\t\t<label>Nom<\/label>\n\t\t\t\t\t<input type=\"text\" name=\"Nom\" class=\"otfd-fe-input\" value=\"\" placeholder=\"Nom\" \/>\n\t\t\t\t<\/div>\n\t\t\t\t\t\t\t<div class=\"otfd-fe-form-row\">\n\t\t\t\t\t<label>Municipalit\u00e9<\/label>\n\t\t\t\t\t<input type=\"text\" name=\"Municipalit\u00e9\" class=\"otfd-fe-input\" value=\"\" placeholder=\"Municipalit\u00e9\" \/>\n\t\t\t\t<\/div>\n\t\t\t\t\t\t\t<div class=\"otfd-fe-form-row\">\n\t\t\t\t\t<label>Code postale<\/label>\n\t\t\t\t\t<input type=\"text\" name=\"Code postale\" class=\"otfd-fe-input\" value=\"\" placeholder=\"Code postale\" \/>\n\t\t\t\t<\/div>\n\t\t\t\t\t\t\t<div class=\"otfd-fe-form-row\">\n\t\t\t\t\t<label>Pays<\/label>\n\t\t\t\t\t<input type=\"text\" name=\"Pays\" class=\"otfd-fe-input\" value=\"\" placeholder=\"Pays\" \/>\n\t\t\t\t<\/div>\n\t\t\t\t\t\t\t<div class=\"otfd-fe-form-row\">\n\t\t\t\t\t<label>T\u00e9l\u00e9phone<\/label>\n\t\t\t\t\t<input type=\"text\" name=\"T\u00e9l\u00e9phone\" class=\"otfd-fe-input\" value=\"\" placeholder=\"T\u00e9l\u00e9phone\" \/>\n\t\t\t\t<\/div>\n\t\t\t\t\t\n\t\t<div class=\"otfd-fe-form-row otfd-fe-form-errors otfd-hidden\">\n\t\t\t<p>\n\t\t\t\tVeuillez corriger les erreurs ci-dessus et r\u00e9essayer de soumettre\t\t\t<\/p>\n\t\t<\/div>\n\t\t<input type=\"hidden\" id=\"otfd_fe_nonce_10\" name=\"otfd_fe_nonce_10\" value=\"b01f035506\" \/><input type=\"hidden\" name=\"_wp_http_referer\" value=\"\/fr\/wp-json\/wp\/v2\/pages\/12514\" \/>\t\t<input type=\"hidden\" name=\"otfd_fe_action\" class=\"otfd_fe_action\" value=\"email_link\" \/>\n\t\t<div class=\"otfd-fe-form-row\">\n\t\t\t<a href=\"#\" class=\"otfd-fe-form-submit\" data-otfdid=\"10\">Telecharger<\/a>\n\t\t<\/div>\n\t<\/form>\n\n<\/div>\n[\/vc_column_text][\/vc_column][\/vc_row][vc_row][vc_column][vc_empty_space][\/vc_column][\/vc_row][vc_row section_type=&#8221;fullwidth&#8221; bg_type=&#8221;image&#8221; bg_image=&#8221;21843&#8243; bg_image_size=&#8221;full&#8221; el_class=&#8221;bannerFooter&#8221;][vc_column]<div class=\"grve-element grve-image grve-align-center\" style=\"\"><img loading=\"lazy\" decoding=\"async\" width=\"756\" height=\"85\" src=\"https:\/\/pujadasgrill.com\/wp-content\/uploads\/2024\/06\/wemakeweKnowWeGrillDotWhite.svg\" class=\"attachment-full size-full\" alt=\"\" \/><\/div>[\/vc_column][\/vc_row]<\/p>\n","protected":false},"excerpt":{"rendered":"<p>[vc_row el_class=&#8221;whiteBg&#8221;][vc_column width=&#8221;1\/6&#8243;][\/vc_column][vc_column width=&#8221;2\/3&#8243;][vc_empty_space][vc_column_text]D\u00e9couvrez la gamme compl\u00e8te de produits Pujadas Grill, t\u00e9l\u00e9chargez notre catalogue. Vous y trouverez des d\u00e9tails sur nos fours \u00e0 charbon, \u00e0 braises ouvertes, \u00e0 charbon, sur nos ustensiles et accessoires de cuisine ou de pr\u00e9sentation, tous con\u00e7us pour faire passer votre cuisine professionnelle au niveau sup\u00e9rieur. Cliquez sur le lien pour [&hellip;]<\/p>\n","protected":false},"author":1,"featured_media":30221,"parent":0,"menu_order":0,"comment_status":"closed","ping_status":"closed","template":"","meta":{"_seopress_robots_primary_cat":"","inline_featured_image":false,"footnotes":""},"class_list":["post-12514","page","type-page","status-publish","has-post-thumbnail","hentry"],"_links":{"self":[{"href":"https:\/\/pujadasgrill.com\/fr\/wp-json\/wp\/v2\/pages\/12514"}],"collection":[{"href":"https:\/\/pujadasgrill.com\/fr\/wp-json\/wp\/v2\/pages"}],"about":[{"href":"https:\/\/pujadasgrill.com\/fr\/wp-json\/wp\/v2\/types\/page"}],"author":[{"embeddable":true,"href":"https:\/\/pujadasgrill.com\/fr\/wp-json\/wp\/v2\/users\/1"}],"replies":[{"embeddable":true,"href":"https:\/\/pujadasgrill.com\/fr\/wp-json\/wp\/v2\/comments?post=12514"}],"version-history":[{"count":12,"href":"https:\/\/pujadasgrill.com\/fr\/wp-json\/wp\/v2\/pages\/12514\/revisions"}],"predecessor-version":[{"id":32334,"href":"https:\/\/pujadasgrill.com\/fr\/wp-json\/wp\/v2\/pages\/12514\/revisions\/32334"}],"wp:featuredmedia":[{"embeddable":true,"href":"https:\/\/pujadasgrill.com\/fr\/wp-json\/wp\/v2\/media\/30221"}],"wp:attachment":[{"href":"https:\/\/pujadasgrill.com\/fr\/wp-json\/wp\/v2\/media?parent=12514"}],"curies":[{"name":"wp","href":"https:\/\/api.w.org\/{rel}","templated":true}]}}