{"id":18793,"date":"2023-02-02T18:21:22","date_gmt":"2023-02-02T18:21:22","guid":{"rendered":"https:\/\/www.pujadasgrill.com\/accessoires\/"},"modified":"2024-06-17T09:38:26","modified_gmt":"2024-06-17T09:38:26","slug":"accessoires","status":"publish","type":"page","link":"https:\/\/pujadasgrill.com\/fr\/accessoires\/","title":{"rendered":"Accessoires"},"content":{"rendered":"<p>[vc_row][vc_column][vc_column_text]Produits \/ Accessoires<strong><\/strong>[\/vc_column_text][\/vc_column][\/vc_row][vc_row][vc_column width=&#8221;1\/6&#8243;][\/vc_column][vc_column width=&#8221;2\/3&#8243;]<h2 class=\"grve-element grve-title grve-align-center grve-h2 titlePage\" style=\"\"><span>Accessoires<\/span><\/h2><h3 class=\"grve-element grve-title grve-align-center grve-h3 subTitlePage\" style=\"\"><span>Accessoires Professionnels pour les Sp\u00e9cialistes de la Cuisson au Grill<\/span><\/h3>[\/vc_column][vc_column width=&#8221;1\/6&#8243;][\/vc_column][\/vc_row][vc_row][vc_column]<div class=\"woocommerce columns-4 \"><ul class=\"products columns-4\">\n<li class=\"product type-product post-20608 status-publish first instock product_cat-accessoires-fr has-post-thumbnail shipping-taxable product-type-simple\">\n\n\t\n\t<div class=\"grve-product-item mitica\">\n\n        \n\t\t<div class=\"grve-product-media grve-image-hover\">\n\n\t\t\t<a href=\"https:\/\/pujadasgrill.com\/fr\/producto\/grille-a-tiges-pour-robata\/\">\n\n\t\t\t\t\n\t\t\t<\/a>\n\n\t\t\t\t\t\t<div class=\"grve-product-content\">\n\t\t\t\t<div class=\"grve-product-switcher\">\n\t\t\t\t\t<div class=\"grve-product-price grve-link-text\">\n\t\t\t\t\t\n\t\t\t\t\t<\/div>\n\t\t\t\t\t<div class=\"grve-add-to-cart-btn grve-link-text\">\n\t\t\t\t\t<a rel=\"nofollow\" href=\"https:\/\/pujadasgrill.com\/fr\/producto\/grille-a-tiges-pour-robata\/\" data-quantity=\"1\" data-product_id=\"20608\" data-product_sku=\"P858200\" class=\"product_type_simple ajax_add_to_cart\">Lire la suite<\/a>\t\t\t\t\t<\/div>\n\t\t\t\t<\/div>\n\t\t\t<\/div>\n        <\/div>\n\n    <\/div>\n\t<h2 class=\"woocommerce-loop-product__title\">Grille \u00e0 tiges pour Robata<\/h2>    <a href=\"https:\/\/pujadasgrill.com\/fr\/producto\/grille-a-tiges-pour-robata\/\" target=\"_self\" class=\"grve-link-text grve-read-more \">Lire plus<\/a>\n\n<\/li>\n<li class=\"product type-product post-20616 status-publish instock product_cat-accessoires-fr has-post-thumbnail shipping-taxable product-type-simple\">\n\n\t\n\t<div class=\"grve-product-item mitica\">\n\n        \n\t\t<div class=\"grve-product-media grve-image-hover\">\n\n\t\t\t<a href=\"https:\/\/pujadasgrill.com\/fr\/producto\/grille-remise-en-temperature-pour-robata-pack-2u\/\">\n\n\t\t\t\t\n\t\t\t<\/a>\n\n\t\t\t\t\t\t<div class=\"grve-product-content\">\n\t\t\t\t<div class=\"grve-product-switcher\">\n\t\t\t\t\t<div class=\"grve-product-price grve-link-text\">\n\t\t\t\t\t\n\t\t\t\t\t<\/div>\n\t\t\t\t\t<div class=\"grve-add-to-cart-btn grve-link-text\">\n\t\t\t\t\t<a rel=\"nofollow\" href=\"https:\/\/pujadasgrill.com\/fr\/producto\/grille-remise-en-temperature-pour-robata-pack-2u\/\" data-quantity=\"1\" data-product_id=\"20616\" data-product_sku=\"P858210\" class=\"product_type_simple ajax_add_to_cart\">Lire la suite<\/a>\t\t\t\t\t<\/div>\n\t\t\t\t<\/div>\n\t\t\t<\/div>\n        <\/div>\n\n    <\/div>\n\t<h2 class=\"woocommerce-loop-product__title\">Grille remise en temperature pour Robata. Pack 2u<\/h2>    <a href=\"https:\/\/pujadasgrill.com\/fr\/producto\/grille-remise-en-temperature-pour-robata-pack-2u\/\" target=\"_self\" class=\"grve-link-text grve-read-more \">Lire plus<\/a>\n\n<\/li>\n<li class=\"product type-product post-20631 status-publish instock product_cat-accessoires-fr has-post-thumbnail shipping-taxable product-type-simple\">\n\n\t\n\t<div class=\"grve-product-item mitica\">\n\n        \n\t\t<div class=\"grve-product-media grve-image-hover\">\n\n\t\t\t<a href=\"https:\/\/pujadasgrill.com\/fr\/producto\/pack-5u-brique-refractaire\/\">\n\n\t\t\t\t\n\t\t\t<\/a>\n\n\t\t\t\t\t\t<div class=\"grve-product-content\">\n\t\t\t\t<div class=\"grve-product-switcher\">\n\t\t\t\t\t<div class=\"grve-product-price grve-link-text\">\n\t\t\t\t\t\n\t\t\t\t\t<\/div>\n\t\t\t\t\t<div class=\"grve-add-to-cart-btn grve-link-text\">\n\t\t\t\t\t<a rel=\"nofollow\" href=\"https:\/\/pujadasgrill.com\/fr\/producto\/pack-5u-brique-refractaire\/\" data-quantity=\"1\" data-product_id=\"20631\" data-product_sku=\"P858000\" class=\"product_type_simple ajax_add_to_cart\">Lire la suite<\/a>\t\t\t\t\t<\/div>\n\t\t\t\t<\/div>\n\t\t\t<\/div>\n        <\/div>\n\n    <\/div>\n\t<h2 class=\"woocommerce-loop-product__title\">Pack 5u brique r\u00e9fractaire<\/h2>    <a href=\"https:\/\/pujadasgrill.com\/fr\/producto\/pack-5u-brique-refractaire\/\" target=\"_self\" class=\"grve-link-text grve-read-more \">Lire plus<\/a>\n\n<\/li>\n<li class=\"product type-product post-19759 status-publish last instock product_cat-accessoires-fr has-post-thumbnail shipping-taxable product-type-simple\">\n\n\t\n\t<div class=\"grve-product-item mitica\">\n\n        \n\t\t<div class=\"grve-product-media grve-image-hover\">\n\n\t\t\t<a href=\"https:\/\/pujadasgrill.com\/fr\/producto\/pierre-de-basalte\/\">\n\n\t\t\t\t\n\t\t\t<\/a>\n\n\t\t\t\t\t\t<div class=\"grve-product-content\">\n\t\t\t\t<div class=\"grve-product-switcher\">\n\t\t\t\t\t<div class=\"grve-product-price grve-link-text\">\n\t\t\t\t\t\n\t\t\t\t\t<\/div>\n\t\t\t\t\t<div class=\"grve-add-to-cart-btn grve-link-text\">\n\t\t\t\t\t<a rel=\"nofollow\" href=\"https:\/\/pujadasgrill.com\/fr\/producto\/pierre-de-basalte\/\" data-quantity=\"1\" data-product_id=\"19759\" data-product_sku=\"P85201\" class=\"product_type_simple ajax_add_to_cart\">Lire la suite<\/a>\t\t\t\t\t<\/div>\n\t\t\t\t<\/div>\n\t\t\t<\/div>\n        <\/div>\n\n    <\/div>\n\t<h2 class=\"woocommerce-loop-product__title\">Pierre de basalte<\/h2>    <a href=\"https:\/\/pujadasgrill.com\/fr\/producto\/pierre-de-basalte\/\" target=\"_self\" class=\"grve-link-text grve-read-more \">Lire plus<\/a>\n\n<\/li>\n<li class=\"product type-product post-19765 status-publish first instock product_cat-accessoires-fr has-post-thumbnail shipping-taxable product-type-simple\">\n\n\t\n\t<div class=\"grve-product-item mitica\">\n\n        \n\t\t<div class=\"grve-product-media grve-image-hover\">\n\n\t\t\t<a href=\"https:\/\/pujadasgrill.com\/fr\/producto\/pelle\/\">\n\n\t\t\t\t\n\t\t\t<\/a>\n\n\t\t\t\t\t\t<div class=\"grve-product-content\">\n\t\t\t\t<div class=\"grve-product-switcher\">\n\t\t\t\t\t<div class=\"grve-product-price grve-link-text\">\n\t\t\t\t\t\n\t\t\t\t\t<\/div>\n\t\t\t\t\t<div class=\"grve-add-to-cart-btn grve-link-text\">\n\t\t\t\t\t<a rel=\"nofollow\" href=\"https:\/\/pujadasgrill.com\/fr\/producto\/pelle\/\" data-quantity=\"1\" data-product_id=\"19765\" data-product_sku=\"P85223\" class=\"product_type_simple ajax_add_to_cart\">Lire la suite<\/a>\t\t\t\t\t<\/div>\n\t\t\t\t<\/div>\n\t\t\t<\/div>\n        <\/div>\n\n    <\/div>\n\t<h2 class=\"woocommerce-loop-product__title\">Pelle Grillbox<\/h2>    <a href=\"https:\/\/pujadasgrill.com\/fr\/producto\/pelle\/\" target=\"_self\" class=\"grve-link-text grve-read-more \">Lire plus<\/a>\n\n<\/li>\n<li class=\"product type-product post-21648 status-publish instock product_cat-accessoires-fr has-post-thumbnail shipping-taxable product-type-simple\">\n\n\t\n\t<div class=\"grve-product-item mitica\">\n\n        \n\t\t<div class=\"grve-product-media grve-image-hover\">\n\n\t\t\t<a href=\"https:\/\/pujadasgrill.com\/fr\/producto\/chips-darome-de-hetre\/\">\n\n\t\t\t\t\n\t\t\t<\/a>\n\n\t\t\t\t\t\t<div class=\"grve-product-content\">\n\t\t\t\t<div class=\"grve-product-switcher\">\n\t\t\t\t\t<div class=\"grve-product-price grve-link-text\">\n\t\t\t\t\t\n\t\t\t\t\t<\/div>\n\t\t\t\t\t<div class=\"grve-add-to-cart-btn grve-link-text\">\n\t\t\t\t\t<a rel=\"nofollow\" href=\"https:\/\/pujadasgrill.com\/fr\/producto\/chips-darome-de-hetre\/\" data-quantity=\"1\" data-product_id=\"21648\" data-product_sku=\"P85231\" class=\"product_type_simple ajax_add_to_cart\">Lire la suite<\/a>\t\t\t\t\t<\/div>\n\t\t\t\t<\/div>\n\t\t\t<\/div>\n        <\/div>\n\n    <\/div>\n\t<h2 class=\"woocommerce-loop-product__title\">Chips d\u2019Ar\u00f4me de H\u00eatre<\/h2>    <a href=\"https:\/\/pujadasgrill.com\/fr\/producto\/chips-darome-de-hetre\/\" target=\"_self\" class=\"grve-link-text grve-read-more \">Lire plus<\/a>\n\n<\/li>\n<li class=\"product type-product post-21650 status-publish instock product_cat-accessoires-fr product_cat-non-classe has-post-thumbnail shipping-taxable product-type-simple\">\n\n\t\n\t<div class=\"grve-product-item mitica\">\n\n        \n\t\t<div class=\"grve-product-media grve-image-hover\">\n\n\t\t\t<a href=\"https:\/\/pujadasgrill.com\/fr\/producto\/chips-darome-de-chene\/\">\n\n\t\t\t\t\n\t\t\t<\/a>\n\n\t\t\t\t\t\t<div class=\"grve-product-content\">\n\t\t\t\t<div class=\"grve-product-switcher\">\n\t\t\t\t\t<div class=\"grve-product-price grve-link-text\">\n\t\t\t\t\t\n\t\t\t\t\t<\/div>\n\t\t\t\t\t<div class=\"grve-add-to-cart-btn grve-link-text\">\n\t\t\t\t\t<a rel=\"nofollow\" href=\"https:\/\/pujadasgrill.com\/fr\/producto\/chips-darome-de-chene\/\" data-quantity=\"1\" data-product_id=\"21650\" data-product_sku=\"P85232\" class=\"product_type_simple ajax_add_to_cart\">Lire la suite<\/a>\t\t\t\t\t<\/div>\n\t\t\t\t<\/div>\n\t\t\t<\/div>\n        <\/div>\n\n    <\/div>\n\t<h2 class=\"woocommerce-loop-product__title\">Chips d\u2019Ar\u00f4me de Ch\u00eane<\/h2>    <a href=\"https:\/\/pujadasgrill.com\/fr\/producto\/chips-darome-de-chene\/\" target=\"_self\" class=\"grve-link-text grve-read-more \">Lire plus<\/a>\n\n<\/li>\n<li class=\"product type-product post-20455 status-publish last instock product_cat-accessoires-fr has-post-thumbnail shipping-taxable product-type-simple\">\n\n\t\n\t<div class=\"grve-product-item mitica\">\n\n        \n\t\t<div class=\"grve-product-media grve-image-hover\">\n\n\t\t\t<a href=\"https:\/\/pujadasgrill.com\/fr\/producto\/morceaus-de-chene\/\">\n\n\t\t\t\t\n\t\t\t<\/a>\n\n\t\t\t\t\t\t<div class=\"grve-product-content\">\n\t\t\t\t<div class=\"grve-product-switcher\">\n\t\t\t\t\t<div class=\"grve-product-price grve-link-text\">\n\t\t\t\t\t\n\t\t\t\t\t<\/div>\n\t\t\t\t\t<div class=\"grve-add-to-cart-btn grve-link-text\">\n\t\t\t\t\t<a rel=\"nofollow\" href=\"https:\/\/pujadasgrill.com\/fr\/producto\/morceaus-de-chene\/\" data-quantity=\"1\" data-product_id=\"20455\" data-product_sku=\"P850101\" class=\"product_type_simple ajax_add_to_cart\">Lire la suite<\/a>\t\t\t\t\t<\/div>\n\t\t\t\t<\/div>\n\t\t\t<\/div>\n        <\/div>\n\n    <\/div>\n\t<h2 class=\"woocommerce-loop-product__title\">Morceaus de ch\u00eane<\/h2>    <a href=\"https:\/\/pujadasgrill.com\/fr\/producto\/morceaus-de-chene\/\" target=\"_self\" class=\"grve-link-text grve-read-more \">Lire plus<\/a>\n\n<\/li>\n<li class=\"product type-product post-20469 status-publish first instock product_cat-accessoires-fr has-post-thumbnail shipping-taxable product-type-simple\">\n\n\t\n\t<div class=\"grve-product-item mitica\">\n\n        \n\t\t<div class=\"grve-product-media grve-image-hover\">\n\n\t\t\t<a href=\"https:\/\/pujadasgrill.com\/fr\/producto\/copeaux-de-chene-a-larome-de-xeres\/\">\n\n\t\t\t\t\n\t\t\t<\/a>\n\n\t\t\t\t\t\t<div class=\"grve-product-content\">\n\t\t\t\t<div class=\"grve-product-switcher\">\n\t\t\t\t\t<div class=\"grve-product-price grve-link-text\">\n\t\t\t\t\t\n\t\t\t\t\t<\/div>\n\t\t\t\t\t<div class=\"grve-add-to-cart-btn grve-link-text\">\n\t\t\t\t\t<a rel=\"nofollow\" href=\"https:\/\/pujadasgrill.com\/fr\/producto\/copeaux-de-chene-a-larome-de-xeres\/\" data-quantity=\"1\" data-product_id=\"20469\" data-product_sku=\"P850102\" class=\"product_type_simple ajax_add_to_cart\">Lire la suite<\/a>\t\t\t\t\t<\/div>\n\t\t\t\t<\/div>\n\t\t\t<\/div>\n        <\/div>\n\n    <\/div>\n\t<h2 class=\"woocommerce-loop-product__title\">Copeaux de ch\u00eane \u00e0 l\u2019ar\u00f4me de x\u00e9r\u00e8s<\/h2>    <a href=\"https:\/\/pujadasgrill.com\/fr\/producto\/copeaux-de-chene-a-larome-de-xeres\/\" target=\"_self\" class=\"grve-link-text grve-read-more \">Lire plus<\/a>\n\n<\/li>\n<li class=\"product type-product post-20476 status-publish instock product_cat-accessoires-fr has-post-thumbnail shipping-taxable product-type-simple\">\n\n\t\n\t<div class=\"grve-product-item mitica\">\n\n        \n\t\t<div class=\"grve-product-media grve-image-hover\">\n\n\t\t\t<a href=\"https:\/\/pujadasgrill.com\/fr\/producto\/copeaux-de-chene-a-larome-de-whisky\/\">\n\n\t\t\t\t\n\t\t\t<\/a>\n\n\t\t\t\t\t\t<div class=\"grve-product-content\">\n\t\t\t\t<div class=\"grve-product-switcher\">\n\t\t\t\t\t<div class=\"grve-product-price grve-link-text\">\n\t\t\t\t\t\n\t\t\t\t\t<\/div>\n\t\t\t\t\t<div class=\"grve-add-to-cart-btn grve-link-text\">\n\t\t\t\t\t<a rel=\"nofollow\" href=\"https:\/\/pujadasgrill.com\/fr\/producto\/copeaux-de-chene-a-larome-de-whisky\/\" data-quantity=\"1\" data-product_id=\"20476\" data-product_sku=\"P850104\" class=\"product_type_simple ajax_add_to_cart\">Lire la suite<\/a>\t\t\t\t\t<\/div>\n\t\t\t\t<\/div>\n\t\t\t<\/div>\n        <\/div>\n\n    <\/div>\n\t<h2 class=\"woocommerce-loop-product__title\">Copeaux de ch\u00eane \u00e0 l\u2019ar\u00f4me de whisky<\/h2>    <a href=\"https:\/\/pujadasgrill.com\/fr\/producto\/copeaux-de-chene-a-larome-de-whisky\/\" target=\"_self\" class=\"grve-link-text grve-read-more \">Lire plus<\/a>\n\n<\/li>\n<li class=\"product type-product post-12801 status-publish instock product_cat-accessoires-fr has-post-thumbnail shipping-taxable product-type-simple\">\n\n\t\n\t<div class=\"grve-product-item mitica\">\n\n        \n\t\t<div class=\"grve-product-media grve-image-hover\">\n\n\t\t\t<a href=\"https:\/\/pujadasgrill.com\/fr\/producto\/pince-renforcee-pour-four\/\">\n\n\t\t\t\t\n\t\t\t<\/a>\n\n\t\t\t\t\t\t<div class=\"grve-product-content\">\n\t\t\t\t<div class=\"grve-product-switcher\">\n\t\t\t\t\t<div class=\"grve-product-price grve-link-text\">\n\t\t\t\t\t\n\t\t\t\t\t<\/div>\n\t\t\t\t\t<div class=\"grve-add-to-cart-btn grve-link-text\">\n\t\t\t\t\t<a rel=\"nofollow\" href=\"https:\/\/pujadasgrill.com\/fr\/producto\/pince-renforcee-pour-four\/\" data-quantity=\"1\" data-product_id=\"12801\" data-product_sku=\"P851004\" class=\"product_type_simple ajax_add_to_cart\">Lire la suite<\/a>\t\t\t\t\t<\/div>\n\t\t\t\t<\/div>\n\t\t\t<\/div>\n        <\/div>\n\n    <\/div>\n\t<h2 class=\"woocommerce-loop-product__title\">Pince renforc\u00e9e pour four<\/h2>    <a href=\"https:\/\/pujadasgrill.com\/fr\/producto\/pince-renforcee-pour-four\/\" target=\"_self\" class=\"grve-link-text grve-read-more \">Lire plus<\/a>\n\n<\/li>\n<li class=\"product type-product post-20652 status-publish last instock product_cat-accessoires-fr has-post-thumbnail shipping-taxable product-type-simple\">\n\n\t\n\t<div class=\"grve-product-item mitica\">\n\n        \n\t\t<div class=\"grve-product-media grve-image-hover\">\n\n\t\t\t<a href=\"https:\/\/pujadasgrill.com\/fr\/producto\/pinze-plaque-a-protection-siicone\/\">\n\n\t\t\t\t\n\t\t\t<\/a>\n\n\t\t\t\t\t\t<div class=\"grve-product-content\">\n\t\t\t\t<div class=\"grve-product-switcher\">\n\t\t\t\t\t<div class=\"grve-product-price grve-link-text\">\n\t\t\t\t\t\n\t\t\t\t\t<\/div>\n\t\t\t\t\t<div class=\"grve-add-to-cart-btn grve-link-text\">\n\t\t\t\t\t<a rel=\"nofollow\" href=\"https:\/\/pujadasgrill.com\/fr\/producto\/pinze-plaque-a-protection-siicone\/\" data-quantity=\"1\" data-product_id=\"20652\" data-product_sku=\"P607100\" class=\"product_type_simple ajax_add_to_cart\">Lire la suite<\/a>\t\t\t\t\t<\/div>\n\t\t\t\t<\/div>\n\t\t\t<\/div>\n        <\/div>\n\n    <\/div>\n\t<h2 class=\"woocommerce-loop-product__title\">Pinze plaque a\/protection siicone<\/h2>    <a href=\"https:\/\/pujadasgrill.com\/fr\/producto\/pinze-plaque-a-protection-siicone\/\" target=\"_self\" class=\"grve-link-text grve-read-more \">Lire plus<\/a>\n\n<\/li>\n<li class=\"product type-product post-20721 status-publish first instock product_cat-accessoires-fr has-post-thumbnail shipping-taxable product-type-simple\">\n\n\t\n\t<div class=\"grve-product-item mitica\">\n\n        \n\t\t<div class=\"grve-product-media grve-image-hover\">\n\n\t\t\t<a href=\"https:\/\/pujadasgrill.com\/fr\/producto\/pince-pour-plaque-a-rotir\/\">\n\n\t\t\t\t\n\t\t\t<\/a>\n\n\t\t\t\t\t\t<div class=\"grve-product-content\">\n\t\t\t\t<div class=\"grve-product-switcher\">\n\t\t\t\t\t<div class=\"grve-product-price grve-link-text\">\n\t\t\t\t\t\n\t\t\t\t\t<\/div>\n\t\t\t\t\t<div class=\"grve-add-to-cart-btn grve-link-text\">\n\t\t\t\t\t<a rel=\"nofollow\" href=\"https:\/\/pujadasgrill.com\/fr\/producto\/pince-pour-plaque-a-rotir\/\" data-quantity=\"1\" data-product_id=\"20721\" data-product_sku=\"P607000\" class=\"product_type_simple ajax_add_to_cart\">Lire la suite<\/a>\t\t\t\t\t<\/div>\n\t\t\t\t<\/div>\n\t\t\t<\/div>\n        <\/div>\n\n    <\/div>\n\t<h2 class=\"woocommerce-loop-product__title\">Pince pour plaque \u00e0 r\u00f4tir<\/h2>    <a href=\"https:\/\/pujadasgrill.com\/fr\/producto\/pince-pour-plaque-a-rotir\/\" target=\"_self\" class=\"grve-link-text grve-read-more \">Lire plus<\/a>\n\n<\/li>\n<li class=\"product type-product post-21613 status-publish instock product_cat-accessoires-fr has-post-thumbnail shipping-taxable product-type-simple\">\n\n\t\n\t<div class=\"grve-product-item mitica\">\n\n        \n\t\t<div class=\"grve-product-media grve-image-hover\">\n\n\t\t\t<a href=\"https:\/\/pujadasgrill.com\/fr\/producto\/brosse-metallique-2\/\">\n\n\t\t\t\t\n\t\t\t<\/a>\n\n\t\t\t\t\t\t<div class=\"grve-product-content\">\n\t\t\t\t<div class=\"grve-product-switcher\">\n\t\t\t\t\t<div class=\"grve-product-price grve-link-text\">\n\t\t\t\t\t\n\t\t\t\t\t<\/div>\n\t\t\t\t\t<div class=\"grve-add-to-cart-btn grve-link-text\">\n\t\t\t\t\t<a rel=\"nofollow\" href=\"https:\/\/pujadasgrill.com\/fr\/producto\/brosse-metallique-2\/\" data-quantity=\"1\" data-product_id=\"21613\" data-product_sku=\"P818000\" class=\"product_type_simple ajax_add_to_cart\">Lire la suite<\/a>\t\t\t\t\t<\/div>\n\t\t\t\t<\/div>\n\t\t\t<\/div>\n        <\/div>\n\n    <\/div>\n\t<h2 class=\"woocommerce-loop-product__title\">Brosse metallique<\/h2>    <a href=\"https:\/\/pujadasgrill.com\/fr\/producto\/brosse-metallique-2\/\" target=\"_self\" class=\"grve-link-text grve-read-more \">Lire plus<\/a>\n\n<\/li>\n<\/ul>\n<\/div>[vc_empty_space height=&#8221;20px&#8221;][\/vc_column][\/vc_row]<\/p>\n","protected":false},"excerpt":{"rendered":"<p>[vc_row][vc_column][vc_column_text]Produits \/ Accessoires[\/vc_column_text][\/vc_column][\/vc_row][vc_row][vc_column width=&#8221;1\/6&#8243;][\/vc_column][vc_column width=&#8221;2\/3&#8243;][\/vc_column][vc_column width=&#8221;1\/6&#8243;][\/vc_column][\/vc_row][vc_row][vc_column][vc_empty_space height=&#8221;20px&#8221;][\/vc_column][\/vc_row]<\/p>\n","protected":false},"author":1,"featured_media":22292,"parent":0,"menu_order":0,"comment_status":"closed","ping_status":"closed","template":"","meta":{"_seopress_robots_primary_cat":"","inline_featured_image":false,"footnotes":""},"class_list":["post-18793","page","type-page","status-publish","has-post-thumbnail","hentry"],"_links":{"self":[{"href":"https:\/\/pujadasgrill.com\/fr\/wp-json\/wp\/v2\/pages\/18793"}],"collection":[{"href":"https:\/\/pujadasgrill.com\/fr\/wp-json\/wp\/v2\/pages"}],"about":[{"href":"https:\/\/pujadasgrill.com\/fr\/wp-json\/wp\/v2\/types\/page"}],"author":[{"embeddable":true,"href":"https:\/\/pujadasgrill.com\/fr\/wp-json\/wp\/v2\/users\/1"}],"replies":[{"embeddable":true,"href":"https:\/\/pujadasgrill.com\/fr\/wp-json\/wp\/v2\/comments?post=18793"}],"version-history":[{"count":12,"href":"https:\/\/pujadasgrill.com\/fr\/wp-json\/wp\/v2\/pages\/18793\/revisions"}],"predecessor-version":[{"id":24042,"href":"https:\/\/pujadasgrill.com\/fr\/wp-json\/wp\/v2\/pages\/18793\/revisions\/24042"}],"wp:featuredmedia":[{"embeddable":true,"href":"https:\/\/pujadasgrill.com\/fr\/wp-json\/wp\/v2\/media\/22292"}],"wp:attachment":[{"href":"https:\/\/pujadasgrill.com\/fr\/wp-json\/wp\/v2\/media?parent=18793"}],"curies":[{"name":"wp","href":"https:\/\/api.w.org\/{rel}","templated":true}]}}