{"id":18801,"date":"2023-02-02T18:53:28","date_gmt":"2023-02-02T18:53:28","guid":{"rendered":"https:\/\/www.pujadasgrill.com\/materiel-a-braise\/"},"modified":"2024-06-17T09:37:50","modified_gmt":"2024-06-17T09:37:50","slug":"materiel-a-braise","status":"publish","type":"page","link":"https:\/\/pujadasgrill.com\/fr\/materiel-a-braise\/","title":{"rendered":"Mat\u00e9riel \u00e0 braise"},"content":{"rendered":"<p>[vc_row][vc_column][vc_column_text]Produits \/ <strong>Batterie<\/strong>[\/vc_column_text][\/vc_column][\/vc_row][vc_row][vc_column width=&#8221;1\/6&#8243;][\/vc_column][vc_column width=&#8221;2\/3&#8243;]<h2 class=\"grve-element grve-title grve-align-center grve-h2 titlePage\" style=\"\"><span>Mat\u00e9riel \u00e0 braise<\/span><\/h2><h3 class=\"grve-element grve-title grve-align-center grve-h3 subTitlePage\" style=\"\"><span>Ustensiles de Cuisine Sp\u00e9cialis\u00e9s pour la Cuisson au Grill<\/span><\/h3>[vc_column_text]Nos ustensiles de cuisine sp\u00e9cialis\u00e9s sont con\u00e7us pour compl\u00e9ter parfaitement nos fours ouverts au charbon de bois et nos grils, offrant aux chefs les outils n\u00e9cessaires pour amener leur cuisson au grill au niveau sup\u00e9rieur. Fabriqu\u00e9 \u00e0 partir de mat\u00e9riaux de haute qualit\u00e9 et con\u00e7u pour r\u00e9sister aux temp\u00e9ratures \u00e9lev\u00e9es et aux exigences de la cuisine professionnelle, chaque pi\u00e8ce de notre ustensile garantit une durabilit\u00e9 et des performances exceptionnelles.<br \/>\nNos ustensiles de cuisine permettent aux professionnels d&#8217;explorer et de ma\u00eetriser toutes les possibilit\u00e9s culinaires que le grill offre. Avec Pujadas Grill, chaque d\u00e9tail est soigneusement con\u00e7u pour rendre votre exp\u00e9rience culinaire in\u00e9gal\u00e9e.[\/vc_column_text][\/vc_column][vc_column width=&#8221;1\/6&#8243;][\/vc_column][\/vc_row][vc_row][vc_column]<div class=\"woocommerce columns-4 \"><ul class=\"products columns-4\">\n<li class=\"product type-product post-21718 status-publish first instock product_cat-menage has-post-thumbnail shipping-taxable product-type-simple\">\n\n\t\n\t<div class=\"grve-product-item mitica\">\n\n        \n\t\t<div class=\"grve-product-media grve-image-hover\">\n\n\t\t\t<a href=\"https:\/\/pujadasgrill.com\/fr\/producto\/mini-plate-oval-haute\/\">\n\n\t\t\t\t\n\t\t\t<\/a>\n\n\t\t\t\t\t\t<div class=\"grve-product-content\">\n\t\t\t\t<div class=\"grve-product-switcher\">\n\t\t\t\t\t<div class=\"grve-product-price grve-link-text\">\n\t\t\t\t\t\n\t\t\t\t\t<\/div>\n\t\t\t\t\t<div class=\"grve-add-to-cart-btn grve-link-text\">\n\t\t\t\t\t<a rel=\"nofollow\" href=\"https:\/\/pujadasgrill.com\/fr\/producto\/mini-plate-oval-haute\/\" data-quantity=\"1\" data-product_id=\"21718\" data-product_sku=\"P23509\" class=\"product_type_simple ajax_add_to_cart\">Lire la suite<\/a>\t\t\t\t\t<\/div>\n\t\t\t\t<\/div>\n\t\t\t<\/div>\n        <\/div>\n\n    <\/div>\n\t<h2 class=\"woocommerce-loop-product__title\">Mini Plate Oval Haute<\/h2>    <a href=\"https:\/\/pujadasgrill.com\/fr\/producto\/mini-plate-oval-haute\/\" target=\"_self\" class=\"grve-link-text grve-read-more \">Lire plus<\/a>\n\n<\/li>\n<li class=\"product type-product post-12649 status-publish instock product_cat-menage has-post-thumbnail shipping-taxable product-type-simple\">\n\n\t\n\t<div class=\"grve-product-item mitica\">\n\n        \n\t\t<div class=\"grve-product-media grve-image-hover\">\n\n\t\t\t<a href=\"https:\/\/pujadasgrill.com\/fr\/producto\/mini-casserole-ovale\/\">\n\n\t\t\t\t\n\t\t\t<\/a>\n\n\t\t\t\t\t\t<div class=\"grve-product-content\">\n\t\t\t\t<div class=\"grve-product-switcher\">\n\t\t\t\t\t<div class=\"grve-product-price grve-link-text\">\n\t\t\t\t\t\n\t\t\t\t\t<\/div>\n\t\t\t\t\t<div class=\"grve-add-to-cart-btn grve-link-text\">\n\t\t\t\t\t<a rel=\"nofollow\" href=\"https:\/\/pujadasgrill.com\/fr\/producto\/mini-casserole-ovale\/\" data-quantity=\"1\" data-product_id=\"12649\" data-product_sku=\"P23508\" class=\"product_type_simple ajax_add_to_cart\">Lire la suite<\/a>\t\t\t\t\t<\/div>\n\t\t\t\t<\/div>\n\t\t\t<\/div>\n        <\/div>\n\n    <\/div>\n\t<h2 class=\"woocommerce-loop-product__title\">Casserole Ovale<\/h2>    <a href=\"https:\/\/pujadasgrill.com\/fr\/producto\/mini-casserole-ovale\/\" target=\"_self\" class=\"grve-link-text grve-read-more \">Lire plus<\/a>\n\n<\/li>\n<li class=\"product type-product post-21706 status-publish instock product_cat-menage has-post-thumbnail shipping-taxable product-type-simple\">\n\n\t\n\t<div class=\"grve-product-item mitica\">\n\n        \n\t\t<div class=\"grve-product-media grve-image-hover\">\n\n\t\t\t<a href=\"https:\/\/pujadasgrill.com\/fr\/producto\/cocotte-haute\/\">\n\n\t\t\t\t\n\t\t\t<\/a>\n\n\t\t\t\t\t\t<div class=\"grve-product-content\">\n\t\t\t\t<div class=\"grve-product-switcher\">\n\t\t\t\t\t<div class=\"grve-product-price grve-link-text\">\n\t\t\t\t\t\n\t\t\t\t\t<\/div>\n\t\t\t\t\t<div class=\"grve-add-to-cart-btn grve-link-text\">\n\t\t\t\t\t<a rel=\"nofollow\" href=\"https:\/\/pujadasgrill.com\/fr\/producto\/cocotte-haute\/\" data-quantity=\"1\" data-product_id=\"21706\" data-product_sku=\"P23507\" class=\"product_type_simple ajax_add_to_cart\">Lire la suite<\/a>\t\t\t\t\t<\/div>\n\t\t\t\t<\/div>\n\t\t\t<\/div>\n        <\/div>\n\n    <\/div>\n\t<h2 class=\"woocommerce-loop-product__title\">Cocotte Haute<\/h2>    <a href=\"https:\/\/pujadasgrill.com\/fr\/producto\/cocotte-haute\/\" target=\"_self\" class=\"grve-link-text grve-read-more \">Lire plus<\/a>\n\n<\/li>\n<li class=\"product type-product post-21711 status-publish last instock product_cat-menage has-post-thumbnail shipping-taxable product-type-simple\">\n\n\t\n\t<div class=\"grve-product-item mitica\">\n\n        \n\t\t<div class=\"grve-product-media grve-image-hover\">\n\n\t\t\t<a href=\"https:\/\/pujadasgrill.com\/fr\/producto\/mini-plateau-oval-avec-couvercle\/\">\n\n\t\t\t\t\n\t\t\t<\/a>\n\n\t\t\t\t\t\t<div class=\"grve-product-content\">\n\t\t\t\t<div class=\"grve-product-switcher\">\n\t\t\t\t\t<div class=\"grve-product-price grve-link-text\">\n\t\t\t\t\t\n\t\t\t\t\t<\/div>\n\t\t\t\t\t<div class=\"grve-add-to-cart-btn grve-link-text\">\n\t\t\t\t\t<a rel=\"nofollow\" href=\"https:\/\/pujadasgrill.com\/fr\/producto\/mini-plateau-oval-avec-couvercle\/\" data-quantity=\"1\" data-product_id=\"21711\" data-product_sku=\"P23506\" class=\"product_type_simple ajax_add_to_cart\">Lire la suite<\/a>\t\t\t\t\t<\/div>\n\t\t\t\t<\/div>\n\t\t\t<\/div>\n        <\/div>\n\n    <\/div>\n\t<h2 class=\"woocommerce-loop-product__title\">Mini Plateau Oval Avec Couvercle<\/h2>    <a href=\"https:\/\/pujadasgrill.com\/fr\/producto\/mini-plateau-oval-avec-couvercle\/\" target=\"_self\" class=\"grve-link-text grve-read-more \">Lire plus<\/a>\n\n<\/li>\n<li class=\"product type-product post-21703 status-publish first instock product_cat-menage has-post-thumbnail shipping-taxable product-type-simple\">\n\n\t\n\t<div class=\"grve-product-item mitica\">\n\n        \n\t\t<div class=\"grve-product-media grve-image-hover\">\n\n\t\t\t<a href=\"https:\/\/pujadasgrill.com\/fr\/producto\/mini-cocotte-avec-couvercle\/\">\n\n\t\t\t\t\n\t\t\t<\/a>\n\n\t\t\t\t\t\t<div class=\"grve-product-content\">\n\t\t\t\t<div class=\"grve-product-switcher\">\n\t\t\t\t\t<div class=\"grve-product-price grve-link-text\">\n\t\t\t\t\t\n\t\t\t\t\t<\/div>\n\t\t\t\t\t<div class=\"grve-add-to-cart-btn grve-link-text\">\n\t\t\t\t\t<a rel=\"nofollow\" href=\"https:\/\/pujadasgrill.com\/fr\/producto\/mini-cocotte-avec-couvercle\/\" data-quantity=\"1\" data-product_id=\"21703\" data-product_sku=\"P23505\" class=\"product_type_simple ajax_add_to_cart\">Lire la suite<\/a>\t\t\t\t\t<\/div>\n\t\t\t\t<\/div>\n\t\t\t<\/div>\n        <\/div>\n\n    <\/div>\n\t<h2 class=\"woocommerce-loop-product__title\">Mini Cocotte Avec Couvercle<\/h2>    <a href=\"https:\/\/pujadasgrill.com\/fr\/producto\/mini-cocotte-avec-couvercle\/\" target=\"_self\" class=\"grve-link-text grve-read-more \">Lire plus<\/a>\n\n<\/li>\n<li class=\"product type-product post-21699 status-publish instock product_cat-menage has-post-thumbnail shipping-taxable product-type-simple\">\n\n\t\n\t<div class=\"grve-product-item mitica\">\n\n        \n\t\t<div class=\"grve-product-media grve-image-hover\">\n\n\t\t\t<a href=\"https:\/\/pujadasgrill.com\/fr\/producto\/mini-poele-rectangulaire\/\">\n\n\t\t\t\t\n\t\t\t<\/a>\n\n\t\t\t\t\t\t<div class=\"grve-product-content\">\n\t\t\t\t<div class=\"grve-product-switcher\">\n\t\t\t\t\t<div class=\"grve-product-price grve-link-text\">\n\t\t\t\t\t\n\t\t\t\t\t<\/div>\n\t\t\t\t\t<div class=\"grve-add-to-cart-btn grve-link-text\">\n\t\t\t\t\t<a rel=\"nofollow\" href=\"https:\/\/pujadasgrill.com\/fr\/producto\/mini-poele-rectangulaire\/\" data-quantity=\"1\" data-product_id=\"21699\" data-product_sku=\"P23504\" class=\"product_type_simple ajax_add_to_cart\">Lire la suite<\/a>\t\t\t\t\t<\/div>\n\t\t\t\t<\/div>\n\t\t\t<\/div>\n        <\/div>\n\n    <\/div>\n\t<h2 class=\"woocommerce-loop-product__title\">Mini Po\u00eale Rectangulaire<\/h2>    <a href=\"https:\/\/pujadasgrill.com\/fr\/producto\/mini-poele-rectangulaire\/\" target=\"_self\" class=\"grve-link-text grve-read-more \">Lire plus<\/a>\n\n<\/li>\n<li class=\"product type-product post-21695 status-publish instock product_cat-menage has-post-thumbnail shipping-taxable product-type-simple\">\n\n\t\n\t<div class=\"grve-product-item mitica\">\n\n        \n\t\t<div class=\"grve-product-media grve-image-hover\">\n\n\t\t\t<a href=\"https:\/\/pujadasgrill.com\/fr\/producto\/mini-poele-carree\/\">\n\n\t\t\t\t\n\t\t\t<\/a>\n\n\t\t\t\t\t\t<div class=\"grve-product-content\">\n\t\t\t\t<div class=\"grve-product-switcher\">\n\t\t\t\t\t<div class=\"grve-product-price grve-link-text\">\n\t\t\t\t\t\n\t\t\t\t\t<\/div>\n\t\t\t\t\t<div class=\"grve-add-to-cart-btn grve-link-text\">\n\t\t\t\t\t<a rel=\"nofollow\" href=\"https:\/\/pujadasgrill.com\/fr\/producto\/mini-poele-carree\/\" data-quantity=\"1\" data-product_id=\"21695\" data-product_sku=\"P23503\" class=\"product_type_simple ajax_add_to_cart\">Lire la suite<\/a>\t\t\t\t\t<\/div>\n\t\t\t\t<\/div>\n\t\t\t<\/div>\n        <\/div>\n\n    <\/div>\n\t<h2 class=\"woocommerce-loop-product__title\">Mini Po\u00eale Carr\u00e9e<\/h2>    <a href=\"https:\/\/pujadasgrill.com\/fr\/producto\/mini-poele-carree\/\" target=\"_self\" class=\"grve-link-text grve-read-more \">Lire plus<\/a>\n\n<\/li>\n<li class=\"product type-product post-12703 status-publish last instock product_cat-menage has-post-thumbnail shipping-taxable product-type-simple\">\n\n\t\n\t<div class=\"grve-product-item mitica\">\n\n        \n\t\t<div class=\"grve-product-media grve-image-hover\">\n\n\t\t\t<a href=\"https:\/\/pujadasgrill.com\/fr\/producto\/mini-poele-ronde-haute\/\">\n\n\t\t\t\t\n\t\t\t<\/a>\n\n\t\t\t\t\t\t<div class=\"grve-product-content\">\n\t\t\t\t<div class=\"grve-product-switcher\">\n\t\t\t\t\t<div class=\"grve-product-price grve-link-text\">\n\t\t\t\t\t\n\t\t\t\t\t<\/div>\n\t\t\t\t\t<div class=\"grve-add-to-cart-btn grve-link-text\">\n\t\t\t\t\t<a rel=\"nofollow\" href=\"https:\/\/pujadasgrill.com\/fr\/producto\/mini-poele-ronde-haute\/\" data-quantity=\"1\" data-product_id=\"12703\" data-product_sku=\"P23502\" class=\"product_type_simple ajax_add_to_cart\">Lire la suite<\/a>\t\t\t\t\t<\/div>\n\t\t\t\t<\/div>\n\t\t\t<\/div>\n        <\/div>\n\n    <\/div>\n\t<h2 class=\"woocommerce-loop-product__title\">Mini Po\u00eale Ronde Haute<\/h2>    <a href=\"https:\/\/pujadasgrill.com\/fr\/producto\/mini-poele-ronde-haute\/\" target=\"_self\" class=\"grve-link-text grve-read-more \">Lire plus<\/a>\n\n<\/li>\n<\/ul>\n<\/div>[vc_empty_space height=&#8221;20px&#8221;][\/vc_column][\/vc_row]<\/p>\n","protected":false},"excerpt":{"rendered":"<p>[vc_row][vc_column][vc_column_text]Produits \/ Batterie[\/vc_column_text][\/vc_column][\/vc_row][vc_row][vc_column width=&#8221;1\/6&#8243;][\/vc_column][vc_column width=&#8221;2\/3&#8243;][vc_column_text]Nos ustensiles de cuisine sp\u00e9cialis\u00e9s sont con\u00e7us pour compl\u00e9ter parfaitement nos fours ouverts au charbon de bois et nos grils, offrant aux chefs les outils n\u00e9cessaires pour amener leur cuisson au grill au niveau sup\u00e9rieur. Fabriqu\u00e9 \u00e0 partir de mat\u00e9riaux de haute qualit\u00e9 et con\u00e7u pour r\u00e9sister aux temp\u00e9ratures \u00e9lev\u00e9es et [&hellip;]<\/p>\n","protected":false},"author":1,"featured_media":22672,"parent":0,"menu_order":0,"comment_status":"closed","ping_status":"closed","template":"","meta":{"_seopress_robots_primary_cat":"","inline_featured_image":false,"footnotes":""},"class_list":["post-18801","page","type-page","status-publish","has-post-thumbnail","hentry"],"_links":{"self":[{"href":"https:\/\/pujadasgrill.com\/fr\/wp-json\/wp\/v2\/pages\/18801"}],"collection":[{"href":"https:\/\/pujadasgrill.com\/fr\/wp-json\/wp\/v2\/pages"}],"about":[{"href":"https:\/\/pujadasgrill.com\/fr\/wp-json\/wp\/v2\/types\/page"}],"author":[{"embeddable":true,"href":"https:\/\/pujadasgrill.com\/fr\/wp-json\/wp\/v2\/users\/1"}],"replies":[{"embeddable":true,"href":"https:\/\/pujadasgrill.com\/fr\/wp-json\/wp\/v2\/comments?post=18801"}],"version-history":[{"count":6,"href":"https:\/\/pujadasgrill.com\/fr\/wp-json\/wp\/v2\/pages\/18801\/revisions"}],"predecessor-version":[{"id":24041,"href":"https:\/\/pujadasgrill.com\/fr\/wp-json\/wp\/v2\/pages\/18801\/revisions\/24041"}],"wp:featuredmedia":[{"embeddable":true,"href":"https:\/\/pujadasgrill.com\/fr\/wp-json\/wp\/v2\/media\/22672"}],"wp:attachment":[{"href":"https:\/\/pujadasgrill.com\/fr\/wp-json\/wp\/v2\/media?parent=18801"}],"curies":[{"name":"wp","href":"https:\/\/api.w.org\/{rel}","templated":true}]}}