{"id":23176,"date":"2024-06-11T14:13:30","date_gmt":"2024-06-11T14:13:30","guid":{"rendered":"https:\/\/pujadasgrill.com\/charbon\/"},"modified":"2024-06-17T09:36:05","modified_gmt":"2024-06-17T09:36:05","slug":"charbon","status":"publish","type":"page","link":"https:\/\/pujadasgrill.com\/fr\/charbon\/","title":{"rendered":"Charbon"},"content":{"rendered":"<p>[vc_row][vc_column][vc_column_text]Produits \/ <strong>Charbon de bois Marab\u00fa de qualit\u00e9 sup\u00e9rieure<\/strong>[\/vc_column_text][\/vc_column][\/vc_row][vc_row][vc_column width=&#8221;1\/2&#8243; el_class=&#8221;productImages&#8221;]<div class=\"grve-element grve-image productMainImage grve-align-center\" style=\"\"><img loading=\"lazy\" decoding=\"async\" width=\"940\" height=\"941\" src=\"https:\/\/pujadasgrill.com\/wp-content\/uploads\/2024\/06\/menuProductImageCarbon-1.png\" class=\"attachment-full size-full\" alt=\"\" \/><\/div><div class=\"grve-element grve-carousel-wrapper grve-with-gap\" style=\"\"><div class=\"grve-carousel-navigation grve-dark grve-navigation-1 grve-navigation-carousel\">\t<div class=\"grve-carousel-buttons\">\t\t<div class=\"grve-carousel-prev\">\t\t\t<i class=\"grve-icon-arrow-left-alt\"><\/i>\t\t<\/div>\t\t<div class=\"grve-carousel-next\">\t\t\t<i class=\"grve-icon-arrow-right-alt\"><\/i>\t\t<\/div>\t<\/div><\/div>\t<div class=\"grve-flexible-carousel grve-carousel-element \" data-items=\"4\" data-tablet-landscape-items=\"4\" data-tablet-portrait-items=\"2\" data-mobile-items=\"1\" data-slider-speed=\"3000\" data-pagination-speed=\"400\" data-pagination=\"no\" data-slider-autoheight=\"no\" data-slider-pause=\"no\" data-slider-autoplay=\"yes\">\t<\/div><\/div>[\/vc_column][vc_column width=&#8221;1\/2&#8243; el_class=&#8221;fontSize13&#8243;]<h1 class=\"grve-element grve-title grve-align-left grve-h3\" style=\"\"><span>Charbon de bois Marab\u00fa de qualit\u00e9 sup\u00e9rieure<\/span><\/h1><h3 class=\"grve-element grve-title grve-align-left grve-h3\" style=\"\"><span>P850000<\/span><\/h3>[vc_column_text]<\/p>\n<ul>\n<li><strong>Puissance calorifique \u00e9lev\u00e9e.<\/strong><\/li>\n<li><strong>Bonne proportion de roturado et canelino.<\/strong><\/li>\n<li><strong>Charbon grosse granulom\u00e9trie et sans poussi\u00e8re.<\/strong><\/li>\n<li><strong>Sac de 10 kg avec poign\u00e9e pour un transport et une manipulation faciles.<\/strong><\/li>\n<li><strong>Sac fabriqu\u00e9 en raphia plastifi\u00e9 pour \u00e9viter la perte de suie.<\/strong><\/li>\n<\/ul>\n<div class=\"page\" title=\"Page 24\">\n<div class=\"section\">\n<div class=\"layoutArea\">\n<div class=\"column\">\n<p><strong>Unit\u00e9 de vente: 1 palette 28 sacs de 10Kg. de charbon de bois<\/strong><\/p>\n<\/div>\n<\/div>\n<\/div>\n<\/div>\n<p>[\/vc_column_text][vc_column_text el_class=&#8221;specsTable&#8221;]<\/p>\n<table>\n<tbody>\n<tr>\n<td>Type de bois:<\/td>\n<td>Marab\u00fa<\/td>\n<\/tr>\n<tr>\n<td>Puissance calorique:<\/td>\n<td>\u2248 8000 Kcal\/Kg<\/td>\n<\/tr>\n<tr>\n<td>Granulom\u00e9trie:<\/td>\n<td>150 mm<\/td>\n<\/tr>\n<tr>\n<td>Carbone:<\/td>\n<td>&gt; 75%<\/td>\n<\/tr>\n<tr>\n<td>Cendres:<\/td>\n<td>&lt; 5%<\/td>\n<\/tr>\n<tr>\n<td>Humidit\u00e9:<\/td>\n<td>&lt; 6%<\/td>\n<\/tr>\n<tr>\n<td>Densit\u00e9:<\/td>\n<td>298 Km\/m<sup>3<\/sup><\/td>\n<\/tr>\n<tr>\n<td>Poids sac:<\/td>\n<td>10 Kg<\/td>\n<\/tr>\n<\/tbody>\n<\/table>\n<p>[\/vc_column_text][vc_column_text]<a class=\"btFitxa\" href=\"#\" target=\"_blanc\" rel=\"noopener\">T\u00e9l\u00e9charger la fiche technique<\/a> <a class=\"btManual\" href=\"#\" target=\"_blanc\" rel=\"noopener\">T\u00e9l\u00e9chargement du manuel d&#8217;utilisation<\/a>[\/vc_column_text][\/vc_column][\/vc_row][vc_row bg_type=&#8221;image&#8221; bg_image=&#8221;20491&#8243; bg_image_type=&#8221;fixed&#8221; bg_image_size=&#8221;full&#8221; equal_column_height=&#8221;middle-content&#8221; el_class=&#8221;productFormSection&#8221;][vc_column width=&#8221;1\/2&#8243;]<h3 class=\"grve-element grve-title grve-align-left grve-h3\" style=\"\"><span>\u00cates-vous int\u00e9ress\u00e9 par du charbon de bois Marabu de qualit\u00e9 sup\u00e9rieure ?<\/span><\/h3><h4 class=\"grve-element grve-title grve-align-left grve-h4\" style=\"\"><span>Nous vous conseillons<\/span><\/h4>[\/vc_column][vc_column width=&#8221;1\/2&#8243;]\n<div class=\"wpcf7 no-js\" id=\"wpcf7-f28067-o1\" lang=\"fr-FR\" dir=\"ltr\" data-wpcf7-id=\"28067\">\n<div class=\"screen-reader-response\"><p role=\"status\" aria-live=\"polite\" aria-atomic=\"true\"><\/p> <ul><\/ul><\/div>\n<form action=\"\/fr\/wp-json\/wp\/v2\/pages\/23176#wpcf7-f28067-o1\" method=\"post\" class=\"wpcf7-form init\" aria-label=\"Formulaire de contact\" novalidate=\"novalidate\" data-status=\"init\">\n<div style=\"display: none;\">\n<input type=\"hidden\" name=\"_wpcf7\" value=\"28067\" \/>\n<input type=\"hidden\" name=\"_wpcf7_version\" value=\"6.0.3\" \/>\n<input type=\"hidden\" name=\"_wpcf7_locale\" value=\"fr_FR\" \/>\n<input type=\"hidden\" name=\"_wpcf7_unit_tag\" value=\"wpcf7-f28067-o1\" \/>\n<input type=\"hidden\" name=\"_wpcf7_container_post\" value=\"0\" \/>\n<input type=\"hidden\" name=\"_wpcf7_posted_data_hash\" value=\"\" \/>\n<input type=\"hidden\" name=\"_wpcf7_recaptcha_response\" value=\"\" \/>\n<\/div>\n<div class=\"grve-form-style-1\">\n<input class=\"wpcf7-form-control wpcf7-hidden formProductReference\" value=\"\" type=\"hidden\" name=\"your-product-reference\" \/>\n\t<div class=\"wpb_column grve-column grve-column-1-2\">\n\t\t<p><span class=\"wpcf7-form-control-wrap\" data-name=\"your-name\"><input size=\"40\" maxlength=\"400\" class=\"wpcf7-form-control wpcf7-text wpcf7-validates-as-required\" aria-required=\"true\" aria-invalid=\"false\" placeholder=\"Nom (obligatoire)\" value=\"\" type=\"text\" name=\"your-name\" \/><\/span>\n\t\t<\/p>\n\t<\/div>\n\t<div class=\"wpb_column grve-column grve-column-1-2\">\n\t\t<p><span class=\"wpcf7-form-control-wrap\" data-name=\"your-surname\"><input size=\"40\" maxlength=\"400\" class=\"wpcf7-form-control wpcf7-text wpcf7-validates-as-required\" aria-required=\"true\" aria-invalid=\"false\" placeholder=\"Prenom (obligatoire)\" value=\"\" type=\"text\" name=\"your-surname\" \/><\/span>\n\t\t<\/p>\n\t<\/div>\n\t<div class=\"wpb_column grve-column grve-column-1-2\">\n\t\t<p><span class=\"wpcf7-form-control-wrap\" data-name=\"your-email\"><input size=\"40\" maxlength=\"400\" class=\"wpcf7-form-control wpcf7-email wpcf7-validates-as-required wpcf7-text wpcf7-validates-as-email\" aria-required=\"true\" aria-invalid=\"false\" placeholder=\"Email (obligatoire)\" value=\"\" type=\"email\" name=\"your-email\" \/><\/span>\n\t\t<\/p>\n\t<\/div>\n\t<div class=\"wpb_column grve-column grve-column-1-2\">\n\t\t<p><span class=\"wpcf7-form-control-wrap\" data-name=\"your-phone\"><input size=\"40\" maxlength=\"400\" class=\"wpcf7-form-control wpcf7-text wpcf7-validates-as-required\" aria-required=\"true\" aria-invalid=\"false\" placeholder=\"T\u00e9l\u00e9phone (obligatoire)\" value=\"\" type=\"text\" name=\"your-phone\" \/><\/span>\n\t\t<\/p>\n\t<\/div>\n\t<div class=\"wpb_column grve-column grve-column-1\">\n\t\t<p><span class=\"wpcf7-form-control-wrap\" data-name=\"your-company\"><input size=\"40\" maxlength=\"400\" class=\"wpcf7-form-control wpcf7-text wpcf7-validates-as-required\" aria-required=\"true\" aria-invalid=\"false\" placeholder=\"Entreprise (obligatoire)\" value=\"\" type=\"text\" name=\"your-company\" \/><\/span>\n\t\t<\/p>\n\t<\/div>\n\t<div class=\"wpb_column grve-column grve-column-1-2\">\n\t\t<p><span class=\"wpcf7-form-control-wrap\" data-name=\"your-zipcode\"><input size=\"40\" maxlength=\"400\" class=\"wpcf7-form-control wpcf7-text wpcf7-validates-as-required\" aria-required=\"true\" aria-invalid=\"false\" placeholder=\"C. Postal (obligatoire)\" value=\"\" type=\"text\" name=\"your-zipcode\" \/><\/span>\n\t\t<\/p>\n\t<\/div>\n\t<div class=\"wpb_column grve-column grve-column-1-2\">\n\t\t<p><span class=\"wpcf7-form-control-wrap\" data-name=\"your-city\"><input size=\"40\" maxlength=\"400\" class=\"wpcf7-form-control wpcf7-text wpcf7-validates-as-required\" aria-required=\"true\" aria-invalid=\"false\" placeholder=\"municipalit\u00e9 (obligatoire)\" value=\"\" type=\"text\" name=\"your-city\" \/><\/span>\n\t\t<\/p>\n\t<\/div>\n\t<div class=\"wpb_column grve-column grve-column-1\">\n\t\t<p><span class=\"wpcf7-form-control-wrap\" data-name=\"your-message\"><textarea cols=\"40\" rows=\"10\" maxlength=\"2000\" class=\"wpcf7-form-control wpcf7-textarea wpcf7-validates-as-required\" aria-required=\"true\" aria-invalid=\"false\" placeholder=\"Message... (obligatoire)\" name=\"your-message\"><\/textarea><\/span>\n\t\t<\/p>\n\t<\/div>\n\t<div class=\"wpb_column grve-column grve-column-1\">\n\t\t<p><span class=\"wpcf7-form-control-wrap\" data-name=\"gdpr\"><span class=\"wpcf7-form-control wpcf7-acceptance\"><span class=\"wpcf7-list-item\"><label><input type=\"checkbox\" name=\"gdpr\" value=\"1\" aria-invalid=\"false\" \/><span class=\"wpcf7-list-item-label\">J'ai lu et j'accepte la politique de confidentialit\u00e9<\/span><\/label><\/span><\/span><\/span>\n\t\t<\/p>\n\t<\/div>\n\t<div class=\"wpb_column grve-column grve-column-1\">\n\t\t<div class=\"grve-align-left\">\n\t\t\t<p><input class=\"wpcf7-form-control wpcf7-submit has-spinner\" type=\"submit\" value=\"Enviar\" \/>\n\t\t\t<\/p>\n\t\t<\/div>\n\t<\/div>\n<\/div><input type='hidden' class='wpcf7-pum' value='{\"closepopup\":false,\"closedelay\":0,\"openpopup\":false,\"openpopup_id\":0}' \/><div class=\"wpcf7-response-output\" aria-hidden=\"true\"><\/div>\n<\/form>\n<\/div>\n[\/vc_column][\/vc_row][vc_row][vc_column][vc_empty_space][\/vc_column][\/vc_row][vc_row][vc_column width=&#8221;1\/6&#8243;][\/vc_column][vc_column width=&#8221;2\/3&#8243;]<h2 class=\"grve-element grve-title grve-align-center grve-h2\" style=\"margin-bottom: 0px;\"><span>100% natural<\/span><\/h2><h4 class=\"grve-element grve-title grve-align-center grve-h4\" style=\"margin-bottom: 0px;\"><span>Ajoutez des nuances et des ar\u00f4mes subtils \u00e0 vos recettes gr\u00e2ce \u00e0 l'ancienne technique du fumage.<\/span><\/h4>[vc_column_text] Aromatisez les braises avant de commencer la pr\u00e9paration, afin que vos plats acqui\u00e8rent de nouvelles saveurs qui surprendront.[\/vc_column_text][\/vc_column][vc_column width=&#8221;1\/6&#8243;][\/vc_column][\/vc_row][vc_row][vc_column]<div class=\"grve-element grve-carousel-wrapper grve-with-gap\" style=\"\"><div class=\"grve-carousel-navigation grve-dark grve-navigation-1 grve-navigation-carousel\">\t<div class=\"grve-carousel-buttons\">\t\t<div class=\"grve-carousel-prev\">\t\t\t<i class=\"grve-icon-arrow-left-alt\"><\/i>\t\t<\/div>\t\t<div class=\"grve-carousel-next\">\t\t\t<i class=\"grve-icon-arrow-right-alt\"><\/i>\t\t<\/div>\t<\/div><\/div>\t<div class=\"grve-flexible-carousel grve-carousel-element productsCarousel\" data-items=\"5\" data-tablet-landscape-items=\"4\" data-tablet-portrait-items=\"3\" data-mobile-items=\"2\" data-slider-speed=\"3000\" data-pagination-speed=\"400\" data-pagination=\"no\" data-slider-autoheight=\"no\" data-slider-pause=\"no\" data-slider-autoplay=\"yes\"><div class=\"grve-element grve-image-text\" style=\"\"><div class=\"grve-image grve-position-left\"><img loading=\"lazy\" decoding=\"async\" width=\"1478\" height=\"1316\" src=\"https:\/\/pujadasgrill.com\/wp-content\/uploads\/2024\/05\/P850101_Accessories_Oak-chunks_detail_Pujadas-1.jpg\" class=\"attachment-full size-full\" alt=\"\" srcset=\"https:\/\/pujadasgrill.com\/wp-content\/uploads\/2024\/05\/P850101_Accessories_Oak-chunks_detail_Pujadas-1.jpg 1478w, https:\/\/pujadasgrill.com\/wp-content\/uploads\/2024\/05\/P850101_Accessories_Oak-chunks_detail_Pujadas-1-300x267.jpg 300w, https:\/\/pujadasgrill.com\/wp-content\/uploads\/2024\/05\/P850101_Accessories_Oak-chunks_detail_Pujadas-1-1024x912.jpg 1024w, https:\/\/pujadasgrill.com\/wp-content\/uploads\/2024\/05\/P850101_Accessories_Oak-chunks_detail_Pujadas-1-768x684.jpg 768w, https:\/\/pujadasgrill.com\/wp-content\/uploads\/2024\/05\/P850101_Accessories_Oak-chunks_detail_Pujadas-1-600x534.jpg 600w\" sizes=\"(max-width: 1478px) 100vw, 1478px\" \/><\/div>  <div class=\"grve-content grve-position-right grve-align-left\">  <p>Morceaus de ch\u00eane<\/p>    <a href=\"https:\/\/pujadasgrill.com\/fr\/producto\/morceaus-de-chene\/\" target=\"_self\" class=\"grve-link-text grve-read-more \">Voir plus<\/a>  <\/div><\/div><div class=\"grve-element grve-image-text\" style=\"\"><div class=\"grve-image grve-position-left\"><img loading=\"lazy\" decoding=\"async\" width=\"876\" height=\"562\" src=\"https:\/\/pujadasgrill.com\/wp-content\/uploads\/2024\/05\/P850102-Accessories-Sherry-aromatic-oak-chips-Pujadas.jpg\" class=\"attachment-full size-full\" alt=\"\" srcset=\"https:\/\/pujadasgrill.com\/wp-content\/uploads\/2024\/05\/P850102-Accessories-Sherry-aromatic-oak-chips-Pujadas.jpg 876w, https:\/\/pujadasgrill.com\/wp-content\/uploads\/2024\/05\/P850102-Accessories-Sherry-aromatic-oak-chips-Pujadas-300x192.jpg 300w, https:\/\/pujadasgrill.com\/wp-content\/uploads\/2024\/05\/P850102-Accessories-Sherry-aromatic-oak-chips-Pujadas-768x493.jpg 768w, https:\/\/pujadasgrill.com\/wp-content\/uploads\/2024\/05\/P850102-Accessories-Sherry-aromatic-oak-chips-Pujadas-600x385.jpg 600w\" sizes=\"(max-width: 876px) 100vw, 876px\" \/><\/div>  <div class=\"grve-content grve-position-right grve-align-left\">  <p>Copeaux de ch\u00eane \u00e0 l\u2019ar\u00f4me de x\u00e9r\u00e8s<\/p>    <a href=\"https:\/\/pujadasgrill.com\/fr\/producto\/copeaux-de-chene-a-larome-de-xeres\/\" target=\"_self\" class=\"grve-link-text grve-read-more \">Voir plus<\/a>  <\/div><\/div><div class=\"grve-element grve-image-text\" style=\"\"><div class=\"grve-image grve-position-left\"><img loading=\"lazy\" decoding=\"async\" width=\"887\" height=\"562\" src=\"https:\/\/pujadasgrill.com\/wp-content\/uploads\/2024\/05\/P850104-Accessories-Whisky-aromatic-oak-chips-Pujadas.jpg\" class=\"attachment-full size-full\" alt=\"\" srcset=\"https:\/\/pujadasgrill.com\/wp-content\/uploads\/2024\/05\/P850104-Accessories-Whisky-aromatic-oak-chips-Pujadas.jpg 887w, https:\/\/pujadasgrill.com\/wp-content\/uploads\/2024\/05\/P850104-Accessories-Whisky-aromatic-oak-chips-Pujadas-300x190.jpg 300w, https:\/\/pujadasgrill.com\/wp-content\/uploads\/2024\/05\/P850104-Accessories-Whisky-aromatic-oak-chips-Pujadas-768x487.jpg 768w, https:\/\/pujadasgrill.com\/wp-content\/uploads\/2024\/05\/P850104-Accessories-Whisky-aromatic-oak-chips-Pujadas-600x380.jpg 600w\" sizes=\"(max-width: 887px) 100vw, 887px\" \/><\/div>  <div class=\"grve-content grve-position-right grve-align-left\">  <p>Copeaux de ch\u00eane \u00e0 l\u2019ar\u00f4me de whisky<\/p>    <a href=\"https:\/\/pujadasgrill.com\/fr\/producto\/copeaux-de-chene-a-larome-de-whisky\/\" target=\"_self\" class=\"grve-link-text grve-read-more \">Voir plus<\/a>  <\/div><\/div>\t<\/div><\/div>[\/vc_column][\/vc_row][vc_row][vc_column][vc_empty_space][\/vc_column][\/vc_row]<\/p>\n","protected":false},"excerpt":{"rendered":"<p>[vc_row][vc_column][vc_column_text]Produits \/ Charbon de bois Marab\u00fa de qualit\u00e9 sup\u00e9rieure[\/vc_column_text][\/vc_column][\/vc_row][vc_row][vc_column width=&#8221;1\/2&#8243; el_class=&#8221;productImages&#8221;][\/vc_column][vc_column width=&#8221;1\/2&#8243; el_class=&#8221;fontSize13&#8243;][vc_column_text] Puissance calorifique \u00e9lev\u00e9e. Bonne proportion de roturado et canelino. Charbon grosse granulom\u00e9trie et sans poussi\u00e8re. Sac de 10 kg avec poign\u00e9e pour un transport et une manipulation faciles. Sac fabriqu\u00e9 en raphia plastifi\u00e9 pour \u00e9viter la perte de suie. Unit\u00e9 de vente: [&hellip;]<\/p>\n","protected":false},"author":1,"featured_media":21901,"parent":0,"menu_order":0,"comment_status":"closed","ping_status":"closed","template":"","meta":{"_seopress_robots_primary_cat":"","inline_featured_image":false,"footnotes":""},"class_list":["post-23176","page","type-page","status-publish","has-post-thumbnail","hentry"],"_links":{"self":[{"href":"https:\/\/pujadasgrill.com\/fr\/wp-json\/wp\/v2\/pages\/23176"}],"collection":[{"href":"https:\/\/pujadasgrill.com\/fr\/wp-json\/wp\/v2\/pages"}],"about":[{"href":"https:\/\/pujadasgrill.com\/fr\/wp-json\/wp\/v2\/types\/page"}],"author":[{"embeddable":true,"href":"https:\/\/pujadasgrill.com\/fr\/wp-json\/wp\/v2\/users\/1"}],"replies":[{"embeddable":true,"href":"https:\/\/pujadasgrill.com\/fr\/wp-json\/wp\/v2\/comments?post=23176"}],"version-history":[{"count":5,"href":"https:\/\/pujadasgrill.com\/fr\/wp-json\/wp\/v2\/pages\/23176\/revisions"}],"predecessor-version":[{"id":24040,"href":"https:\/\/pujadasgrill.com\/fr\/wp-json\/wp\/v2\/pages\/23176\/revisions\/24040"}],"wp:featuredmedia":[{"embeddable":true,"href":"https:\/\/pujadasgrill.com\/fr\/wp-json\/wp\/v2\/media\/21901"}],"wp:attachment":[{"href":"https:\/\/pujadasgrill.com\/fr\/wp-json\/wp\/v2\/media?parent=23176"}],"curies":[{"name":"wp","href":"https:\/\/api.w.org\/{rel}","templated":true}]}}