{"id":23184,"date":"2024-06-11T14:18:05","date_gmt":"2024-06-11T14:18:05","guid":{"rendered":"https:\/\/pujadasgrill.com\/demonstrations\/"},"modified":"2024-06-17T10:24:06","modified_gmt":"2024-06-17T10:24:06","slug":"demonstrations","status":"publish","type":"page","link":"https:\/\/pujadasgrill.com\/fr\/demonstrations\/","title":{"rendered":"D\u00e9monstrations"},"content":{"rendered":"<p>[vc_row el_class=&#8221;whiteBg&#8221;][vc_column width=&#8221;1\/6&#8243;][\/vc_column][vc_column width=&#8221;2\/3&#8243;][vc_empty_space]<h2 class=\"grve-element grve-title grve-align-center grve-h2 titlePage\" style=\"\"><span>D\u00e9monstrations sur mesure<\/span><\/h2><h3 class=\"grve-element grve-title grve-align-center grve-h3 subTitlePage\" style=\"\"><span>\u00cates-vous int\u00e9ress\u00e9 \u00e0 assister \u00e0 la d\u00e9mo?<\/span><\/h3>[vc_column_text]Remplissez le formulaire suivant et nous vous contacterons pour confirmer les d\u00e9tails:[\/vc_column_text][vc_empty_space][\/vc_column][vc_column width=&#8221;1\/6&#8243;][\/vc_column][\/vc_row][vc_row padding_top=&#8221;0px&#8221; padding_bottom=&#8221;0px&#8221; margin_bottom=&#8221;0px&#8221;][vc_column width=&#8221;1\/6&#8243;][\/vc_column][vc_column width=&#8221;2\/3&#8243;]\n<div class=\"wpcf7 no-js\" id=\"wpcf7-f24055-o1\" lang=\"fr-FR\" dir=\"ltr\" data-wpcf7-id=\"24055\">\n<div class=\"screen-reader-response\"><p role=\"status\" aria-live=\"polite\" aria-atomic=\"true\"><\/p> <ul><\/ul><\/div>\n<form action=\"\/fr\/wp-json\/wp\/v2\/pages\/23184#wpcf7-f24055-o1\" method=\"post\" class=\"wpcf7-form init\" aria-label=\"Formulaire de contact\" novalidate=\"novalidate\" data-status=\"init\">\n<div style=\"display: none;\">\n<input type=\"hidden\" name=\"_wpcf7\" value=\"24055\" \/>\n<input type=\"hidden\" name=\"_wpcf7_version\" value=\"6.0.3\" \/>\n<input type=\"hidden\" name=\"_wpcf7_locale\" value=\"fr_FR\" \/>\n<input type=\"hidden\" name=\"_wpcf7_unit_tag\" value=\"wpcf7-f24055-o1\" \/>\n<input type=\"hidden\" name=\"_wpcf7_container_post\" value=\"0\" \/>\n<input type=\"hidden\" name=\"_wpcf7_posted_data_hash\" value=\"\" \/>\n<input type=\"hidden\" name=\"_wpcf7_recaptcha_response\" value=\"\" \/>\n<\/div>\n<div class=\"grve-form-style-1\">\n\t<div class=\"wpb_column grve-column grve-column-1\">\n\t\t<p><span class=\"wpcf7-form-control-wrap\" data-name=\"campaign\"><select class=\"wpcf7-form-control wpcf7-select\" aria-invalid=\"false\" name=\"campaign\"><option value=\"\">Choisissez votre D\u00c9MO<\/option><option value=\"EVENTO LISBOA (Portugal)\">EVENTO LISBOA (Portugal)<\/option><\/select><\/span>\n\t\t<\/p>\n\t<\/div>\n\t<div class=\"wpb_column grve-column grve-column-1-2\">\n\t\t<p><span class=\"wpcf7-form-control-wrap\" data-name=\"your-name\"><input size=\"40\" maxlength=\"400\" class=\"wpcf7-form-control wpcf7-text wpcf7-validates-as-required\" aria-required=\"true\" aria-invalid=\"false\" placeholder=\"Prenom\" value=\"\" type=\"text\" name=\"your-name\" \/><\/span>\n\t\t<\/p>\n\t<\/div>\n\t<div class=\"wpb_column grve-column grve-column-1-2\">\n\t\t<p><span class=\"wpcf7-form-control-wrap\" data-name=\"your-surname\"><input size=\"40\" maxlength=\"400\" class=\"wpcf7-form-control wpcf7-text wpcf7-validates-as-required\" aria-required=\"true\" aria-invalid=\"false\" placeholder=\"Nom\" value=\"\" type=\"text\" name=\"your-surname\" \/><\/span>\n\t\t<\/p>\n\t<\/div>\n\t<div class=\"wpb_column grve-column grve-column-1\">\n\t\t<p><span class=\"wpcf7-form-control-wrap\" data-name=\"your-email\"><input size=\"40\" maxlength=\"400\" class=\"wpcf7-form-control wpcf7-email wpcf7-validates-as-required wpcf7-text wpcf7-validates-as-email\" aria-required=\"true\" aria-invalid=\"false\" placeholder=\"Email (obligatoire)\" value=\"\" type=\"email\" name=\"your-email\" \/><\/span>\n\t\t<\/p>\n\t<\/div>\n\t<div class=\"wpb_column grve-column grve-column-1-3\">\n\t\t<p><span class=\"wpcf7-form-control-wrap\" data-name=\"your-city\"><input size=\"40\" maxlength=\"400\" class=\"wpcf7-form-control wpcf7-text wpcf7-validates-as-required\" aria-required=\"true\" aria-invalid=\"false\" placeholder=\"Municipalit\u00e9\" value=\"\" type=\"text\" name=\"your-city\" \/><\/span>\n\t\t<\/p>\n\t<\/div>\n\t<div class=\"wpb_column grve-column grve-column-1-3\">\n\t\t<p><span class=\"wpcf7-form-control-wrap\" data-name=\"your-zipcode\"><input size=\"40\" maxlength=\"400\" class=\"wpcf7-form-control wpcf7-text\" aria-invalid=\"false\" placeholder=\"Code Postal\" value=\"\" type=\"text\" name=\"your-zipcode\" \/><\/span>\n\t\t<\/p>\n\t<\/div>\n\t<div class=\"wpb_column grve-column grve-column-1-3\">\n\t\t<p><span class=\"wpcf7-form-control-wrap\" data-name=\"your-province\"><input size=\"40\" maxlength=\"400\" class=\"wpcf7-form-control wpcf7-text\" aria-invalid=\"false\" placeholder=\"Province\" value=\"\" type=\"text\" name=\"your-province\" \/><\/span>\n\t\t<\/p>\n\t<\/div>\n\t<div class=\"wpb_column grve-column grve-column-1\">\n\t\t<p><span class=\"wpcf7-form-control-wrap\" data-name=\"your-country\"><select class=\"wpcf7-form-control wpcf7-select wpcf7-validates-as-required\" aria-required=\"true\" aria-invalid=\"false\" name=\"your-country\"><option value=\"\">Pays<\/option><option value=\"Espagne\">Espagne<\/option><option value=\"Afghanistan\">Afghanistan<\/option><option value=\"Albanie\">Albanie<\/option><option value=\"Alg\u00e9rie\">Alg\u00e9rie<\/option><option value=\"Samoa am\u00e9ricaines\">Samoa am\u00e9ricaines<\/option><option value=\"Andorre\">Andorre<\/option><option value=\"Angola\">Angola<\/option><option value=\"Anguilla\">Anguilla<\/option><option value=\"Antarctique\">Antarctique<\/option><option value=\"Antigua-et-Barbuda\">Antigua-et-Barbuda<\/option><option value=\"Argentine\">Argentine<\/option><option value=\"Arm\u00e9nie\">Arm\u00e9nie<\/option><option value=\"Aruba\">Aruba<\/option><option value=\"Australie\">Australie<\/option><option value=\"Autriche\">Autriche<\/option><option value=\"Azerba\u00efdjan\">Azerba\u00efdjan<\/option><option value=\"Bahamas\">Bahamas<\/option><option value=\"Bahre\u00efn\">Bahre\u00efn<\/option><option value=\"Bangladesh\">Bangladesh<\/option><option value=\"Barbade\">Barbade<\/option><option value=\"Bi\u00e9lorussie\">Bi\u00e9lorussie<\/option><option value=\"Belgique\">Belgique<\/option><option value=\"Belize\">Belize<\/option><option value=\"B\u00e9nin\">B\u00e9nin<\/option><option value=\"Bermudes\"> Bermudes<\/option><option value=\"Bhoutan\">Bhoutan<\/option><option value=\"Bolivie\">Bolivie<\/option><option value=\"Bosnie-Herz\u00e9govine\">Bosnie-Herz\u00e9govine<\/option><option value=\"Botswana\">Botswana<\/option><option value=\"Br\u00e9sil\">Br\u00e9sil<\/option><option value=\"Brunei Darussalam\">Brunei Darussalam<\/option><option value=\"Bulgarie\">Bulgarie<\/option><option value=\"Burkina Faso\">Burkina Faso<\/option><option value=\"Burundi\">Burundi<\/option><option value=\"Cambodge\">Cambodge<\/option><option value=\"Cameroun\">Cameroun<\/option><option value=\"Canada\">Canada<\/option><option value=\"Cap-Vert\">Cap-Vert<\/option><option value=\"\u00celes Ca\u00efmans\">\u00celes Ca\u00efmans<\/option><option value=\"R\u00e9publique centrafricaine\">R\u00e9publique centrafricaine<\/option><option value=\"Tchad\">Tchad<\/option><option value=\"Chili\">Chili<\/option><option value=\"Chine\">Chine<\/option><option value=\"\u00cele Christmas\">\u00cele Christmas<\/option><option value=\"\u00celes Cocos\">\u00celes Cocos<\/option><option value=\"Colombie\">Colombie<\/option><option value=\"Comores\">Comores<\/option><option value=\"R\u00e9publique d\u00e9mocratique du Congo\">R\u00e9publique d\u00e9mocratique du Congo<\/option><option value=\"R\u00e9publique du Congo\">R\u00e9publique du Congo<\/option><option value=\"\u00celes Cook\">\u00celes Cook<\/option><option value=\"Costa Rica\">Costa Rica<\/option><option value=\"C\u00f4te d&#039;Ivoire\">C\u00f4te d&#039;Ivoire<\/option><option value=\"Croatie\">Croatie<\/option><option value=\"Cuba\">Cuba<\/option><option value=\"Chypre\">Chypre<\/option><option value=\"R\u00e9publique tch\u00e8que\">R\u00e9publique tch\u00e8que<\/option><option value=\"Danemark\">Danemark <\/option><option value=\"Djibouti, Djibouti\">Djibouti, Djibouti<\/option><option value=\"Dominique\">Dominique<\/option><option value=\"R\u00e9publique dominicaine\">R\u00e9publique dominicaine<\/option><option value=\"Timor oriental\">Timor oriental<\/option><option value=\"\u00c9quateur\">\u00c9quateur<\/option><option value=\"\u00c9gypte\">\u00c9gypte<\/option><option value=\"El Salvador\">El Salvador<\/option><option value=\"Guin\u00e9e \u00e9quatoriale\">Guin\u00e9e \u00e9quatoriale<\/option><option value=\"\u00c9rythr\u00e9e\">\u00c9rythr\u00e9e<\/option><option value=\"Estonie\">Estonie<\/option><option value=\"\u00c9thiopie\">\u00c9thiopie <\/option><option value=\"\u00celes Falkland\">\u00celes Falkland<\/option><option value=\"\u00celes F\u00e9ro\u00e9\">\u00celes F\u00e9ro\u00e9<\/option><option value=\"Fidji\">Fidji<\/option><option value=\"Finlande\">Finlande<\/option><option value=\"France\">France<\/option><option value=\"Guyane fran\u00e7aise\">Guyane fran\u00e7aise<\/option><option value=\"Polyn\u00e9sie fran\u00e7aise\">Polyn\u00e9sie fran\u00e7aise<\/option><option value=\"Gabon\">Gabon<\/option><option value=\"Gambie\">Gambie<\/option><option value=\"G\u00e9orgie\">G\u00e9orgie<\/option><option value=\"Allemagne\">Allemagne<\/option><option value=\"Ghana\"> Ghana<\/option><option value=\"Gibraltar\">Gibraltar<\/option><option value=\"Gr\u00e8ce\">Gr\u00e8ce<\/option><option value=\"Groenland\">Groenland<\/option><option value=\"Grenade\">Grenade<\/option><option value=\"Guadeloupe\">Guadeloupe<\/option><option value=\"Guam\">Guam<\/option><option value=\"Guatemala\">Guatemala<\/option><option value=\"Guin\u00e9e\">Guin\u00e9e<\/option><option value=\"Guin\u00e9e-Bissau\">Guin\u00e9e-Bissau<\/option><option value=\"Guyana\">Guyana<\/option><option value=\"Ha\u00efti\">Ha\u00efti<\/option><option value=\"Honduras\">Honduras<\/option><option value=\"Hong Kong\">Hong Kong<\/option><option value=\"Hongrie\">Hongrie<\/option><option value=\"Islande\">Islande<\/option><option value=\"Inde\">Inde<\/option><option value=\"Indon\u00e9sie\">Indon\u00e9sie<\/option><option value=\"Iran\">Iran<\/option><option value=\"Irak\">Irak<\/option><option value=\"Irlande\">Irlande<\/option><option value=\"Isra\u00ebl\">Isra\u00ebl<\/option><option value=\"Italie\">Italie<\/option><option value=\"Jama\u00efque\">Jama\u00efque<\/option><option value=\"Japon\"> Japon<\/option><option value=\"Jordanie\">Jordanie<\/option><option value=\"Kazakhstan\">Kazakhstan<\/option><option value=\"Kenya\">Kenya<\/option><option value=\"Kiribati\">Kiribati<\/option><option value=\"Cor\u00e9e du Nord\">Cor\u00e9e du Nord<\/option><option value=\"Cor\u00e9e du Sud\">Cor\u00e9e du Sud<\/option><option value=\"Kosovo\">Kosovo<\/option><option value=\"Kowe\u00eft\">Kowe\u00eft<\/option><option value=\"Kirghizistan\">Kirghizistan<\/option><option value=\"Laos\">Laos<\/option><option value=\"Lettonie\">Lettonie<\/option><option value=\"Liban\"> Liban<\/option><option value=\"Lesotho\">Lesotho<\/option><option value=\"Lib\u00e9ria\">Lib\u00e9ria<\/option><option value=\"Libye\">Libye<\/option><option value=\"Liechtenstein\">Liechtenstein<\/option><option value=\"Lituanie\">Lituanie<\/option><option value=\"Luxembourg\">Luxembourg<\/option><option value=\"Macao\">Macao<\/option><option value=\"Mac\u00e9doine du Nord\">Mac\u00e9doine du Nord<\/option><option value=\"Madagascar\">Madagascar<\/option><option value=\"Malawi\">Malawi<\/option><option value=\"Malaisie\">Malaisie<\/option><option value=\"Maldives\">Maldives <\/option><option value=\"Mali\">Mali<\/option><option value=\"Malte\">Malte<\/option><option value=\"\u00celes Marshall\">\u00celes Marshall<\/option><option value=\"Martinique\">Martinique<\/option><option value=\"Mauritanie\">Mauritanie<\/option><option value=\"Maurice\">Maurice<\/option><option value=\"Mayotte\">Mayotte<\/option><option value=\"Mexique\">Mexique<\/option><option value=\"\u00c9tat f\u00e9d\u00e9r\u00e9 de Micron\u00e9sie\">\u00c9tat f\u00e9d\u00e9r\u00e9 de Micron\u00e9sie<\/option><option value=\"Moldavie\">Moldavie<\/option><option value=\"Monaco\"> Monaco<\/option><option value=\"Mongolie\">Mongolie<\/option><option value=\"Mont\u00e9n\u00e9gro\">Mont\u00e9n\u00e9gro<\/option><option value=\"Montserrat\">Montserrat<\/option><option value=\"Maroc\">Maroc<\/option><option value=\"Mozambique\">Mozambique<\/option><option value=\"Birmanie\">Birmanie<\/option><option value=\"Namibie\">Namibie<\/option><option value=\"Nauru\">Nauru<\/option><option value=\"N\u00e9pal\">N\u00e9pal<\/option><option value=\"Hollande\">Hollande<\/option><option value=\"Antilles n\u00e9erlandaises\">Antilles n\u00e9erlandaises<\/option><option value=\"Nouvelle-Cal\u00e9donie\">Nouvelle-Cal\u00e9donie<\/option><option value=\"Nouvelle-Z\u00e9lande\">Nouvelle-Z\u00e9lande<\/option><option value=\"Nicaragua\">Nicaragua<\/option><option value=\"Niger\">Niger<\/option><option value=\"Nigeria\">Nigeria<\/option><option value=\"Niue\">Niue<\/option><option value=\"\u00celes Mariannes du Nord\">\u00celes Mariannes du Nord<\/option><option value=\"Norv\u00e8ge\">Norv\u00e8ge<\/option><option value=\"Oman\">Oman<\/option><option value=\"Pakistan\">Pakistan<\/option><option value=\"Palau\">Palau<\/option><option value=\"Palestine\">Palestine<\/option><option value=\"Panama\">Panama<\/option><option value=\"Papouasie-Nouvelle-Guin\u00e9e\">Papouasie-Nouvelle-Guin\u00e9e<\/option><option value=\"Paraguay\">Paraguay<\/option><option value=\"P\u00e9rou\">P\u00e9rou<\/option><option value=\"Philippines\">Philippines<\/option><option value=\"\u00cele de Pitcairn\">\u00cele de Pitcairn<\/option><option value=\"Pologne\">Pologne<\/option><option value=\"Portugal\">Portugal<\/option><option value=\"Porto Rico\">Porto Rico<\/option><option value=\"Qatar\">Qatar<\/option><option value=\"R\u00e9union\">R\u00e9union<\/option><option value=\"Roumanie\"> Roumanie<\/option><option value=\"Russie\"> Russie<\/option><option value=\"Rwanda\">Rwanda<\/option><option value=\"Saint-Kitts-et-Nevis\">Saint-Kitts-et-Nevis<\/option><option value=\"Sainte-Lucie\">Sainte-Lucie<\/option><option value=\"Saint-Vincent-et-les Grenadines\">Saint-Vincent-et-les Grenadines<\/option><option value=\"Samoa\">Samoa<\/option><option value=\"Saint-Marin\">Saint-Marin<\/option><option value=\"Sao Tom\u00e9-et-Principe\">Sao Tom\u00e9-et-Principe<\/option><option value=\"Arabie Saoudite\">Arabie Saoudite<\/option><option value=\"S\u00e9n\u00e9gal\">S\u00e9n\u00e9gal <\/option><option value=\"Serbie\">Serbie<\/option><option value=\"Seychelles\">Seychelles<\/option><option value=\"Sierra Leone\">Sierra Leone<\/option><option value=\"Singapour\">Singapour<\/option><option value=\"Slovaquie\">Slovaquie<\/option><option value=\"Slov\u00e9nie\">Slov\u00e9nie<\/option><option value=\"\u00celes Salomon\">\u00celes Salomon<\/option><option value=\"Somalie\">Somalie<\/option><option value=\"Afrique du Sud\">Afrique du Sud<\/option><option value=\"Soudan du Sud\">Soudan du Sud<\/option><option value=\"Espagne\">Espagne<\/option><option value=\"Sri Lanka\">Sri Lanka<\/option><option value=\"Soudan\">Soudan<\/option><option value=\"Suriname\">Suriname<\/option><option value=\"Swaziland\">Swaziland<\/option><option value=\"Su\u00e8de\">Su\u00e8de<\/option><option value=\"Suisse\">Suisse<\/option><option value=\"Syrie\">Syrie<\/option><option value=\"Taiwan\">Taiwan<\/option><option value=\"Tadjikistan\">Tadjikistan<\/option><option value=\"Tanzanie\">Tanzanie<\/option><option value=\"Tha\u00eflande\">Tha\u00eflande<\/option><option value=\"Tibet\">Tibet<\/option><option value=\"Timor oriental\"> Timor oriental<\/option><option value=\"Togo\">Togo<\/option><option value=\"Tokelau\">Tokelau<\/option><option value=\"Tonga\">Tonga<\/option><option value=\"Trinit\u00e9-et-Tobago\">Trinit\u00e9-et-Tobago<\/option><option value=\"Tunisie\">Tunisie<\/option><option value=\"Turquie\">Turquie<\/option><option value=\"Turkm\u00e9nistan\">Turkm\u00e9nistan<\/option><option value=\"\u00celes Turques et Ca\u00efques\">\u00celes Turques et Ca\u00efques<\/option><option value=\"Tuvalu\">Tuvalu<\/option><option value=\"Ouganda\">Ouganda<\/option><option value=\"Ukraine\"> Ukraine<\/option><option value=\"\u00c9mirats Arabes Unis\">\u00c9mirats Arabes Unis<\/option><option value=\"Royaume-Uni\">Royaume-Uni<\/option><option value=\"\u00c9tats-Unis\">\u00c9tats-Unis<\/option><option value=\"Uruguay\">Uruguay<\/option><option value=\"Ouzb\u00e9kistan\">Ouzb\u00e9kistan<\/option><option value=\"Vanuatu\">Vanuatu<\/option><option value=\"Cit\u00e9 du Vatican\">Cit\u00e9 du Vatican<\/option><option value=\"Venezuela\">Venezuela<\/option><option value=\"Vietnam\">Vietnam<\/option><option value=\"\u00celes Vierges britanniques\">\u00celes Vierges britanniques<\/option><option value=\"\u00celes Vierges am\u00e9ricaines\">\u00celes Vierges am\u00e9ricaines<\/option><option value=\"Wallis et Futuna\">Wallis et Futuna<\/option><option value=\"Sahara occidental\">Sahara occidental<\/option><option value=\"Y\u00e9men\">Y\u00e9men<\/option><option value=\"Zambie\">Zambie<\/option><option value=\"Zimbabwe\">Zimbabwe<\/option><\/select><\/span>\n\t\t<\/p>\n\t<\/div>\n\t<div class=\"wpb_column grve-column grve-column-1-2\">\n\t\t<p><span class=\"wpcf7-form-control-wrap\" data-name=\"your-phone\"><input size=\"40\" maxlength=\"400\" class=\"wpcf7-form-control wpcf7-text wpcf7-validates-as-required\" aria-required=\"true\" aria-invalid=\"false\" placeholder=\"T\u00e9l\u00e9phone (obligatoire)\" value=\"\" type=\"text\" name=\"your-phone\" \/><\/span>\n\t\t<\/p>\n\t<\/div>\n\t<div class=\"wpb_column grve-column grve-column-1-2\">\n\t\t<p><span class=\"wpcf7-form-control-wrap\" data-name=\"your-company\"><input size=\"40\" maxlength=\"400\" class=\"wpcf7-form-control wpcf7-text\" aria-invalid=\"false\" placeholder=\"Entreprise\" value=\"\" type=\"text\" name=\"your-company\" \/><\/span>\n\t\t<\/p>\n\t<\/div>\n\t<div class=\"wpb_column grve-column grve-column-1\">\n\t\t<p><span class=\"wpcf7-form-control-wrap\" data-name=\"your-subject\"><input size=\"40\" maxlength=\"400\" class=\"wpcf7-form-control wpcf7-text wpcf7-validates-as-required\" aria-required=\"true\" aria-invalid=\"false\" placeholder=\"Sujet\" value=\"\" type=\"text\" name=\"your-subject\" \/><\/span>\n\t\t<\/p>\n\t<\/div>\n\t<div class=\"wpb_column grve-column grve-column-1\">\n\t\t<p><span class=\"wpcf7-form-control-wrap\" data-name=\"your-message\"><textarea cols=\"40\" rows=\"10\" maxlength=\"2000\" class=\"wpcf7-form-control wpcf7-textarea\" aria-invalid=\"false\" placeholder=\"Faites-nous part de votre requ\u00eate...\" name=\"your-message\"><\/textarea><\/span>\n\t\t<\/p>\n\t<\/div>\n\t<div class=\"wpb_column grve-column grve-column-1\">\n\t\t<p><span class=\"wpcf7-form-control-wrap\" data-name=\"gdpr\"><span class=\"wpcf7-form-control wpcf7-acceptance\"><span class=\"wpcf7-list-item\"><label><input type=\"checkbox\" name=\"gdpr\" value=\"1\" aria-invalid=\"false\" \/><span class=\"wpcf7-list-item-label\">J'ai lu et j'accepte la politique de confidentialit\u00e9<\/span><\/label><\/span><\/span><\/span>\n\t\t<\/p>\n\t<\/div>\n\t<div class=\"wpb_column grve-column grve-column-1\">\n\t\t<div class=\"grve-align-left\">\n\t\t\t<p><input class=\"wpcf7-form-control wpcf7-submit has-spinner\" type=\"submit\" value=\"Env\u00eda tu mensaje\" \/>\n\t\t\t<\/p>\n\t\t<\/div>\n\t<\/div>\n<\/div><input type='hidden' class='wpcf7-pum' value='{\"closepopup\":false,\"closedelay\":0,\"openpopup\":false,\"openpopup_id\":0}' \/><div class=\"wpcf7-response-output\" aria-hidden=\"true\"><\/div>\n<\/form>\n<\/div>\n[vc_raw_js]JTNDc2NyaXB0JTNFJTIwJTBBJTBBbGV0JTIwcGFyYW1zJTIwJTNEJTIwbmV3JTIwVVJMJTI4ZG9jdW1lbnQubG9jYXRpb24udG9TdHJpbmclMjglMjklMjkuc2VhcmNoUGFyYW1zJTNCJTBBbGV0JTIwY2FtcGFpZ24lMjAlM0QlMjBwYXJhbXMuZ2V0JTI4JTIyY2FtcGFpZ24lMjIlMjklM0IlMEElMEF2YXIlMjBjYWxsYmFjayUyMCUzRCUyMGZ1bmN0aW9uJTI4JTI5JTdCJTBBY29uc29sZS5sb2clMjglMjdDYWxsYmFjay1sb2FkZWQlMjclMjklM0IlMEElMEElMjBzZXRUaW1lb3V0JTI4ZnVuY3Rpb24lMjglMjklN0IlMEElMjAlMjAlMjBqUXVlcnklMjglMjJzZWxlY3QlNUJuYW1lJTNEJTI3Y2FtcGFpZ24lMjclNUQlMjIlMjkudmFsJTI4Y2FtcGFpZ24lMjklM0IlMEElN0QlMkMlMjAxMDAwJTI5JTNCJTBBJTBBJTBBJTdEJTNCJTBBJTBBaWYlMjAlMjglMEElMjAlMjAlMjAlMjBkb2N1bWVudC5yZWFkeVN0YXRlJTIwJTNEJTNEJTNEJTIwJTIyY29tcGxldGUlMjIlMjAlN0MlN0MlMEElMjAlMjAlMjAlMjAlMjhkb2N1bWVudC5yZWFkeVN0YXRlJTIwJTIxJTNEJTNEJTIwJTIybG9hZGluZyUyMiUyMCUyNiUyNiUyMCUyMWRvY3VtZW50LmRvY3VtZW50RWxlbWVudC5kb1Njcm9sbCUyOSUwQSUyOSUyMCU3QiUwQSUyMCUyMGNhbGxiYWNrJTI4JTI5JTNCJTBBJTdEJTIwZWxzZSUyMCU3QiUwQSUyMCUyMGRvY3VtZW50LmFkZEV2ZW50TGlzdGVuZXIlMjglMjJET01Db250ZW50TG9hZGVkJTIyJTJDJTIwY2FsbGJhY2slMjklM0IlMEElN0QlMEElMEElM0MlMkZzY3JpcHQlM0U=[\/vc_raw_js][vc_empty_space][vc_empty_space][\/vc_column][vc_column width=&#8221;1\/6&#8243;][\/vc_column][\/vc_row]<\/p>\n","protected":false},"excerpt":{"rendered":"<p>[vc_row el_class=&#8221;whiteBg&#8221;][vc_column width=&#8221;1\/6&#8243;][\/vc_column][vc_column width=&#8221;2\/3&#8243;][vc_empty_space][vc_column_text]Remplissez le formulaire suivant et nous vous contacterons pour confirmer les d\u00e9tails:[\/vc_column_text][vc_empty_space][\/vc_column][vc_column width=&#8221;1\/6&#8243;][\/vc_column][\/vc_row][vc_row padding_top=&#8221;0px&#8221; padding_bottom=&#8221;0px&#8221; margin_bottom=&#8221;0px&#8221;][vc_column width=&#8221;1\/6&#8243;][\/vc_column][vc_column width=&#8221;2\/3&#8243;][vc_raw_js]JTNDc2NyaXB0JTNFJTIwJTBBJTBBbGV0JTIwcGFyYW1zJTIwJTNEJTIwbmV3JTIwVVJMJTI4ZG9jdW1lbnQubG9jYXRpb24udG9TdHJpbmclMjglMjklMjkuc2VhcmNoUGFyYW1zJTNCJTBBbGV0JTIwY2FtcGFpZ24lMjAlM0QlMjBwYXJhbXMuZ2V0JTI4JTIyY2FtcGFpZ24lMjIlMjklM0IlMEElMEF2YXIlMjBjYWxsYmFjayUyMCUzRCUyMGZ1bmN0aW9uJTI4JTI5JTdCJTBBY29uc29sZS5sb2clMjglMjdDYWxsYmFjay1sb2FkZWQlMjclMjklM0IlMEElMEElMjBzZXRUaW1lb3V0JTI4ZnVuY3Rpb24lMjglMjklN0IlMEElMjAlMjAlMjBqUXVlcnklMjglMjJzZWxlY3QlNUJuYW1lJTNEJTI3Y2FtcGFpZ24lMjclNUQlMjIlMjkudmFsJTI4Y2FtcGFpZ24lMjklM0IlMEElN0QlMkMlMjAxMDAwJTI5JTNCJTBBJTBBJTBBJTdEJTNCJTBBJTBBaWYlMjAlMjglMEElMjAlMjAlMjAlMjBkb2N1bWVudC5yZWFkeVN0YXRlJTIwJTNEJTNEJTNEJTIwJTIyY29tcGxldGUlMjIlMjAlN0MlN0MlMEElMjAlMjAlMjAlMjAlMjhkb2N1bWVudC5yZWFkeVN0YXRlJTIwJTIxJTNEJTNEJTIwJTIybG9hZGluZyUyMiUyMCUyNiUyNiUyMCUyMWRvY3VtZW50LmRvY3VtZW50RWxlbWVudC5kb1Njcm9sbCUyOSUwQSUyOSUyMCU3QiUwQSUyMCUyMGNhbGxiYWNrJTI4JTI5JTNCJTBBJTdEJTIwZWxzZSUyMCU3QiUwQSUyMCUyMGRvY3VtZW50LmFkZEV2ZW50TGlzdGVuZXIlMjglMjJET01Db250ZW50TG9hZGVkJTIyJTJDJTIwY2FsbGJhY2slMjklM0IlMEElN0QlMEElMEElM0MlMkZzY3JpcHQlM0U=[\/vc_raw_js][vc_empty_space][vc_empty_space][\/vc_column][vc_column width=&#8221;1\/6&#8243;][\/vc_column][\/vc_row]<\/p>\n","protected":false},"author":1,"featured_media":22778,"parent":0,"menu_order":0,"comment_status":"closed","ping_status":"closed","template":"","meta":{"_seopress_robots_primary_cat":"","inline_featured_image":false,"footnotes":""},"class_list":["post-23184","page","type-page","status-publish","has-post-thumbnail","hentry"],"_links":{"self":[{"href":"https:\/\/pujadasgrill.com\/fr\/wp-json\/wp\/v2\/pages\/23184"}],"collection":[{"href":"https:\/\/pujadasgrill.com\/fr\/wp-json\/wp\/v2\/pages"}],"about":[{"href":"https:\/\/pujadasgrill.com\/fr\/wp-json\/wp\/v2\/types\/page"}],"author":[{"embeddable":true,"href":"https:\/\/pujadasgrill.com\/fr\/wp-json\/wp\/v2\/users\/1"}],"replies":[{"embeddable":true,"href":"https:\/\/pujadasgrill.com\/fr\/wp-json\/wp\/v2\/comments?post=23184"}],"version-history":[{"count":7,"href":"https:\/\/pujadasgrill.com\/fr\/wp-json\/wp\/v2\/pages\/23184\/revisions"}],"predecessor-version":[{"id":24052,"href":"https:\/\/pujadasgrill.com\/fr\/wp-json\/wp\/v2\/pages\/23184\/revisions\/24052"}],"wp:featuredmedia":[{"embeddable":true,"href":"https:\/\/pujadasgrill.com\/fr\/wp-json\/wp\/v2\/media\/22778"}],"wp:attachment":[{"href":"https:\/\/pujadasgrill.com\/fr\/wp-json\/wp\/v2\/media?parent=23184"}],"curies":[{"name":"wp","href":"https:\/\/api.w.org\/{rel}","templated":true}]}}