{"id":23206,"date":"2024-06-11T14:33:54","date_gmt":"2024-06-11T14:33:54","guid":{"rendered":"https:\/\/pujadasgrill.com\/grillbox-2\/barbecue-de-table-acier-inox\/"},"modified":"2024-06-17T14:43:34","modified_gmt":"2024-06-17T14:43:34","slug":"barbecue-de-table-acier-inox","status":"publish","type":"page","link":"https:\/\/pujadasgrill.com\/fr\/grillbox\/barbecue-de-table-acier-inox\/","title":{"rendered":"Barbecue de table acier inox"},"content":{"rendered":"<p>[vc_row][vc_column][vc_column_text]Produits \/ Grillbox \/ <strong>Barbecue de table acier inox<\/strong>[\/vc_column_text][\/vc_column][\/vc_row][vc_row][vc_column width=&#8221;1\/2&#8243; el_class=&#8221;productImages&#8221;]<div class=\"grve-element grve-image productMainImage grve-align-center\" style=\"\"><img loading=\"lazy\" decoding=\"async\" width=\"1000\" height=\"695\" src=\"https:\/\/pujadasgrill.com\/wp-content\/uploads\/2024\/06\/P85200-Grill-box-Stainless-steel-tabletop-barbecue-Pujadas.jpg\" class=\"attachment-full size-full\" alt=\"\" srcset=\"https:\/\/pujadasgrill.com\/wp-content\/uploads\/2024\/06\/P85200-Grill-box-Stainless-steel-tabletop-barbecue-Pujadas.jpg 1000w, https:\/\/pujadasgrill.com\/wp-content\/uploads\/2024\/06\/P85200-Grill-box-Stainless-steel-tabletop-barbecue-Pujadas-300x209.jpg 300w, https:\/\/pujadasgrill.com\/wp-content\/uploads\/2024\/06\/P85200-Grill-box-Stainless-steel-tabletop-barbecue-Pujadas-768x534.jpg 768w, https:\/\/pujadasgrill.com\/wp-content\/uploads\/2024\/06\/P85200-Grill-box-Stainless-steel-tabletop-barbecue-Pujadas-600x417.jpg 600w\" sizes=\"(max-width: 1000px) 100vw, 1000px\" \/><\/div>[\/vc_column][vc_column width=&#8221;1\/2&#8243; el_class=&#8221;fontSize13&#8243;]<h1 class=\"grve-element grve-title grve-align-left grve-h3\" style=\"\"><span>Barbecue de table acier inox<\/span><\/h1><h3 class=\"grve-element grve-title grve-align-left grve-h3\" style=\"\"><span>\u00c0 votre go\u00fbt, \u00e0 votre rythme<\/span><\/h3>[vc_column_text]<\/p>\n<ul>\n<li><strong>Con\u00e7u et fabriqu\u00e9 enti\u00e8rement par Pujadas en acier inoxydable haute r\u00e9sistance et qualit\u00e9.<\/strong><\/li>\n<li><strong>Mini grill en acier inoxydable de haute qualit\u00e9.<\/strong><\/li>\n<li><strong>Espace charbon.<\/strong><\/li>\n<li><strong>Carcasse renforc\u00e9e en acier inoxydable de haute qualit\u00e9. Emp\u00eache les fuites de chaleur pendant la pr\u00e9paration.<\/strong><\/li>\n<li><strong>Base en acier inoxydable de haute qualit\u00e9. Faible poids pour un transport facile.<\/strong><\/li>\n<\/ul>\n<p>[\/vc_column_text][vc_column_text el_class=&#8221;specsTable&#8221;]<\/p>\n<table>\n<tbody>\n<tr>\n<td>R\u00e9f\u00e9rence<\/td>\n<td>P85200<\/td>\n<\/tr>\n<tr>\n<td>Dimensions cm:<\/td>\n<td>37x26x15 (Al. x An. x Pr)<\/td>\n<\/tr>\n<\/tbody>\n<\/table>\n<p>[\/vc_column_text][vc_column_text]<!--<a class=\"btFitxa\" href=\"#\">T\u00e9l\u00e9charger la fiche technique<\/a> <a class=\"btManual\" href=\"#\">T\u00e9l\u00e9chargement du manuel d'utilisation<\/a>\/\/-->[\/vc_column_text][\/vc_column][\/vc_row][vc_row bg_type=&#8221;image&#8221; bg_image=&#8221;20491&#8243; bg_image_type=&#8221;fixed&#8221; bg_image_size=&#8221;full&#8221; equal_column_height=&#8221;middle-content&#8221; el_class=&#8221;productFormSection&#8221;][vc_column width=&#8221;1\/2&#8243;]<h3 class=\"grve-element grve-title grve-align-left grve-h3\" style=\"\"><span>Etes-vous int\u00e9ress\u00e9 par le barbecue de table en inox ?<\/span><\/h3><h4 class=\"grve-element grve-title grve-align-left grve-h4\" style=\"\"><span>Nous vous conseillons<\/span><\/h4>[\/vc_column][vc_column width=&#8221;1\/2&#8243;]\n<div class=\"wpcf7 no-js\" id=\"wpcf7-f28067-o1\" lang=\"fr-FR\" dir=\"ltr\" data-wpcf7-id=\"28067\">\n<div class=\"screen-reader-response\"><p role=\"status\" aria-live=\"polite\" aria-atomic=\"true\"><\/p> <ul><\/ul><\/div>\n<form action=\"\/fr\/wp-json\/wp\/v2\/pages\/23206#wpcf7-f28067-o1\" method=\"post\" class=\"wpcf7-form init\" aria-label=\"Formulaire de contact\" novalidate=\"novalidate\" data-status=\"init\">\n<div style=\"display: none;\">\n<input type=\"hidden\" name=\"_wpcf7\" value=\"28067\" \/>\n<input type=\"hidden\" name=\"_wpcf7_version\" value=\"6.0.3\" \/>\n<input type=\"hidden\" name=\"_wpcf7_locale\" value=\"fr_FR\" \/>\n<input type=\"hidden\" name=\"_wpcf7_unit_tag\" value=\"wpcf7-f28067-o1\" \/>\n<input type=\"hidden\" name=\"_wpcf7_container_post\" value=\"0\" \/>\n<input type=\"hidden\" name=\"_wpcf7_posted_data_hash\" value=\"\" \/>\n<input type=\"hidden\" name=\"_wpcf7_recaptcha_response\" value=\"\" \/>\n<\/div>\n<div class=\"grve-form-style-1\">\n<input class=\"wpcf7-form-control wpcf7-hidden formProductReference\" value=\"\" type=\"hidden\" name=\"your-product-reference\" \/>\n\t<div class=\"wpb_column grve-column grve-column-1-2\">\n\t\t<p><span class=\"wpcf7-form-control-wrap\" data-name=\"your-name\"><input size=\"40\" maxlength=\"400\" class=\"wpcf7-form-control wpcf7-text wpcf7-validates-as-required\" aria-required=\"true\" aria-invalid=\"false\" placeholder=\"Nom (obligatoire)\" value=\"\" type=\"text\" name=\"your-name\" \/><\/span>\n\t\t<\/p>\n\t<\/div>\n\t<div class=\"wpb_column grve-column grve-column-1-2\">\n\t\t<p><span class=\"wpcf7-form-control-wrap\" data-name=\"your-surname\"><input size=\"40\" maxlength=\"400\" class=\"wpcf7-form-control wpcf7-text wpcf7-validates-as-required\" aria-required=\"true\" aria-invalid=\"false\" placeholder=\"Prenom (obligatoire)\" value=\"\" type=\"text\" name=\"your-surname\" \/><\/span>\n\t\t<\/p>\n\t<\/div>\n\t<div class=\"wpb_column grve-column grve-column-1-2\">\n\t\t<p><span class=\"wpcf7-form-control-wrap\" data-name=\"your-email\"><input size=\"40\" maxlength=\"400\" class=\"wpcf7-form-control wpcf7-email wpcf7-validates-as-required wpcf7-text wpcf7-validates-as-email\" aria-required=\"true\" aria-invalid=\"false\" placeholder=\"Email (obligatoire)\" value=\"\" type=\"email\" name=\"your-email\" \/><\/span>\n\t\t<\/p>\n\t<\/div>\n\t<div class=\"wpb_column grve-column grve-column-1-2\">\n\t\t<p><span class=\"wpcf7-form-control-wrap\" data-name=\"your-phone\"><input size=\"40\" maxlength=\"400\" class=\"wpcf7-form-control wpcf7-text wpcf7-validates-as-required\" aria-required=\"true\" aria-invalid=\"false\" placeholder=\"T\u00e9l\u00e9phone (obligatoire)\" value=\"\" type=\"text\" name=\"your-phone\" \/><\/span>\n\t\t<\/p>\n\t<\/div>\n\t<div class=\"wpb_column grve-column grve-column-1\">\n\t\t<p><span class=\"wpcf7-form-control-wrap\" data-name=\"your-company\"><input size=\"40\" maxlength=\"400\" class=\"wpcf7-form-control wpcf7-text wpcf7-validates-as-required\" aria-required=\"true\" aria-invalid=\"false\" placeholder=\"Entreprise (obligatoire)\" value=\"\" type=\"text\" name=\"your-company\" \/><\/span>\n\t\t<\/p>\n\t<\/div>\n\t<div class=\"wpb_column grve-column grve-column-1-2\">\n\t\t<p><span class=\"wpcf7-form-control-wrap\" data-name=\"your-zipcode\"><input size=\"40\" maxlength=\"400\" class=\"wpcf7-form-control wpcf7-text wpcf7-validates-as-required\" aria-required=\"true\" aria-invalid=\"false\" placeholder=\"C. Postal (obligatoire)\" value=\"\" type=\"text\" name=\"your-zipcode\" \/><\/span>\n\t\t<\/p>\n\t<\/div>\n\t<div class=\"wpb_column grve-column grve-column-1-2\">\n\t\t<p><span class=\"wpcf7-form-control-wrap\" data-name=\"your-city\"><input size=\"40\" maxlength=\"400\" class=\"wpcf7-form-control wpcf7-text wpcf7-validates-as-required\" aria-required=\"true\" aria-invalid=\"false\" placeholder=\"municipalit\u00e9 (obligatoire)\" value=\"\" type=\"text\" name=\"your-city\" \/><\/span>\n\t\t<\/p>\n\t<\/div>\n\t<div class=\"wpb_column grve-column grve-column-1\">\n\t\t<p><span class=\"wpcf7-form-control-wrap\" data-name=\"your-message\"><textarea cols=\"40\" rows=\"10\" maxlength=\"2000\" class=\"wpcf7-form-control wpcf7-textarea wpcf7-validates-as-required\" aria-required=\"true\" aria-invalid=\"false\" placeholder=\"Message... (obligatoire)\" name=\"your-message\"><\/textarea><\/span>\n\t\t<\/p>\n\t<\/div>\n\t<div class=\"wpb_column grve-column grve-column-1\">\n\t\t<p><span class=\"wpcf7-form-control-wrap\" data-name=\"gdpr\"><span class=\"wpcf7-form-control wpcf7-acceptance\"><span class=\"wpcf7-list-item\"><label><input type=\"checkbox\" name=\"gdpr\" value=\"1\" aria-invalid=\"false\" \/><span class=\"wpcf7-list-item-label\">J'ai lu et j'accepte la politique de confidentialit\u00e9<\/span><\/label><\/span><\/span><\/span>\n\t\t<\/p>\n\t<\/div>\n\t<div class=\"wpb_column grve-column grve-column-1\">\n\t\t<div class=\"grve-align-left\">\n\t\t\t<p><input class=\"wpcf7-form-control wpcf7-submit has-spinner\" type=\"submit\" value=\"Enviar\" \/>\n\t\t\t<\/p>\n\t\t<\/div>\n\t<\/div>\n<\/div><input type='hidden' class='wpcf7-pum' value='{\"closepopup\":false,\"closedelay\":0,\"openpopup\":false,\"openpopup_id\":0}' \/><div class=\"wpcf7-response-output\" aria-hidden=\"true\"><\/div>\n<\/form>\n<\/div>\n[\/vc_column][\/vc_row][vc_row][vc_column][vc_empty_space][\/vc_column][\/vc_row][vc_row][vc_column]<h2 class=\"grve-element grve-title grve-align-center grve-h2\" style=\"margin-bottom: 0px;\"><span>Compl\u00e9tez votre barbecue de table en inox<\/span><\/h2><h4 class=\"grve-element grve-title grve-align-center grve-h4\" style=\"margin-bottom: 0px;\"><span>D\u00e9couvrez toute la gamme de produits<\/span><\/h4><div class=\"grve-element grve-carousel-wrapper grve-with-gap\" style=\"\"><div class=\"grve-carousel-navigation grve-dark grve-navigation-1 grve-navigation-carousel\">\t<div class=\"grve-carousel-buttons\">\t\t<div class=\"grve-carousel-prev\">\t\t\t<i class=\"grve-icon-arrow-left-alt\"><\/i>\t\t<\/div>\t\t<div class=\"grve-carousel-next\">\t\t\t<i class=\"grve-icon-arrow-right-alt\"><\/i>\t\t<\/div>\t<\/div><\/div>\t<div class=\"grve-flexible-carousel grve-carousel-element productsCarousel\" data-items=\"5\" data-tablet-landscape-items=\"4\" data-tablet-portrait-items=\"3\" data-mobile-items=\"2\" data-slider-speed=\"3000\" data-pagination-speed=\"400\" data-pagination=\"no\" data-slider-autoheight=\"no\" data-slider-pause=\"no\" data-slider-autoplay=\"yes\"><div class=\"grve-element grve-image-text\" style=\"\"><div class=\"grve-image grve-position-left\"><img loading=\"lazy\" decoding=\"async\" width=\"940\" height=\"941\" src=\"https:\/\/pujadasgrill.com\/wp-content\/uploads\/2024\/06\/menuProductImageHornos.png\" class=\"attachment-full size-full\" alt=\"\" srcset=\"https:\/\/pujadasgrill.com\/wp-content\/uploads\/2024\/06\/menuProductImageHornos.png 940w, https:\/\/pujadasgrill.com\/wp-content\/uploads\/2024\/06\/menuProductImageHornos-300x300.png 300w, https:\/\/pujadasgrill.com\/wp-content\/uploads\/2024\/06\/menuProductImageHornos-150x150.png 150w, https:\/\/pujadasgrill.com\/wp-content\/uploads\/2024\/06\/menuProductImageHornos-768x769.png 768w, https:\/\/pujadasgrill.com\/wp-content\/uploads\/2024\/06\/menuProductImageHornos-600x601.png 600w, https:\/\/pujadasgrill.com\/wp-content\/uploads\/2024\/06\/menuProductImageHornos-100x100.png 100w\" sizes=\"(max-width: 940px) 100vw, 940px\" \/><\/div>  <div class=\"grve-content grve-position-right grve-align-left\">  <p>Fours \u00e0 braise<\/p>    <a href=\"https:\/\/pujadasgrill.com\/fr\/fours-a-braise\/\" target=\"_self\" class=\"grve-link-text grve-read-more \">Voir plus<\/a>  <\/div><\/div><div class=\"grve-element grve-image-text\" style=\"\"><div class=\"grve-image grve-position-left\"><img loading=\"lazy\" decoding=\"async\" width=\"940\" height=\"941\" src=\"https:\/\/pujadasgrill.com\/wp-content\/uploads\/2024\/06\/menuProductImageBrasas.png\" class=\"attachment-full size-full\" alt=\"\" srcset=\"https:\/\/pujadasgrill.com\/wp-content\/uploads\/2024\/06\/menuProductImageBrasas.png 940w, https:\/\/pujadasgrill.com\/wp-content\/uploads\/2024\/06\/menuProductImageBrasas-300x300.png 300w, https:\/\/pujadasgrill.com\/wp-content\/uploads\/2024\/06\/menuProductImageBrasas-150x150.png 150w, https:\/\/pujadasgrill.com\/wp-content\/uploads\/2024\/06\/menuProductImageBrasas-768x769.png 768w, https:\/\/pujadasgrill.com\/wp-content\/uploads\/2024\/06\/menuProductImageBrasas-600x601.png 600w, https:\/\/pujadasgrill.com\/wp-content\/uploads\/2024\/06\/menuProductImageBrasas-100x100.png 100w\" sizes=\"(max-width: 940px) 100vw, 940px\" \/><\/div>  <div class=\"grve-content grve-position-right grve-align-left\">  <p>Grill Ovuerte<\/p>    <a href=\"https:\/\/pujadasgrill.com\/fr\/grills-ouverts\/\" target=\"_self\" class=\"grve-link-text grve-read-more \">Voir plus<\/a>  <\/div><\/div><div class=\"grve-element grve-image-text\" style=\"\"><div class=\"grve-image grve-position-left\"><img loading=\"lazy\" decoding=\"async\" width=\"940\" height=\"941\" src=\"https:\/\/pujadasgrill.com\/wp-content\/uploads\/2024\/06\/menuProductImageAhumador.png\" class=\"attachment-full size-full\" alt=\"\" srcset=\"https:\/\/pujadasgrill.com\/wp-content\/uploads\/2024\/06\/menuProductImageAhumador.png 940w, https:\/\/pujadasgrill.com\/wp-content\/uploads\/2024\/06\/menuProductImageAhumador-300x300.png 300w, https:\/\/pujadasgrill.com\/wp-content\/uploads\/2024\/06\/menuProductImageAhumador-150x150.png 150w, https:\/\/pujadasgrill.com\/wp-content\/uploads\/2024\/06\/menuProductImageAhumador-768x769.png 768w, https:\/\/pujadasgrill.com\/wp-content\/uploads\/2024\/06\/menuProductImageAhumador-600x601.png 600w, https:\/\/pujadasgrill.com\/wp-content\/uploads\/2024\/06\/menuProductImageAhumador-100x100.png 100w\" sizes=\"(max-width: 940px) 100vw, 940px\" \/><\/div>  <div class=\"grve-content grve-position-right grve-align-left\">  <p>Fumoir<\/p>    <a href=\"https:\/\/pujadasgrill.com\/fr\/notre-fumoir\/\" target=\"_self\" class=\"grve-link-text grve-read-more \">Voir plus<\/a>  <\/div><\/div><div class=\"grve-element grve-image-text\" style=\"\"><div class=\"grve-image grve-position-left\"><img loading=\"lazy\" decoding=\"async\" width=\"2000\" height=\"2300\" src=\"https:\/\/pujadasgrill.com\/wp-content\/uploads\/2024\/06\/P850000_Accessories_Charcoal-top-quality-Marabu_Pujadas.jpg\" class=\"attachment-full size-full\" alt=\"\" srcset=\"https:\/\/pujadasgrill.com\/wp-content\/uploads\/2024\/06\/P850000_Accessories_Charcoal-top-quality-Marabu_Pujadas.jpg 2000w, https:\/\/pujadasgrill.com\/wp-content\/uploads\/2024\/06\/P850000_Accessories_Charcoal-top-quality-Marabu_Pujadas-261x300.jpg 261w, https:\/\/pujadasgrill.com\/wp-content\/uploads\/2024\/06\/P850000_Accessories_Charcoal-top-quality-Marabu_Pujadas-890x1024.jpg 890w, https:\/\/pujadasgrill.com\/wp-content\/uploads\/2024\/06\/P850000_Accessories_Charcoal-top-quality-Marabu_Pujadas-768x883.jpg 768w, https:\/\/pujadasgrill.com\/wp-content\/uploads\/2024\/06\/P850000_Accessories_Charcoal-top-quality-Marabu_Pujadas-1336x1536.jpg 1336w, https:\/\/pujadasgrill.com\/wp-content\/uploads\/2024\/06\/P850000_Accessories_Charcoal-top-quality-Marabu_Pujadas-1781x2048.jpg 1781w, https:\/\/pujadasgrill.com\/wp-content\/uploads\/2024\/06\/P850000_Accessories_Charcoal-top-quality-Marabu_Pujadas-1670x1920.jpg 1670w, https:\/\/pujadasgrill.com\/wp-content\/uploads\/2024\/06\/P850000_Accessories_Charcoal-top-quality-Marabu_Pujadas-600x690.jpg 600w\" sizes=\"(max-width: 2000px) 100vw, 2000px\" \/><\/div>  <div class=\"grve-content grve-position-right grve-align-left\">  <p>Charbon<\/p>    <a href=\"https:\/\/pujadasgrill.com\/fr\/charbon\/\" target=\"_self\" class=\"grve-link-text grve-read-more \">Voir plus<\/a>  <\/div><\/div><div class=\"grve-element grve-image-text\" style=\"\"><div class=\"grve-image grve-position-left\"><img loading=\"lazy\" decoding=\"async\" width=\"1000\" height=\"670\" src=\"https:\/\/pujadasgrill.com\/wp-content\/uploads\/2024\/06\/P296715-Tin-plates-display-Stainless-steel-tray-with-handles-Pujadas.jpg\" class=\"attachment-full size-full\" alt=\"\" srcset=\"https:\/\/pujadasgrill.com\/wp-content\/uploads\/2024\/06\/P296715-Tin-plates-display-Stainless-steel-tray-with-handles-Pujadas.jpg 1000w, https:\/\/pujadasgrill.com\/wp-content\/uploads\/2024\/06\/P296715-Tin-plates-display-Stainless-steel-tray-with-handles-Pujadas-300x201.jpg 300w, https:\/\/pujadasgrill.com\/wp-content\/uploads\/2024\/06\/P296715-Tin-plates-display-Stainless-steel-tray-with-handles-Pujadas-768x515.jpg 768w, https:\/\/pujadasgrill.com\/wp-content\/uploads\/2024\/06\/P296715-Tin-plates-display-Stainless-steel-tray-with-handles-Pujadas-600x402.jpg 600w\" sizes=\"(max-width: 1000px) 100vw, 1000px\" \/><\/div>  <div class=\"grve-content grve-position-right grve-align-left\">  <p>Mat\u00e9riel \u00e0 braise<\/p>    <a href=\"https:\/\/pujadasgrill.com\/fr\/materiel-a-braise\/\" target=\"_self\" class=\"grve-link-text grve-read-more \">Voir plus<\/a>  <\/div><\/div><div class=\"grve-element grve-image-text\" style=\"\"><div class=\"grve-image grve-position-left\"><img loading=\"lazy\" decoding=\"async\" width=\"940\" height=\"941\" src=\"https:\/\/pujadasgrill.com\/wp-content\/uploads\/2024\/06\/menuProductImageAccesorios.png\" class=\"attachment-full size-full\" alt=\"\" srcset=\"https:\/\/pujadasgrill.com\/wp-content\/uploads\/2024\/06\/menuProductImageAccesorios.png 940w, https:\/\/pujadasgrill.com\/wp-content\/uploads\/2024\/06\/menuProductImageAccesorios-300x300.png 300w, https:\/\/pujadasgrill.com\/wp-content\/uploads\/2024\/06\/menuProductImageAccesorios-150x150.png 150w, https:\/\/pujadasgrill.com\/wp-content\/uploads\/2024\/06\/menuProductImageAccesorios-768x769.png 768w, https:\/\/pujadasgrill.com\/wp-content\/uploads\/2024\/06\/menuProductImageAccesorios-600x601.png 600w, https:\/\/pujadasgrill.com\/wp-content\/uploads\/2024\/06\/menuProductImageAccesorios-100x100.png 100w\" sizes=\"(max-width: 940px) 100vw, 940px\" \/><\/div>  <div class=\"grve-content grve-position-right grve-align-left\">  <p>Accessoires<\/p>    <a href=\"https:\/\/pujadasgrill.com\/fr\/accessoires\/\" target=\"_self\" class=\"grve-link-text grve-read-more \">Voir plus<\/a>  <\/div><\/div>\t<\/div><\/div>[\/vc_column][\/vc_row][vc_row][vc_column][vc_empty_space][\/vc_column][\/vc_row]<\/p>\n","protected":false},"excerpt":{"rendered":"<p>[vc_row][vc_column][vc_column_text]Produits \/ Grillbox \/ Barbecue de table acier inox[\/vc_column_text][\/vc_column][\/vc_row][vc_row][vc_column width=&#8221;1\/2&#8243; el_class=&#8221;productImages&#8221;][\/vc_column][vc_column width=&#8221;1\/2&#8243; el_class=&#8221;fontSize13&#8243;][vc_column_text] Con\u00e7u et fabriqu\u00e9 enti\u00e8rement par Pujadas en acier inoxydable haute r\u00e9sistance et qualit\u00e9. Mini grill en acier inoxydable de haute qualit\u00e9. Espace charbon. Carcasse renforc\u00e9e en acier inoxydable de haute qualit\u00e9. Emp\u00eache les fuites de chaleur pendant la pr\u00e9paration. Base en acier [&hellip;]<\/p>\n","protected":false},"author":1,"featured_media":22052,"parent":23198,"menu_order":0,"comment_status":"closed","ping_status":"closed","template":"","meta":{"_seopress_robots_primary_cat":"","inline_featured_image":false,"footnotes":""},"class_list":["post-23206","page","type-page","status-publish","has-post-thumbnail","hentry"],"_links":{"self":[{"href":"https:\/\/pujadasgrill.com\/fr\/wp-json\/wp\/v2\/pages\/23206"}],"collection":[{"href":"https:\/\/pujadasgrill.com\/fr\/wp-json\/wp\/v2\/pages"}],"about":[{"href":"https:\/\/pujadasgrill.com\/fr\/wp-json\/wp\/v2\/types\/page"}],"author":[{"embeddable":true,"href":"https:\/\/pujadasgrill.com\/fr\/wp-json\/wp\/v2\/users\/1"}],"replies":[{"embeddable":true,"href":"https:\/\/pujadasgrill.com\/fr\/wp-json\/wp\/v2\/comments?post=23206"}],"version-history":[{"count":7,"href":"https:\/\/pujadasgrill.com\/fr\/wp-json\/wp\/v2\/pages\/23206\/revisions"}],"predecessor-version":[{"id":24060,"href":"https:\/\/pujadasgrill.com\/fr\/wp-json\/wp\/v2\/pages\/23206\/revisions\/24060"}],"up":[{"embeddable":true,"href":"https:\/\/pujadasgrill.com\/fr\/wp-json\/wp\/v2\/pages\/23198"}],"wp:featuredmedia":[{"embeddable":true,"href":"https:\/\/pujadasgrill.com\/fr\/wp-json\/wp\/v2\/media\/22052"}],"wp:attachment":[{"href":"https:\/\/pujadasgrill.com\/fr\/wp-json\/wp\/v2\/media?parent=23206"}],"curies":[{"name":"wp","href":"https:\/\/api.w.org\/{rel}","templated":true}]}}