{"id":23255,"date":"2024-06-12T07:41:19","date_gmt":"2024-06-12T07:41:19","guid":{"rendered":"https:\/\/pujadasgrill.com\/tableaux\/"},"modified":"2024-07-12T09:33:37","modified_gmt":"2024-07-12T09:33:37","slug":"tableaux","status":"publish","type":"page","link":"https:\/\/pujadasgrill.com\/fr\/tableaux\/","title":{"rendered":"Tableaux"},"content":{"rendered":"<p>[vc_row][vc_column][vc_column_text]Produits \/ <strong>Tableaux<\/strong>[\/vc_column_text][\/vc_column][\/vc_row][vc_row][vc_column width=&#8221;1\/6&#8243;][\/vc_column][vc_column width=&#8221;2\/3&#8243;]<h2 class=\"grve-element grve-title grve-align-center grve-h2 titlePage\" style=\"\"><span>Tableaux<\/span><\/h2>[vc_column_text]Donnez \u00e0 votre four l&#8217;espace de cuisson qu&#8217;il m\u00e9rite. Vous pouvez le placer sur nos tables enti\u00e8rement en acier inoxydable, qui seront \u00e9galement tr\u00e8s utiles pour ranger tous les accessoires et \u00e9l\u00e9ments d&#8217;\u00e9clairage, afin que vous puissiez avoir \u00e0 port\u00e9e de main tous les outils de votre cuisine au charbon de bois.[\/vc_column_text][\/vc_column][vc_column width=&#8221;1\/6&#8243;][\/vc_column][\/vc_row][vc_row][vc_column]<div class=\"woocommerce columns-4 \"><\/div>[vc_empty_space height=&#8221;20px&#8221;][\/vc_column][\/vc_row]<\/p>\n","protected":false},"excerpt":{"rendered":"<p>[vc_row][vc_column][vc_column_text]Produits \/ Tableaux[\/vc_column_text][\/vc_column][\/vc_row][vc_row][vc_column width=&#8221;1\/6&#8243;][\/vc_column][vc_column width=&#8221;2\/3&#8243;][vc_column_text]Donnez \u00e0 votre four l&#8217;espace de cuisson qu&#8217;il m\u00e9rite. Vous pouvez le placer sur nos tables enti\u00e8rement en acier inoxydable, qui seront \u00e9galement tr\u00e8s utiles pour ranger tous les accessoires et \u00e9l\u00e9ments d&#8217;\u00e9clairage, afin que vous puissiez avoir \u00e0 port\u00e9e de main tous les outils de votre cuisine au charbon de [&hellip;]<\/p>\n","protected":false},"author":1,"featured_media":22292,"parent":0,"menu_order":0,"comment_status":"closed","ping_status":"closed","template":"","meta":{"_seopress_robots_primary_cat":"","inline_featured_image":false,"footnotes":""},"class_list":["post-23255","page","type-page","status-publish","has-post-thumbnail","hentry"],"_links":{"self":[{"href":"https:\/\/pujadasgrill.com\/fr\/wp-json\/wp\/v2\/pages\/23255"}],"collection":[{"href":"https:\/\/pujadasgrill.com\/fr\/wp-json\/wp\/v2\/pages"}],"about":[{"href":"https:\/\/pujadasgrill.com\/fr\/wp-json\/wp\/v2\/types\/page"}],"author":[{"embeddable":true,"href":"https:\/\/pujadasgrill.com\/fr\/wp-json\/wp\/v2\/users\/1"}],"replies":[{"embeddable":true,"href":"https:\/\/pujadasgrill.com\/fr\/wp-json\/wp\/v2\/comments?post=23255"}],"version-history":[{"count":8,"href":"https:\/\/pujadasgrill.com\/fr\/wp-json\/wp\/v2\/pages\/23255\/revisions"}],"predecessor-version":[{"id":28025,"href":"https:\/\/pujadasgrill.com\/fr\/wp-json\/wp\/v2\/pages\/23255\/revisions\/28025"}],"wp:featuredmedia":[{"embeddable":true,"href":"https:\/\/pujadasgrill.com\/fr\/wp-json\/wp\/v2\/media\/22292"}],"wp:attachment":[{"href":"https:\/\/pujadasgrill.com\/fr\/wp-json\/wp\/v2\/media?parent=23255"}],"curies":[{"name":"wp","href":"https:\/\/api.w.org\/{rel}","templated":true}]}}