{"id":23264,"date":"2024-06-12T07:47:11","date_gmt":"2024-06-12T07:47:11","guid":{"rendered":"https:\/\/pujadasgrill.com\/notre-fumoir\/fumoir\/"},"modified":"2024-06-17T09:32:24","modified_gmt":"2024-06-17T09:32:24","slug":"fumoir","status":"publish","type":"page","link":"https:\/\/pujadasgrill.com\/fr\/notre-fumoir\/fumoir\/","title":{"rendered":"Fumoir"},"content":{"rendered":"<p>[vc_row][vc_column][vc_column_text]Produits \/ <strong>Fumoir<\/strong>[\/vc_column_text][\/vc_column][\/vc_row][vc_row][vc_column width=&#8221;1\/2&#8243; el_class=&#8221;productImages&#8221;]<div class=\"grve-element grve-image productMainImage grve-align-center\" style=\"\"><img loading=\"lazy\" decoding=\"async\" width=\"1000\" height=\"667\" src=\"https:\/\/pujadasgrill.com\/wp-content\/uploads\/2024\/06\/P85230-Smoker-Smoker-Pujadas.jpg\" class=\"attachment-full size-full\" alt=\"\" srcset=\"https:\/\/pujadasgrill.com\/wp-content\/uploads\/2024\/06\/P85230-Smoker-Smoker-Pujadas.jpg 1000w, https:\/\/pujadasgrill.com\/wp-content\/uploads\/2024\/06\/P85230-Smoker-Smoker-Pujadas-300x200.jpg 300w, https:\/\/pujadasgrill.com\/wp-content\/uploads\/2024\/06\/P85230-Smoker-Smoker-Pujadas-768x512.jpg 768w, https:\/\/pujadasgrill.com\/wp-content\/uploads\/2024\/06\/P85230-Smoker-Smoker-Pujadas-600x400.jpg 600w\" sizes=\"(max-width: 1000px) 100vw, 1000px\" \/><\/div>[\/vc_column][vc_column width=&#8221;1\/2&#8243; el_class=&#8221;fontSize13&#8243;]<h1 class=\"grve-element grve-title grve-align-left grve-h3\" style=\"\"><span>Fumoir<\/span><\/h1><h3 class=\"grve-element grve-title grve-align-left grve-h3\" style=\"\"><span>Tr\u00e8s r\u00e9sistante aux grands volumes de travail<\/span><\/h3>[vc_column_text]<\/p>\n<div class=\"page\" title=\"Page 20\">\n<div class=\"section\">\n<div class=\"layoutArea\">\n<div class=\"column\">\n<p><strong>La technique du fumage est une tendance \u00e0 la hausse non seulement pour les \u00e9laborations culinaires des chefs les plus prestigieux, mais aussi pour tous ceux qui privil\u00e9gient l\u2019innovation et l\u2019originalit\u00e9 dans leurs pr\u00e9parations.<\/strong><\/p>\n<p><strong>Obtenez des fum\u00e9es totalement froides, beaucoup plus aromatiques et stables dans le temps pour vos sauces, huiles, viandes, poissons, fromages, riz ou m\u00eame cocktails de fa\u00e7on facile, rapide et efficace.<\/strong><\/p>\n<div class=\"page\" title=\"Page 22\">\n<div class=\"section\">\n<div class=\"layoutArea\">\n<div class=\"column\">\n<ul>\n<li>Fumoir<\/li>\n<li>Vanne aromatisante<\/li>\n<li>R\u00e9servoir pour br\u00fbleur<\/li>\n<li>Support pour l\u2019aromatiseur<\/li>\n<li>Br\u00fbleur<\/li>\n<\/ul>\n<\/div>\n<\/div>\n<\/div>\n<\/div>\n<\/div>\n<\/div>\n<\/div>\n<\/div>\n<p>[\/vc_column_text][vc_column_text el_class=&#8221;specsTable&#8221;]<\/p>\n<table>\n<tbody>\n<tr>\n<td>R\u00e9f\u00e9rence<\/td>\n<td>P85230<\/td>\n<\/tr>\n<tr>\n<td>Dimensions cm:<\/td>\n<td>5,5 x 12,5 x 16 (Al. x An. x Pr)<\/td>\n<\/tr>\n<\/tbody>\n<\/table>\n<p>[\/vc_column_text][vc_column_text]<a class=\"btFitxa\" href=\"#\" target=\"_blank\" rel=\"noopener\">T\u00e9l\u00e9charger la fiche technique<\/a> <a class=\"btManual\">T\u00e9l\u00e9chargement du manuel d&#8217;utilisation<\/a>[\/vc_column_text][\/vc_column][\/vc_row][vc_row bg_type=&#8221;image&#8221; bg_image=&#8221;20491&#8243; bg_image_type=&#8221;fixed&#8221; bg_image_size=&#8221;full&#8221; el_class=&#8221;productFormSection&#8221;][vc_column width=&#8221;1\/2&#8243;]<h3 class=\"grve-element grve-title grve-align-left grve-h3\" style=\"\"><span>\u00cates-vous int\u00e9ress\u00e9 par le Fumoir?<\/span><\/h3><h4 class=\"grve-element grve-title grve-align-left grve-h4\" style=\"\"><span>Nous vous conseillons<\/span><\/h4>[\/vc_column][vc_column width=&#8221;1\/2&#8243;]\n<div class=\"wpcf7 no-js\" id=\"wpcf7-f28067-o1\" lang=\"fr-FR\" dir=\"ltr\" data-wpcf7-id=\"28067\">\n<div class=\"screen-reader-response\"><p role=\"status\" aria-live=\"polite\" aria-atomic=\"true\"><\/p> <ul><\/ul><\/div>\n<form action=\"\/fr\/wp-json\/wp\/v2\/pages\/23264#wpcf7-f28067-o1\" method=\"post\" class=\"wpcf7-form init\" aria-label=\"Formulaire de contact\" novalidate=\"novalidate\" data-status=\"init\">\n<div style=\"display: none;\">\n<input type=\"hidden\" name=\"_wpcf7\" value=\"28067\" \/>\n<input type=\"hidden\" name=\"_wpcf7_version\" value=\"6.0.3\" \/>\n<input type=\"hidden\" name=\"_wpcf7_locale\" value=\"fr_FR\" \/>\n<input type=\"hidden\" name=\"_wpcf7_unit_tag\" value=\"wpcf7-f28067-o1\" \/>\n<input type=\"hidden\" name=\"_wpcf7_container_post\" value=\"0\" \/>\n<input type=\"hidden\" name=\"_wpcf7_posted_data_hash\" value=\"\" \/>\n<input type=\"hidden\" name=\"_wpcf7_recaptcha_response\" value=\"\" \/>\n<\/div>\n<div class=\"grve-form-style-1\">\n<input class=\"wpcf7-form-control wpcf7-hidden formProductReference\" value=\"\" type=\"hidden\" name=\"your-product-reference\" \/>\n\t<div class=\"wpb_column grve-column grve-column-1-2\">\n\t\t<p><span class=\"wpcf7-form-control-wrap\" data-name=\"your-name\"><input size=\"40\" maxlength=\"400\" class=\"wpcf7-form-control wpcf7-text wpcf7-validates-as-required\" aria-required=\"true\" aria-invalid=\"false\" placeholder=\"Nom (obligatoire)\" value=\"\" type=\"text\" name=\"your-name\" \/><\/span>\n\t\t<\/p>\n\t<\/div>\n\t<div class=\"wpb_column grve-column grve-column-1-2\">\n\t\t<p><span class=\"wpcf7-form-control-wrap\" data-name=\"your-surname\"><input size=\"40\" maxlength=\"400\" class=\"wpcf7-form-control wpcf7-text wpcf7-validates-as-required\" aria-required=\"true\" aria-invalid=\"false\" placeholder=\"Prenom (obligatoire)\" value=\"\" type=\"text\" name=\"your-surname\" \/><\/span>\n\t\t<\/p>\n\t<\/div>\n\t<div class=\"wpb_column grve-column grve-column-1-2\">\n\t\t<p><span class=\"wpcf7-form-control-wrap\" data-name=\"your-email\"><input size=\"40\" maxlength=\"400\" class=\"wpcf7-form-control wpcf7-email wpcf7-validates-as-required wpcf7-text wpcf7-validates-as-email\" aria-required=\"true\" aria-invalid=\"false\" placeholder=\"Email (obligatoire)\" value=\"\" type=\"email\" name=\"your-email\" \/><\/span>\n\t\t<\/p>\n\t<\/div>\n\t<div class=\"wpb_column grve-column grve-column-1-2\">\n\t\t<p><span class=\"wpcf7-form-control-wrap\" data-name=\"your-phone\"><input size=\"40\" maxlength=\"400\" class=\"wpcf7-form-control wpcf7-text wpcf7-validates-as-required\" aria-required=\"true\" aria-invalid=\"false\" placeholder=\"T\u00e9l\u00e9phone (obligatoire)\" value=\"\" type=\"text\" name=\"your-phone\" \/><\/span>\n\t\t<\/p>\n\t<\/div>\n\t<div class=\"wpb_column grve-column grve-column-1\">\n\t\t<p><span class=\"wpcf7-form-control-wrap\" data-name=\"your-company\"><input size=\"40\" maxlength=\"400\" class=\"wpcf7-form-control wpcf7-text wpcf7-validates-as-required\" aria-required=\"true\" aria-invalid=\"false\" placeholder=\"Entreprise (obligatoire)\" value=\"\" type=\"text\" name=\"your-company\" \/><\/span>\n\t\t<\/p>\n\t<\/div>\n\t<div class=\"wpb_column grve-column grve-column-1-2\">\n\t\t<p><span class=\"wpcf7-form-control-wrap\" data-name=\"your-zipcode\"><input size=\"40\" maxlength=\"400\" class=\"wpcf7-form-control wpcf7-text wpcf7-validates-as-required\" aria-required=\"true\" aria-invalid=\"false\" placeholder=\"C. Postal (obligatoire)\" value=\"\" type=\"text\" name=\"your-zipcode\" \/><\/span>\n\t\t<\/p>\n\t<\/div>\n\t<div class=\"wpb_column grve-column grve-column-1-2\">\n\t\t<p><span class=\"wpcf7-form-control-wrap\" data-name=\"your-city\"><input size=\"40\" maxlength=\"400\" class=\"wpcf7-form-control wpcf7-text wpcf7-validates-as-required\" aria-required=\"true\" aria-invalid=\"false\" placeholder=\"municipalit\u00e9 (obligatoire)\" value=\"\" type=\"text\" name=\"your-city\" \/><\/span>\n\t\t<\/p>\n\t<\/div>\n\t<div class=\"wpb_column grve-column grve-column-1\">\n\t\t<p><span class=\"wpcf7-form-control-wrap\" data-name=\"your-message\"><textarea cols=\"40\" rows=\"10\" maxlength=\"2000\" class=\"wpcf7-form-control wpcf7-textarea wpcf7-validates-as-required\" aria-required=\"true\" aria-invalid=\"false\" placeholder=\"Message... (obligatoire)\" name=\"your-message\"><\/textarea><\/span>\n\t\t<\/p>\n\t<\/div>\n\t<div class=\"wpb_column grve-column grve-column-1\">\n\t\t<p><span class=\"wpcf7-form-control-wrap\" data-name=\"gdpr\"><span class=\"wpcf7-form-control wpcf7-acceptance\"><span class=\"wpcf7-list-item\"><label><input type=\"checkbox\" name=\"gdpr\" value=\"1\" aria-invalid=\"false\" \/><span class=\"wpcf7-list-item-label\">J'ai lu et j'accepte la politique de confidentialit\u00e9<\/span><\/label><\/span><\/span><\/span>\n\t\t<\/p>\n\t<\/div>\n\t<div class=\"wpb_column grve-column grve-column-1\">\n\t\t<div class=\"grve-align-left\">\n\t\t\t<p><input class=\"wpcf7-form-control wpcf7-submit has-spinner\" type=\"submit\" value=\"Enviar\" \/>\n\t\t\t<\/p>\n\t\t<\/div>\n\t<\/div>\n<\/div><input type='hidden' class='wpcf7-pum' value='{\"closepopup\":false,\"closedelay\":0,\"openpopup\":false,\"openpopup_id\":0}' \/><div class=\"wpcf7-response-output\" aria-hidden=\"true\"><\/div>\n<\/form>\n<\/div>\n[\/vc_column][\/vc_row][vc_row][vc_column][vc_empty_space][\/vc_column][\/vc_row][vc_row][vc_column]<h2 class=\"grve-element grve-title grve-align-center grve-h2\" style=\"margin-bottom: 0px;\"><span>Compl\u00e9tez votre Fumoir<\/span><\/h2><h4 class=\"grve-element grve-title grve-align-center grve-h4\" style=\"margin-bottom: 0px;\"><span>D\u00e9couvrez toute la gamme de produits<\/span><\/h4><div class=\"grve-element grve-carousel-wrapper grve-with-gap\" style=\"\"><div class=\"grve-carousel-navigation grve-dark grve-navigation-1 grve-navigation-carousel\">\t<div class=\"grve-carousel-buttons\">\t\t<div class=\"grve-carousel-prev\">\t\t\t<i class=\"grve-icon-arrow-left-alt\"><\/i>\t\t<\/div>\t\t<div class=\"grve-carousel-next\">\t\t\t<i class=\"grve-icon-arrow-right-alt\"><\/i>\t\t<\/div>\t<\/div><\/div>\t<div class=\"grve-flexible-carousel grve-carousel-element productsCarousel\" data-items=\"5\" data-tablet-landscape-items=\"4\" data-tablet-portrait-items=\"3\" data-mobile-items=\"2\" data-slider-speed=\"3000\" data-pagination-speed=\"400\" data-pagination=\"no\" data-slider-autoheight=\"no\" data-slider-pause=\"no\" data-slider-autoplay=\"yes\"><div class=\"grve-element grve-image-text\" style=\"\"><div class=\"grve-image grve-position-left\"><img loading=\"lazy\" decoding=\"async\" width=\"732\" height=\"609\" src=\"https:\/\/pujadasgrill.com\/wp-content\/uploads\/2024\/06\/P85090R_Charcoal_ovens_Oven90_PujadasGrill4.jpg\" class=\"attachment-full size-full\" alt=\"\" srcset=\"https:\/\/pujadasgrill.com\/wp-content\/uploads\/2024\/06\/P85090R_Charcoal_ovens_Oven90_PujadasGrill4.jpg 732w, https:\/\/pujadasgrill.com\/wp-content\/uploads\/2024\/06\/P85090R_Charcoal_ovens_Oven90_PujadasGrill4-300x250.jpg 300w, https:\/\/pujadasgrill.com\/wp-content\/uploads\/2024\/06\/P85090R_Charcoal_ovens_Oven90_PujadasGrill4-600x499.jpg 600w\" sizes=\"(max-width: 732px) 100vw, 732px\" \/><\/div>  <div class=\"grve-content grve-position-right grve-align-left\">  <p>Fours \u00e0 braise<\/p>    <a href=\"https:\/\/pujadasgrill.com\/fr\/fours-a-braise\/\" target=\"_self\" class=\"grve-link-text grve-read-more \">Voir plus<\/a>  <\/div><\/div><div class=\"grve-element grve-image-text\" style=\"\"><div class=\"grve-image grve-position-left\"><img loading=\"lazy\" decoding=\"async\" width=\"1000\" height=\"947\" src=\"https:\/\/pujadasgrill.com\/wp-content\/uploads\/2024\/06\/P8581000R-Countertop-Open-Grill-Red-PujadasGrill.jpg\" class=\"attachment-full size-full\" alt=\"\" srcset=\"https:\/\/pujadasgrill.com\/wp-content\/uploads\/2024\/06\/P8581000R-Countertop-Open-Grill-Red-PujadasGrill.jpg 1000w, https:\/\/pujadasgrill.com\/wp-content\/uploads\/2024\/06\/P8581000R-Countertop-Open-Grill-Red-PujadasGrill-300x284.jpg 300w, https:\/\/pujadasgrill.com\/wp-content\/uploads\/2024\/06\/P8581000R-Countertop-Open-Grill-Red-PujadasGrill-768x727.jpg 768w, https:\/\/pujadasgrill.com\/wp-content\/uploads\/2024\/06\/P8581000R-Countertop-Open-Grill-Red-PujadasGrill-600x568.jpg 600w\" sizes=\"(max-width: 1000px) 100vw, 1000px\" \/><\/div>  <div class=\"grve-content grve-position-right grve-align-left\">  <p>Grills Ouverts<\/p>    <a href=\"https:\/\/pujadasgrill.com\/fr\/grills-ouverts\/\" target=\"_self\" class=\"grve-link-text grve-read-more \">Voir plus<\/a>  <\/div><\/div><div class=\"grve-element grve-image-text\" style=\"\"><div class=\"grve-image grve-position-left\"><img loading=\"lazy\" decoding=\"async\" width=\"1000\" height=\"695\" src=\"https:\/\/pujadasgrill.com\/wp-content\/uploads\/2024\/06\/P85200-Grill-box-Stainless-steel-tabletop-barbecue-Pujadas.jpg\" class=\"attachment-full size-full\" alt=\"\" srcset=\"https:\/\/pujadasgrill.com\/wp-content\/uploads\/2024\/06\/P85200-Grill-box-Stainless-steel-tabletop-barbecue-Pujadas.jpg 1000w, https:\/\/pujadasgrill.com\/wp-content\/uploads\/2024\/06\/P85200-Grill-box-Stainless-steel-tabletop-barbecue-Pujadas-300x209.jpg 300w, https:\/\/pujadasgrill.com\/wp-content\/uploads\/2024\/06\/P85200-Grill-box-Stainless-steel-tabletop-barbecue-Pujadas-768x534.jpg 768w, https:\/\/pujadasgrill.com\/wp-content\/uploads\/2024\/06\/P85200-Grill-box-Stainless-steel-tabletop-barbecue-Pujadas-600x417.jpg 600w\" sizes=\"(max-width: 1000px) 100vw, 1000px\" \/><\/div>  <div class=\"grve-content grve-position-right grve-align-left\">  <p>Grillbox<\/p>    <a href=\"https:\/\/pujadasgrill.com\/fr\/grillbox\/\" target=\"_self\" class=\"grve-link-text grve-read-more \">Voir plus<\/a>  <\/div><\/div><div class=\"grve-element grve-image-text\" style=\"\"><div class=\"grve-image grve-position-left\"><img loading=\"lazy\" decoding=\"async\" width=\"869\" height=\"1000\" src=\"https:\/\/pujadasgrill.com\/wp-content\/uploads\/2024\/06\/P850000-Accessories-Charcoal-top-quality-Marabu-Pujadas.jpg\" class=\"attachment-full size-full\" alt=\"\" srcset=\"https:\/\/pujadasgrill.com\/wp-content\/uploads\/2024\/06\/P850000-Accessories-Charcoal-top-quality-Marabu-Pujadas.jpg 869w, https:\/\/pujadasgrill.com\/wp-content\/uploads\/2024\/06\/P850000-Accessories-Charcoal-top-quality-Marabu-Pujadas-261x300.jpg 261w, https:\/\/pujadasgrill.com\/wp-content\/uploads\/2024\/06\/P850000-Accessories-Charcoal-top-quality-Marabu-Pujadas-768x884.jpg 768w, https:\/\/pujadasgrill.com\/wp-content\/uploads\/2024\/06\/P850000-Accessories-Charcoal-top-quality-Marabu-Pujadas-600x690.jpg 600w\" sizes=\"(max-width: 869px) 100vw, 869px\" \/><\/div>  <div class=\"grve-content grve-position-right grve-align-left\">  <p>Charbon<\/p>    <a href=\"https:\/\/pujadasgrill.com\/fr\/charbon\/\" target=\"_self\" class=\"grve-link-text grve-read-more \">Voir plus<\/a>  <\/div><\/div><div class=\"grve-element grve-image-text\" style=\"\"><div class=\"grve-image grve-position-left\"><img loading=\"lazy\" decoding=\"async\" width=\"1000\" height=\"670\" src=\"https:\/\/pujadasgrill.com\/wp-content\/uploads\/2024\/06\/P296715-Tin-plates-display-Stainless-steel-tray-with-handles-Pujadas.jpg\" class=\"attachment-full size-full\" alt=\"\" srcset=\"https:\/\/pujadasgrill.com\/wp-content\/uploads\/2024\/06\/P296715-Tin-plates-display-Stainless-steel-tray-with-handles-Pujadas.jpg 1000w, https:\/\/pujadasgrill.com\/wp-content\/uploads\/2024\/06\/P296715-Tin-plates-display-Stainless-steel-tray-with-handles-Pujadas-300x201.jpg 300w, https:\/\/pujadasgrill.com\/wp-content\/uploads\/2024\/06\/P296715-Tin-plates-display-Stainless-steel-tray-with-handles-Pujadas-768x515.jpg 768w, https:\/\/pujadasgrill.com\/wp-content\/uploads\/2024\/06\/P296715-Tin-plates-display-Stainless-steel-tray-with-handles-Pujadas-600x402.jpg 600w\" sizes=\"(max-width: 1000px) 100vw, 1000px\" \/><\/div>  <div class=\"grve-content grve-position-right grve-align-left\">  <p>Mat\u00e9riel \u00e0 braise<\/p>    <a href=\"https:\/\/pujadasgrill.com\/fr\/materiel-a-braise\/\" target=\"_self\" class=\"grve-link-text grve-read-more \">Voir plus<\/a>  <\/div><\/div><div class=\"grve-element grve-image-text\" style=\"\"><div class=\"grve-image grve-position-left\"><img loading=\"lazy\" decoding=\"async\" width=\"1000\" height=\"562\" src=\"https:\/\/pujadasgrill.com\/wp-content\/uploads\/2024\/06\/P851004-Accessories-Heavy-duty-oven-tong-Pujadas.jpg\" class=\"attachment-full size-full\" alt=\"\" srcset=\"https:\/\/pujadasgrill.com\/wp-content\/uploads\/2024\/06\/P851004-Accessories-Heavy-duty-oven-tong-Pujadas.jpg 1000w, https:\/\/pujadasgrill.com\/wp-content\/uploads\/2024\/06\/P851004-Accessories-Heavy-duty-oven-tong-Pujadas-300x169.jpg 300w, https:\/\/pujadasgrill.com\/wp-content\/uploads\/2024\/06\/P851004-Accessories-Heavy-duty-oven-tong-Pujadas-768x432.jpg 768w, https:\/\/pujadasgrill.com\/wp-content\/uploads\/2024\/06\/P851004-Accessories-Heavy-duty-oven-tong-Pujadas-800x450.jpg 800w, https:\/\/pujadasgrill.com\/wp-content\/uploads\/2024\/06\/P851004-Accessories-Heavy-duty-oven-tong-Pujadas-600x337.jpg 600w\" sizes=\"(max-width: 1000px) 100vw, 1000px\" \/><\/div>  <div class=\"grve-content grve-position-right grve-align-left\">  <p>Accessoires<\/p>    <a href=\"https:\/\/pujadasgrill.com\/fr\/accessoires\/\" target=\"_self\" class=\"grve-link-text grve-read-more \">Voir plus<\/a>  <\/div><\/div>\t<\/div><\/div>[\/vc_column][\/vc_row][vc_row][vc_column][vc_empty_space][\/vc_column][\/vc_row]<\/p>\n","protected":false},"excerpt":{"rendered":"<p>[vc_row][vc_column][vc_column_text]Produits \/ Fumoir[\/vc_column_text][\/vc_column][\/vc_row][vc_row][vc_column width=&#8221;1\/2&#8243; el_class=&#8221;productImages&#8221;][\/vc_column][vc_column width=&#8221;1\/2&#8243; el_class=&#8221;fontSize13&#8243;][vc_column_text] La technique du fumage est une tendance \u00e0 la hausse non seulement pour les \u00e9laborations culinaires des chefs les plus prestigieux, mais aussi pour tous ceux qui privil\u00e9gient l\u2019innovation et l\u2019originalit\u00e9 dans leurs pr\u00e9parations. Obtenez des fum\u00e9es totalement froides, beaucoup plus aromatiques et stables dans le temps pour [&hellip;]<\/p>\n","protected":false},"author":1,"featured_media":22052,"parent":23250,"menu_order":0,"comment_status":"closed","ping_status":"closed","template":"","meta":{"_seopress_robots_primary_cat":"","inline_featured_image":false,"footnotes":""},"class_list":["post-23264","page","type-page","status-publish","has-post-thumbnail","hentry"],"_links":{"self":[{"href":"https:\/\/pujadasgrill.com\/fr\/wp-json\/wp\/v2\/pages\/23264"}],"collection":[{"href":"https:\/\/pujadasgrill.com\/fr\/wp-json\/wp\/v2\/pages"}],"about":[{"href":"https:\/\/pujadasgrill.com\/fr\/wp-json\/wp\/v2\/types\/page"}],"author":[{"embeddable":true,"href":"https:\/\/pujadasgrill.com\/fr\/wp-json\/wp\/v2\/users\/1"}],"replies":[{"embeddable":true,"href":"https:\/\/pujadasgrill.com\/fr\/wp-json\/wp\/v2\/comments?post=23264"}],"version-history":[{"count":11,"href":"https:\/\/pujadasgrill.com\/fr\/wp-json\/wp\/v2\/pages\/23264\/revisions"}],"predecessor-version":[{"id":24037,"href":"https:\/\/pujadasgrill.com\/fr\/wp-json\/wp\/v2\/pages\/23264\/revisions\/24037"}],"up":[{"embeddable":true,"href":"https:\/\/pujadasgrill.com\/fr\/wp-json\/wp\/v2\/pages\/23250"}],"wp:featuredmedia":[{"embeddable":true,"href":"https:\/\/pujadasgrill.com\/fr\/wp-json\/wp\/v2\/media\/22052"}],"wp:attachment":[{"href":"https:\/\/pujadasgrill.com\/fr\/wp-json\/wp\/v2\/media?parent=23264"}],"curies":[{"name":"wp","href":"https:\/\/api.w.org\/{rel}","templated":true}]}}