{"id":23293,"date":"2024-06-12T08:02:36","date_gmt":"2024-06-12T08:02:36","guid":{"rendered":"https:\/\/pujadasgrill.com\/the-lab\/"},"modified":"2024-06-12T16:10:44","modified_gmt":"2024-06-12T16:10:44","slug":"the-lab","status":"publish","type":"page","link":"https:\/\/pujadasgrill.com\/fr\/the-lab\/","title":{"rendered":"The lab"},"content":{"rendered":"<p>[vc_row el_class=&#8221;whiteBg&#8221;][vc_column width=&#8221;1\/6&#8243;][\/vc_column][vc_column width=&#8221;2\/3&#8243;][vc_empty_space][vc_empty_space]<div class=\"grve-element grve-image grve-align-center\" style=\"\"><img loading=\"lazy\" decoding=\"async\" width=\"463\" height=\"90\" src=\"https:\/\/pujadasgrill.com\/wp-content\/uploads\/2024\/06\/theLab.svg\" class=\"attachment-full size-full\" alt=\"\" \/><\/div><h3 class=\"grve-element grve-title grve-align-center grve-h3 subTitlePage\" style=\"\"><span>L\u00e0 o\u00f9 l\u2019acier et le feu op\u00e8rent leur magie<\/span><\/h3>[vc_column_text]<\/p>\n<p style=\"text-align: center;\">L&#8217;exp\u00e9rience compl\u00e8te pour vos cr\u00e9ations grill\u00e9es.<\/p>\n<p>[\/vc_column_text][vc_empty_space][\/vc_column][vc_column width=&#8221;1\/6&#8243;][\/vc_column][\/vc_row][vc_row][vc_column]<div class=\"grve-element grve-carousel-wrapper\"  style=\" \"><div class=\"grve-carousel-navigation grve-light grve-navigation-4 grve-navigation-default\">\t<div class=\"grve-carousel-buttons\">\t\t<div class=\"grve-carousel-prev\">\t\t\t<i class=\"grve-icon-arrow-left\"><\/i>\t\t<\/div>\t\t<div class=\"grve-carousel-next\">\t\t\t<i class=\"grve-icon-arrow-right\"><\/i>\t\t<\/div>\t<\/div><\/div><div class=\"grve-slider grve-carousel-element\" data-slider-speed=\"3500\" data-slider-pause=\"yes\" data-slider-autoplay=\"yes\" data-slider-autoheight=\"no\"><div class=\"grve-slider-item\"><figure><div class=\"grve-media\"><img loading=\"lazy\" decoding=\"async\" width=\"1170\" height=\"658\" src=\"https:\/\/pujadasgrill.com\/wp-content\/uploads\/2024\/06\/pujadasgrill-the-lab-4-1170x658.jpg\" class=\"attachment-blade-grve-large-rect-horizontal size-blade-grve-large-rect-horizontal\" alt=\"\" srcset=\"https:\/\/pujadasgrill.com\/wp-content\/uploads\/2024\/06\/pujadasgrill-the-lab-4-1170x658.jpg 1170w, https:\/\/pujadasgrill.com\/wp-content\/uploads\/2024\/06\/pujadasgrill-the-lab-4-800x450.jpg 800w\" sizes=\"(max-width: 1170px) 100vw, 1170px\" \/><\/div><\/figure><\/div><div class=\"grve-slider-item\"><figure><div class=\"grve-media\"><img loading=\"lazy\" decoding=\"async\" width=\"1170\" height=\"658\" src=\"https:\/\/pujadasgrill.com\/wp-content\/uploads\/2024\/06\/pujadasgrill-the-lab-2-1170x658.jpg\" class=\"attachment-blade-grve-large-rect-horizontal size-blade-grve-large-rect-horizontal\" alt=\"\" srcset=\"https:\/\/pujadasgrill.com\/wp-content\/uploads\/2024\/06\/pujadasgrill-the-lab-2-1170x658.jpg 1170w, https:\/\/pujadasgrill.com\/wp-content\/uploads\/2024\/06\/pujadasgrill-the-lab-2-800x450.jpg 800w\" sizes=\"(max-width: 1170px) 100vw, 1170px\" \/><\/div><\/figure><\/div><div class=\"grve-slider-item\"><figure><div class=\"grve-media\"><img loading=\"lazy\" decoding=\"async\" width=\"1170\" height=\"658\" src=\"https:\/\/pujadasgrill.com\/wp-content\/uploads\/2024\/06\/pujadasgrill-the-lab-1170x658.jpg\" class=\"attachment-blade-grve-large-rect-horizontal size-blade-grve-large-rect-horizontal\" alt=\"\" srcset=\"https:\/\/pujadasgrill.com\/wp-content\/uploads\/2024\/06\/pujadasgrill-the-lab-1170x658.jpg 1170w, https:\/\/pujadasgrill.com\/wp-content\/uploads\/2024\/06\/pujadasgrill-the-lab-800x450.jpg 800w\" sizes=\"(max-width: 1170px) 100vw, 1170px\" \/><\/div><\/figure><\/div><div class=\"grve-slider-item\"><figure><div class=\"grve-media\"><img loading=\"lazy\" decoding=\"async\" width=\"1170\" height=\"658\" src=\"https:\/\/pujadasgrill.com\/wp-content\/uploads\/2024\/06\/pujadasgrill-the-lab-3-1170x658.jpg\" class=\"attachment-blade-grve-large-rect-horizontal size-blade-grve-large-rect-horizontal\" alt=\"\" srcset=\"https:\/\/pujadasgrill.com\/wp-content\/uploads\/2024\/06\/pujadasgrill-the-lab-3-1170x658.jpg 1170w, https:\/\/pujadasgrill.com\/wp-content\/uploads\/2024\/06\/pujadasgrill-the-lab-3-800x450.jpg 800w\" sizes=\"(max-width: 1170px) 100vw, 1170px\" \/><\/div><\/figure><\/div><div class=\"grve-slider-item\"><figure><div class=\"grve-media\"><img loading=\"lazy\" decoding=\"async\" width=\"1170\" height=\"635\" src=\"https:\/\/pujadasgrill.com\/wp-content\/uploads\/2024\/06\/slider_thelab_1-1170x635.jpg\" class=\"attachment-blade-grve-large-rect-horizontal size-blade-grve-large-rect-horizontal\" alt=\"\" \/><\/div><\/figure><\/div><\/div><\/div>[vc_empty_space][\/vc_column][\/vc_row][vc_row bg_type=&#8221;image&#8221; bg_image=&#8221;22262&#8243; equal_column_height=&#8221;equal-column&#8221; tablet_sm_visibility=&#8221;hide&#8221; mobile_visibility=&#8221;hide&#8221;][vc_column width=&#8221;1\/2&#8243; css=&#8221;.vc_custom_1717682874275{background-position: center !important;background-repeat: no-repeat !important;background-size: cover !important;}&#8221;][\/vc_column][vc_column width=&#8221;1\/2&#8243;][vc_empty_space][vc_empty_space]<div class=\"grve-element grve-image grve-align-left\" style=\"margin-bottom: 0px;\"><img loading=\"lazy\" decoding=\"async\" width=\"390\" height=\"100\" src=\"https:\/\/pujadasgrill.com\/wp-content\/uploads\/2024\/06\/creating.svg\" class=\"attachment-full size-full\" alt=\"creating\" \/><\/div>[vc_column_text el_class=&#8221;maxWidth80Right&#8221;]D\u00e9couvrez les secrets de la cuisson au grill dans un espace polyvalent et accueillant sp\u00e9cialement con\u00e7u pour les chefs et les professionnels du Foodservice afin d\u2019apprendre de la source m\u00eame la polyvalence et la performance de la cuisson au grill.[\/vc_column_text][vc_empty_space][vc_empty_space][\/vc_column][\/vc_row][vc_row equal_column_height=&#8221;equal-column&#8221; desktop_visibility=&#8221;hide&#8221; tablet_visibility=&#8221;hide&#8221;][vc_column]<div class=\"grve-element grve-image grve-align-center\" style=\"\"><img loading=\"lazy\" decoding=\"async\" width=\"963\" height=\"642\" src=\"https:\/\/pujadasgrill.com\/wp-content\/uploads\/2024\/06\/thelab_01-1.jpg\" class=\"grve-full-image attachment-full size-full\" alt=\"\" srcset=\"https:\/\/pujadasgrill.com\/wp-content\/uploads\/2024\/06\/thelab_01-1.jpg 963w, https:\/\/pujadasgrill.com\/wp-content\/uploads\/2024\/06\/thelab_01-1-300x200.jpg 300w, https:\/\/pujadasgrill.com\/wp-content\/uploads\/2024\/06\/thelab_01-1-768x512.jpg 768w, https:\/\/pujadasgrill.com\/wp-content\/uploads\/2024\/06\/thelab_01-1-600x400.jpg 600w\" sizes=\"(max-width: 963px) 100vw, 963px\" \/><\/div><div class=\"grve-element grve-image grve-align-center\" style=\"margin-bottom: 0px;\"><img loading=\"lazy\" decoding=\"async\" width=\"390\" height=\"100\" src=\"https:\/\/pujadasgrill.com\/wp-content\/uploads\/2024\/06\/creating.svg\" class=\"attachment-full size-full\" alt=\"creating\" \/><\/div>[vc_column_text]D\u00e9couvrez les secrets de la cuisson au grill dans un espace polyvalent et accueillant sp\u00e9cialement con\u00e7u pour les chefs et les professionnels du Foodservice afin d\u2019apprendre de la source m\u00eame la polyvalence et la performance de la cuisson au grill.[\/vc_column_text][vc_empty_space][\/vc_column][\/vc_row][vc_row bg_type=&#8221;image&#8221; bg_image=&#8221;22271&#8243; equal_column_height=&#8221;equal-column&#8221; tablet_sm_visibility=&#8221;hide&#8221; mobile_visibility=&#8221;hide&#8221;][vc_column width=&#8221;1\/2&#8243;][vc_empty_space][vc_empty_space]<div class=\"grve-element grve-image grve-align-left\" style=\"margin-bottom: 0px;\"><img loading=\"lazy\" decoding=\"async\" width=\"370\" height=\"100\" src=\"https:\/\/pujadasgrill.com\/wp-content\/uploads\/2024\/06\/training.svg\" class=\"attachment-full size-full\" alt=\"\" \/><\/div>[vc_column_text el_class=&#8221;maxWidth80Right&#8221;] Un centre de formation et de cr\u00e9ativit\u00e9 culinaire o\u00f9 apporter un accompagnement complet dans la vente de nos fours et grills ouverts : d\u00e9monstrations en pr\u00e9sentiel et en ligne, accompagnement et mise en marche, formations.[\/vc_column_text][vc_empty_space][vc_empty_space][\/vc_column][vc_column width=&#8221;1\/2&#8243; css=&#8221;.vc_custom_1717682746360{background-position: center !important;background-repeat: no-repeat !important;background-size: cover !important;}&#8221;][\/vc_column][\/vc_row][vc_row equal_column_height=&#8221;equal-column&#8221; desktop_visibility=&#8221;hide&#8221; tablet_visibility=&#8221;hide&#8221;][vc_column]<div class=\"grve-element grve-image grve-align-center\" style=\"\"><img loading=\"lazy\" decoding=\"async\" width=\"963\" height=\"642\" src=\"https:\/\/pujadasgrill.com\/wp-content\/uploads\/2024\/06\/thelab_02-1.jpg\" class=\"grve-full-image attachment-full size-full\" alt=\"\" srcset=\"https:\/\/pujadasgrill.com\/wp-content\/uploads\/2024\/06\/thelab_02-1.jpg 963w, https:\/\/pujadasgrill.com\/wp-content\/uploads\/2024\/06\/thelab_02-1-300x200.jpg 300w, https:\/\/pujadasgrill.com\/wp-content\/uploads\/2024\/06\/thelab_02-1-768x512.jpg 768w, https:\/\/pujadasgrill.com\/wp-content\/uploads\/2024\/06\/thelab_02-1-600x400.jpg 600w\" sizes=\"(max-width: 963px) 100vw, 963px\" \/><\/div><div class=\"grve-element grve-image grve-align-center\" style=\"margin-bottom: 0px;\"><img loading=\"lazy\" decoding=\"async\" width=\"370\" height=\"100\" src=\"https:\/\/pujadasgrill.com\/wp-content\/uploads\/2024\/06\/training.svg\" class=\"attachment-full size-full\" alt=\"\" \/><\/div><h3 class=\"grve-element grve-title grve-align-center grve-h3 subTitlePage\" style=\"\"><span>Passion et fiert\u00e9<\/span><\/h3>[vc_column_text] Un centre de formation et de cr\u00e9ativit\u00e9 culinaire o\u00f9 apporter un accompagnement complet dans la vente de nos fours et grills ouverts : d\u00e9monstrations en pr\u00e9sentiel et en ligne, accompagnement et mise en marche, formations.[\/vc_column_text][vc_empty_space][\/vc_column][\/vc_row][vc_row][vc_column][vc_empty_space][\/vc_column][\/vc_row][vc_row section_type=&#8221;fullwidth&#8221; bg_type=&#8221;image&#8221; bg_image=&#8221;21899&#8243; el_class=&#8221;bannerFooter&#8221;][vc_column]<div class=\"grve-element grve-image grve-align-center\" style=\"\"><img loading=\"lazy\" decoding=\"async\" width=\"756\" height=\"85\" src=\"https:\/\/pujadasgrill.com\/wp-content\/uploads\/2024\/06\/wemakeweKnowWeGrillDotWhite.svg\" class=\"attachment-full size-full\" alt=\"\" \/><\/div>[\/vc_column][\/vc_row]<\/p>\n","protected":false},"excerpt":{"rendered":"<p>[vc_row el_class=&#8221;whiteBg&#8221;][vc_column width=&#8221;1\/6&#8243;][\/vc_column][vc_column width=&#8221;2\/3&#8243;][vc_empty_space][vc_empty_space][vc_column_text] L&#8217;exp\u00e9rience compl\u00e8te pour vos cr\u00e9ations grill\u00e9es. [\/vc_column_text][vc_empty_space][\/vc_column][vc_column width=&#8221;1\/6&#8243;][\/vc_column][\/vc_row][vc_row][vc_column][vc_empty_space][\/vc_column][\/vc_row][vc_row bg_type=&#8221;image&#8221; bg_image=&#8221;22262&#8243; equal_column_height=&#8221;equal-column&#8221; tablet_sm_visibility=&#8221;hide&#8221; mobile_visibility=&#8221;hide&#8221;][vc_column width=&#8221;1\/2&#8243; css=&#8221;.vc_custom_1717682874275{background-position: center !important;background-repeat: no-repeat !important;background-size: cover !important;}&#8221;][\/vc_column][vc_column width=&#8221;1\/2&#8243;][vc_empty_space][vc_empty_space][vc_column_text el_class=&#8221;maxWidth80Right&#8221;]D\u00e9couvrez les secrets de la cuisson au grill dans un espace polyvalent et accueillant sp\u00e9cialement con\u00e7u pour les chefs et les professionnels du Foodservice afin d\u2019apprendre de la source [&hellip;]<\/p>\n","protected":false},"author":1,"featured_media":22192,"parent":0,"menu_order":0,"comment_status":"closed","ping_status":"closed","template":"","meta":{"_seopress_robots_primary_cat":"","inline_featured_image":false,"footnotes":""},"class_list":["post-23293","page","type-page","status-publish","has-post-thumbnail","hentry"],"_links":{"self":[{"href":"https:\/\/pujadasgrill.com\/fr\/wp-json\/wp\/v2\/pages\/23293"}],"collection":[{"href":"https:\/\/pujadasgrill.com\/fr\/wp-json\/wp\/v2\/pages"}],"about":[{"href":"https:\/\/pujadasgrill.com\/fr\/wp-json\/wp\/v2\/types\/page"}],"author":[{"embeddable":true,"href":"https:\/\/pujadasgrill.com\/fr\/wp-json\/wp\/v2\/users\/1"}],"replies":[{"embeddable":true,"href":"https:\/\/pujadasgrill.com\/fr\/wp-json\/wp\/v2\/comments?post=23293"}],"version-history":[{"count":15,"href":"https:\/\/pujadasgrill.com\/fr\/wp-json\/wp\/v2\/pages\/23293\/revisions"}],"predecessor-version":[{"id":23908,"href":"https:\/\/pujadasgrill.com\/fr\/wp-json\/wp\/v2\/pages\/23293\/revisions\/23908"}],"wp:featuredmedia":[{"embeddable":true,"href":"https:\/\/pujadasgrill.com\/fr\/wp-json\/wp\/v2\/media\/22192"}],"wp:attachment":[{"href":"https:\/\/pujadasgrill.com\/fr\/wp-json\/wp\/v2\/media?parent=23293"}],"curies":[{"name":"wp","href":"https:\/\/api.w.org\/{rel}","templated":true}]}}