{"id":12677,"date":"2020-12-12T16:47:38","date_gmt":"2020-12-12T16:47:38","guid":{"rendered":"https:\/\/www.pujadasgrill.com\/producto\/plateau-de-presentation\/"},"modified":"2024-06-20T07:46:47","modified_gmt":"2024-06-20T07:46:47","slug":"plateau-de-presentation-du-riz","status":"publish","type":"product","link":"https:\/\/pujadasgrill.com\/fr\/producto\/plateau-de-presentation-du-riz\/","title":{"rendered":"Plateau de pr\u00e9sentation du riz"},"content":{"rendered":"","protected":false},"excerpt":{"rendered":"<p>Plateau de pr\u00e9sentation en acier inoxydable avec base et manche en bois. Id\u00e9ales pour le riz, les escargots, la viande et le poisson cuit au four servis \u00e0 table.<\/p>\n","protected":false},"featured_media":29855,"template":"","meta":{"_seopress_robots_primary_cat":"none","inline_featured_image":false},"product_cat":[119],"product_tag":[],"class_list":["post-12677","product","type-product","status-publish","has-post-thumbnail","hentry","product_cat-menage"],"_links":{"self":[{"href":"https:\/\/pujadasgrill.com\/fr\/wp-json\/wp\/v2\/product\/12677"}],"collection":[{"href":"https:\/\/pujadasgrill.com\/fr\/wp-json\/wp\/v2\/product"}],"about":[{"href":"https:\/\/pujadasgrill.com\/fr\/wp-json\/wp\/v2\/types\/product"}],"wp:featuredmedia":[{"embeddable":true,"href":"https:\/\/pujadasgrill.com\/fr\/wp-json\/wp\/v2\/media\/29855"}],"wp:attachment":[{"href":"https:\/\/pujadasgrill.com\/fr\/wp-json\/wp\/v2\/media?parent=12677"}],"wp:term":[{"taxonomy":"product_cat","embeddable":true,"href":"https:\/\/pujadasgrill.com\/fr\/wp-json\/wp\/v2\/product_cat?post=12677"},{"taxonomy":"product_tag","embeddable":true,"href":"https:\/\/pujadasgrill.com\/fr\/wp-json\/wp\/v2\/product_tag?post=12677"}],"curies":[{"name":"wp","href":"https:\/\/api.w.org\/{rel}","templated":true}]}}