{"id":12703,"date":"2020-12-12T14:53:14","date_gmt":"2020-12-12T14:53:14","guid":{"rendered":"https:\/\/www.pujadasgrill.com\/producto\/mini-poele-ronde-haute\/"},"modified":"2024-06-20T07:54:47","modified_gmt":"2024-06-20T07:54:47","slug":"mini-poele-ronde-haute","status":"publish","type":"product","link":"https:\/\/pujadasgrill.com\/fr\/producto\/mini-poele-ronde-haute\/","title":{"rendered":"Mini Po\u00eale Ronde Haute"},"content":{"rendered":"","protected":false},"excerpt":{"rendered":"<p>Miniatures en fonte et int\u00e9rieur \u00e9maill\u00e9, parfaites pour le service individuel et la pr\u00e9sentation.<\/p>\n","protected":false},"featured_media":29831,"template":"","meta":{"_seopress_robots_primary_cat":"none","inline_featured_image":false},"product_cat":[119],"product_tag":[],"class_list":["post-12703","product","type-product","status-publish","has-post-thumbnail","hentry","product_cat-menage"],"_links":{"self":[{"href":"https:\/\/pujadasgrill.com\/fr\/wp-json\/wp\/v2\/product\/12703"}],"collection":[{"href":"https:\/\/pujadasgrill.com\/fr\/wp-json\/wp\/v2\/product"}],"about":[{"href":"https:\/\/pujadasgrill.com\/fr\/wp-json\/wp\/v2\/types\/product"}],"wp:featuredmedia":[{"embeddable":true,"href":"https:\/\/pujadasgrill.com\/fr\/wp-json\/wp\/v2\/media\/29831"}],"wp:attachment":[{"href":"https:\/\/pujadasgrill.com\/fr\/wp-json\/wp\/v2\/media?parent=12703"}],"wp:term":[{"taxonomy":"product_cat","embeddable":true,"href":"https:\/\/pujadasgrill.com\/fr\/wp-json\/wp\/v2\/product_cat?post=12703"},{"taxonomy":"product_tag","embeddable":true,"href":"https:\/\/pujadasgrill.com\/fr\/wp-json\/wp\/v2\/product_tag?post=12703"}],"curies":[{"name":"wp","href":"https:\/\/api.w.org\/{rel}","templated":true}]}}