{"id":12709,"date":"2020-12-12T16:39:20","date_gmt":"2020-12-12T16:39:20","guid":{"rendered":"https:\/\/www.pujadasgrill.com\/producto\/plat-a-paella-acier-emaille\/"},"modified":"2024-06-20T07:49:46","modified_gmt":"2024-06-20T07:49:46","slug":"plat-a-paella-acier-emaille","status":"publish","type":"product","link":"https:\/\/pujadasgrill.com\/fr\/producto\/plat-a-paella-acier-emaille\/","title":{"rendered":"Plat \u00c0 Paella Acier \u00c9maill\u00e9 Acier \u00e9maill\u00e9"},"content":{"rendered":"<h3>MINI-SIZE Id\u00e9al pour la pr\u00e9sentation<\/h3>\n<p>Po\u00eales \u00e0 paella valenciennes en acier \u00e9maill\u00e9. Id\u00e9ales pour cuisiner le riz et la fideu\u00e1 de mani\u00e8re professionnelle. Toute la gamme peut \u00eatre utilis\u00e9e dans tous les types de cuisini\u00e8res et de fours.<\/p>\n","protected":false},"excerpt":{"rendered":"<p>Plat \u00e0 paella acier \u00e9maill\u00e9 Id\u00e9al pour cuisiner du riz et du fideu\u00e1 dans un style professionnel. Toute la gamme peut \u00eatre utilis\u00e9e dans tout type de cuisine et de four.<\/p>\n","protected":false},"featured_media":29936,"template":"","meta":{"_seopress_robots_primary_cat":"none","inline_featured_image":false},"product_cat":[119],"product_tag":[],"class_list":["post-12709","product","type-product","status-publish","has-post-thumbnail","hentry","product_cat-menage"],"_links":{"self":[{"href":"https:\/\/pujadasgrill.com\/fr\/wp-json\/wp\/v2\/product\/12709"}],"collection":[{"href":"https:\/\/pujadasgrill.com\/fr\/wp-json\/wp\/v2\/product"}],"about":[{"href":"https:\/\/pujadasgrill.com\/fr\/wp-json\/wp\/v2\/types\/product"}],"wp:featuredmedia":[{"embeddable":true,"href":"https:\/\/pujadasgrill.com\/fr\/wp-json\/wp\/v2\/media\/29936"}],"wp:attachment":[{"href":"https:\/\/pujadasgrill.com\/fr\/wp-json\/wp\/v2\/media?parent=12709"}],"wp:term":[{"taxonomy":"product_cat","embeddable":true,"href":"https:\/\/pujadasgrill.com\/fr\/wp-json\/wp\/v2\/product_cat?post=12709"},{"taxonomy":"product_tag","embeddable":true,"href":"https:\/\/pujadasgrill.com\/fr\/wp-json\/wp\/v2\/product_tag?post=12709"}],"curies":[{"name":"wp","href":"https:\/\/api.w.org\/{rel}","templated":true}]}}