{"id":12714,"date":"2020-12-12T16:28:25","date_gmt":"2020-12-12T16:28:25","guid":{"rendered":"https:\/\/www.pujadasgrill.com\/producto\/plat-a-paella-tole-acier\/"},"modified":"2024-06-20T07:51:24","modified_gmt":"2024-06-20T07:51:24","slug":"plat-a-paella-tole-acier","status":"publish","type":"product","link":"https:\/\/pujadasgrill.com\/fr\/producto\/plat-a-paella-tole-acier\/","title":{"rendered":"Plat \u00c0 Paella En T\u00f4le Acier Acier au carbone"},"content":{"rendered":"","protected":false},"excerpt":{"rendered":"<p>Po\u00eales \u00e0 paella valenciennes en acier poli. Id\u00e9ales pour cuisiner le riz et la fideu\u00e1 de mani\u00e8re professionnelle. Toute la gamme peut \u00eatre utilis\u00e9e dans tous les types de cuisini\u00e8res et de fours.<\/p>\n","protected":false},"featured_media":29933,"template":"","meta":{"_seopress_robots_primary_cat":"none","inline_featured_image":false},"product_cat":[119],"product_tag":[],"class_list":["post-12714","product","type-product","status-publish","has-post-thumbnail","hentry","product_cat-menage"],"_links":{"self":[{"href":"https:\/\/pujadasgrill.com\/fr\/wp-json\/wp\/v2\/product\/12714"}],"collection":[{"href":"https:\/\/pujadasgrill.com\/fr\/wp-json\/wp\/v2\/product"}],"about":[{"href":"https:\/\/pujadasgrill.com\/fr\/wp-json\/wp\/v2\/types\/product"}],"wp:featuredmedia":[{"embeddable":true,"href":"https:\/\/pujadasgrill.com\/fr\/wp-json\/wp\/v2\/media\/29933"}],"wp:attachment":[{"href":"https:\/\/pujadasgrill.com\/fr\/wp-json\/wp\/v2\/media?parent=12714"}],"wp:term":[{"taxonomy":"product_cat","embeddable":true,"href":"https:\/\/pujadasgrill.com\/fr\/wp-json\/wp\/v2\/product_cat?post=12714"},{"taxonomy":"product_tag","embeddable":true,"href":"https:\/\/pujadasgrill.com\/fr\/wp-json\/wp\/v2\/product_tag?post=12714"}],"curies":[{"name":"wp","href":"https:\/\/api.w.org\/{rel}","templated":true}]}}