{"id":12730,"date":"2021-01-28T09:48:37","date_gmt":"2021-01-28T09:48:37","guid":{"rendered":"https:\/\/www.pujadasgrill.com\/producto\/poele-lyonnaise-15-mm\/"},"modified":"2024-06-20T07:43:26","modified_gmt":"2024-06-20T07:43:26","slug":"poele-lyonnaise-15-mm","status":"publish","type":"product","link":"https:\/\/pujadasgrill.com\/fr\/producto\/poele-lyonnaise-15-mm\/","title":{"rendered":"Po\u00eale \u201cLyonnaise\u201d 1,5 Mm Acier au carbone"},"content":{"rendered":"<p>Il suffit de nettoyer d\u00e9licatement avec un tissu huil\u00e9. Po\u00eales professionnelles en fer (acier) avec d\u2019excellentes propri\u00e9t\u00e9s thermiques et antiadh\u00e9sives naturelles. Id\u00e9ales pour saisir les viandes et faire sauter les l\u00e9gumes. Adapt\u00e9es aux fours et particuli\u00e8rement aux cuisini\u00e8res \u00e0 induction. Nettoyage\u00a0: savon et eau ne sont pas n\u00e9cessaires. Il suffit de nettoyer d\u00e9licatement avec un tissu huil\u00e9.<\/p>\n","protected":false},"excerpt":{"rendered":"<p>Il suffit de nettoyer d\u00e9licatement avec un tissu huil\u00e9. Po\u00eales professionnelles en fer (acier) avec d\u2019excellentes propri\u00e9t\u00e9s thermiques et antiadh\u00e9sives naturelles. Id\u00e9ales pour saisir les viandes et faire sauter les l\u00e9gumes. Adapt\u00e9es aux fours et particuli\u00e8rement aux cuisini\u00e8res \u00e0 induction. Nettoyage : savon et eau ne sont pas n\u00e9cessaires. Il suffit de nettoyer d\u00e9licatement avec un tissu huil\u00e9.<\/p>\n","protected":false},"featured_media":29807,"template":"","meta":{"_seopress_robots_primary_cat":"none","inline_featured_image":false},"product_cat":[119],"product_tag":[],"class_list":["post-12730","product","type-product","status-publish","has-post-thumbnail","hentry","product_cat-menage"],"_links":{"self":[{"href":"https:\/\/pujadasgrill.com\/fr\/wp-json\/wp\/v2\/product\/12730"}],"collection":[{"href":"https:\/\/pujadasgrill.com\/fr\/wp-json\/wp\/v2\/product"}],"about":[{"href":"https:\/\/pujadasgrill.com\/fr\/wp-json\/wp\/v2\/types\/product"}],"wp:featuredmedia":[{"embeddable":true,"href":"https:\/\/pujadasgrill.com\/fr\/wp-json\/wp\/v2\/media\/29807"}],"wp:attachment":[{"href":"https:\/\/pujadasgrill.com\/fr\/wp-json\/wp\/v2\/media?parent=12730"}],"wp:term":[{"taxonomy":"product_cat","embeddable":true,"href":"https:\/\/pujadasgrill.com\/fr\/wp-json\/wp\/v2\/product_cat?post=12730"},{"taxonomy":"product_tag","embeddable":true,"href":"https:\/\/pujadasgrill.com\/fr\/wp-json\/wp\/v2\/product_tag?post=12730"}],"curies":[{"name":"wp","href":"https:\/\/api.w.org\/{rel}","templated":true}]}}