{"id":12767,"date":"2020-12-12T12:20:15","date_gmt":"2020-12-12T12:20:15","guid":{"rendered":"https:\/\/www.pujadasgrill.com\/producto\/grille-en-acier-inoxydable\/"},"modified":"2024-06-20T07:59:30","modified_gmt":"2024-06-20T07:59:30","slug":"grille-en-acier-inoxidable","status":"publish","type":"product","link":"https:\/\/pujadasgrill.com\/fr\/producto\/grille-en-acier-inoxidable\/","title":{"rendered":"Grille en acier inoxydable"},"content":{"rendered":"","protected":false},"excerpt":{"rendered":"<h2>Grille en acier inoxydable<\/h2>\n<p>Grille enti\u00e8rement en acier inoxydable, enti\u00e8rement soud\u00e9e et polie. Sa composition de diff\u00e9rentes tiges lui conf\u00e8re une plus grande solidit\u00e9 et stabilit\u00e9.<\/p>\n<table class=\"tg\" style=\"border-collapse: collapse; border-spacing: 0; max-width: 450px;\">\n<thead>\n<tr>\n<th style=\"font-family: Arial, sans-serif; font-size: 14px; font-weight: bold; overflow: hidden; padding: 10px 5px; text-align: left; vertical-align: top; word-break: normal; border: 1px solid #ffffff;\">REF<\/th>\n<th style=\"font-family: Arial, sans-serif; font-size: 14px; font-weight: bold; overflow: hidden; padding: 10px 5px; text-align: left; vertical-align: top; word-break: normal; border: 1px solid #ffffff;\">four<\/th>\n<th style=\"font-family: Arial, sans-serif; font-size: 14px; font-weight: bold; overflow: hidden; padding: 10px 5px; text-align: left; vertical-align: top; word-break: normal; border: 1px solid #ffffff;\">mm<\/th>\n<\/tr>\n<\/thead>\n<tbody>\n<tr>\n<td style=\"font-family: Arial, sans-serif; font-size: 14px; overflow: hidden; padding: 10px 5px; text-align: left; vertical-align: top; word-break: normal; border: 1px solid #ffffff;\">RE850.5004<\/td>\n<td style=\"font-family: Arial, sans-serif; font-size: 14px; overflow: hidden; padding: 10px 5px; text-align: left; vertical-align: top; word-break: normal; border: 1px solid #ffffff;\">50<\/td>\n<td style=\"font-family: Arial, sans-serif; font-size: 14px; overflow: hidden; padding: 10px 5px; text-align: left; vertical-align: top; word-break: normal; border: 1px solid #ffffff;\">585&#215;385<\/td>\n<\/tr>\n<tr>\n<td style=\"font-family: Arial, sans-serif; font-size: 14px; overflow: hidden; padding: 10px 5px; text-align: left; vertical-align: top; word-break: normal; border: 1px solid #ffffff;\">RE850.9007<\/td>\n<td style=\"font-family: Arial, sans-serif; font-size: 14px; overflow: hidden; padding: 10px 5px; text-align: left; vertical-align: top; word-break: normal; border: 1px solid #ffffff;\">90<\/td>\n<td style=\"font-family: Arial, sans-serif; font-size: 14px; overflow: hidden; padding: 10px 5px; text-align: left; vertical-align: top; word-break: normal; border: 1px solid #ffffff;\">585&#215;485<\/td>\n<\/tr>\n<tr>\n<td style=\"font-family: Arial, sans-serif; font-size: 14px; overflow: hidden; padding: 10px 5px; text-align: left; vertical-align: top; word-break: normal; border: 1px solid #ffffff;\">RE851.4007<\/td>\n<td style=\"font-family: Arial, sans-serif; font-size: 14px; overflow: hidden; padding: 10px 5px; text-align: left; vertical-align: top; word-break: normal; border: 1px solid #ffffff;\">140<\/td>\n<td style=\"font-family: Arial, sans-serif; font-size: 14px; overflow: hidden; padding: 10px 5px; text-align: left; vertical-align: top; word-break: normal; border: 1px solid #ffffff;\">775&#215;655<\/td>\n<\/tr>\n<\/tbody>\n<\/table>\n","protected":false},"featured_media":29882,"template":"","meta":{"_seopress_robots_primary_cat":"none","inline_featured_image":false},"product_cat":[216],"product_tag":[],"class_list":["post-12767","product","type-product","status-publish","has-post-thumbnail","hentry","product_cat-accessoires-fr"],"_links":{"self":[{"href":"https:\/\/pujadasgrill.com\/fr\/wp-json\/wp\/v2\/product\/12767"}],"collection":[{"href":"https:\/\/pujadasgrill.com\/fr\/wp-json\/wp\/v2\/product"}],"about":[{"href":"https:\/\/pujadasgrill.com\/fr\/wp-json\/wp\/v2\/types\/product"}],"wp:featuredmedia":[{"embeddable":true,"href":"https:\/\/pujadasgrill.com\/fr\/wp-json\/wp\/v2\/media\/29882"}],"wp:attachment":[{"href":"https:\/\/pujadasgrill.com\/fr\/wp-json\/wp\/v2\/media?parent=12767"}],"wp:term":[{"taxonomy":"product_cat","embeddable":true,"href":"https:\/\/pujadasgrill.com\/fr\/wp-json\/wp\/v2\/product_cat?post=12767"},{"taxonomy":"product_tag","embeddable":true,"href":"https:\/\/pujadasgrill.com\/fr\/wp-json\/wp\/v2\/product_tag?post=12767"}],"curies":[{"name":"wp","href":"https:\/\/api.w.org\/{rel}","templated":true}]}}