{"id":12783,"date":"2020-12-12T09:46:17","date_gmt":"2020-12-12T09:46:17","guid":{"rendered":"https:\/\/www.pujadasgrill.com\/producto\/tisonnier-pour-four-a-braise\/"},"modified":"2024-06-20T08:02:36","modified_gmt":"2024-06-20T08:02:36","slug":"tisonnier-pour-four-a-braise-2","status":"publish","type":"product","link":"https:\/\/pujadasgrill.com\/fr\/producto\/tisonnier-pour-four-a-braise-2\/","title":{"rendered":"Tisonnier pour four \u00e0 braise"},"content":{"rendered":"","protected":false},"excerpt":{"rendered":"<h2>Tisonnier pour four \u00e0 braise<\/h2>\n<p>Tisonnier \u00e0 charbon de bois en acier inoxydable, id\u00e9al pour retirer le charbon de bois pendant le service, \u00e9vitant ainsi d&#8217;\u00e9ventuelles br\u00fblures.<\/p>\n<table class=\"tg\" style=\"border-collapse: collapse; border-spacing: 0; max-width: 450px;\">\n<thead>\n<tr>\n<th style=\"font-family: Arial, sans-serif; font-size: 14px; font-weight: bold; overflow: hidden; padding: 10px 5px; text-align: left; vertical-align: top; word-break: normal; border: 1px solid #ffffff;\">REF<\/th>\n<th style=\"font-family: Arial, sans-serif; font-size: 14px; font-weight: bold; overflow: hidden; padding: 10px 5px; text-align: left; vertical-align: top; word-break: normal; border: 1px solid #ffffff;\">cm<\/th>\n<\/tr>\n<\/thead>\n<tbody>\n<tr>\n<td style=\"font-family: Arial, sans-serif; font-size: 14px; overflow: hidden; padding: 10px 5px; text-align: left; vertical-align: top; word-break: normal; border: 1px solid #ffffff;\">P851005<\/td>\n<td style=\"font-family: Arial, sans-serif; font-size: 14px; overflow: hidden; padding: 10px 5px; text-align: left; vertical-align: top; word-break: normal; border: 1px solid #ffffff;\">64,5<\/td>\n<\/tr>\n<\/tbody>\n<\/table>\n","protected":false},"featured_media":29891,"template":"","meta":{"_seopress_robots_primary_cat":"none","inline_featured_image":false},"product_cat":[216],"product_tag":[],"class_list":["post-12783","product","type-product","status-publish","has-post-thumbnail","hentry","product_cat-accessoires-fr"],"_links":{"self":[{"href":"https:\/\/pujadasgrill.com\/fr\/wp-json\/wp\/v2\/product\/12783"}],"collection":[{"href":"https:\/\/pujadasgrill.com\/fr\/wp-json\/wp\/v2\/product"}],"about":[{"href":"https:\/\/pujadasgrill.com\/fr\/wp-json\/wp\/v2\/types\/product"}],"wp:featuredmedia":[{"embeddable":true,"href":"https:\/\/pujadasgrill.com\/fr\/wp-json\/wp\/v2\/media\/29891"}],"wp:attachment":[{"href":"https:\/\/pujadasgrill.com\/fr\/wp-json\/wp\/v2\/media?parent=12783"}],"wp:term":[{"taxonomy":"product_cat","embeddable":true,"href":"https:\/\/pujadasgrill.com\/fr\/wp-json\/wp\/v2\/product_cat?post=12783"},{"taxonomy":"product_tag","embeddable":true,"href":"https:\/\/pujadasgrill.com\/fr\/wp-json\/wp\/v2\/product_tag?post=12783"}],"curies":[{"name":"wp","href":"https:\/\/api.w.org\/{rel}","templated":true}]}}