{"id":12801,"date":"2020-12-12T12:53:21","date_gmt":"2020-12-12T12:53:21","guid":{"rendered":"https:\/\/www.pujadasgrill.com\/producto\/pince-renforcee-pour-four\/"},"modified":"2024-06-20T08:00:01","modified_gmt":"2024-06-20T08:00:01","slug":"pince-renforcee-pour-four","status":"publish","type":"product","link":"https:\/\/pujadasgrill.com\/fr\/producto\/pince-renforcee-pour-four\/","title":{"rendered":"Pince renforc\u00e9e pour four"},"content":{"rendered":"","protected":false},"excerpt":{"rendered":"<p>Pinces en acier inoxydable renforc\u00e9es qui offrent une plus grande s\u00e9curit\u00e9 dans la manipulation des aliments \u00e0 l&#8217;int\u00e9rieur du four, ainsi que la plus haute qualit\u00e9 hygi\u00e9nique-sanitaire que requi\u00e8rent tous les accessoires de cuisine.<\/p>\n","protected":false},"featured_media":29888,"template":"","meta":{"_seopress_robots_primary_cat":"none","inline_featured_image":false},"product_cat":[216],"product_tag":[],"class_list":["post-12801","product","type-product","status-publish","has-post-thumbnail","hentry","product_cat-accessoires-fr"],"_links":{"self":[{"href":"https:\/\/pujadasgrill.com\/fr\/wp-json\/wp\/v2\/product\/12801"}],"collection":[{"href":"https:\/\/pujadasgrill.com\/fr\/wp-json\/wp\/v2\/product"}],"about":[{"href":"https:\/\/pujadasgrill.com\/fr\/wp-json\/wp\/v2\/types\/product"}],"wp:featuredmedia":[{"embeddable":true,"href":"https:\/\/pujadasgrill.com\/fr\/wp-json\/wp\/v2\/media\/29888"}],"wp:attachment":[{"href":"https:\/\/pujadasgrill.com\/fr\/wp-json\/wp\/v2\/media?parent=12801"}],"wp:term":[{"taxonomy":"product_cat","embeddable":true,"href":"https:\/\/pujadasgrill.com\/fr\/wp-json\/wp\/v2\/product_cat?post=12801"},{"taxonomy":"product_tag","embeddable":true,"href":"https:\/\/pujadasgrill.com\/fr\/wp-json\/wp\/v2\/product_tag?post=12801"}],"curies":[{"name":"wp","href":"https:\/\/api.w.org\/{rel}","templated":true}]}}