{"id":19792,"date":"2023-10-11T07:28:37","date_gmt":"2023-10-11T07:28:37","guid":{"rendered":"https:\/\/www.pujadasgrill.com\/?post_type=product&#038;p=19792"},"modified":"2024-06-20T06:51:16","modified_gmt":"2024-06-20T06:51:16","slug":"couvercle-hermetic-gn-smoke-cover","status":"publish","type":"product","link":"https:\/\/pujadasgrill.com\/fr\/producto\/couvercle-hermetic-gn-smoke-cover\/","title":{"rendered":"Couvercle herm\u00e9tique GN pour fumer"},"content":{"rendered":"","protected":false},"excerpt":{"rendered":"<h2>Couvercle herm\u00e9tique GN pour fumer<\/h2>\n<p>Id\u00e9al pour fumer \u00e0 froid de gros morceaux de viande ou poisson entier. Adaptable \u00e0 Tous les bacs GN 1\/1 et 1\/2.<\/p>\n<p>P110004A1\/1<\/p>\n<table class=\"tg\" style=\"border-collapse: collapse; border-spacing: 0px; max-width: 450px; height: 181px;\" width=\"439\">\n<thead>\n<tr>\n<th style=\"font-family: Arial, sans-serif; font-size: 14px; font-weight: bold; overflow: hidden; padding: 10px 5px; text-align: left; vertical-align: top; word-break: normal; border: 1px solid #ffffff;\">REF<\/th>\n<th style=\"font-family: Arial, sans-serif; font-size: 14px; font-weight: bold; overflow: hidden; padding: 10px 5px; text-align: left; vertical-align: top; word-break: normal; border: 1px solid #ffffff;\">GN<\/th>\n<th style=\"font-family: Arial, sans-serif; font-size: 14px; font-weight: bold; overflow: hidden; padding: 10px 5px; text-align: left; vertical-align: top; word-break: normal; border: 1px solid #ffffff;\">cm<\/th>\n<\/tr>\n<\/thead>\n<tbody>\n<tr>\n<td style=\"font-family: Arial, sans-serif; font-size: 14px; overflow: hidden; padding: 10px 5px; text-align: left; vertical-align: top; word-break: normal; border: 1px solid #ffffff;\">P110004A<\/td>\n<td style=\"font-family: Arial, sans-serif; font-size: 14px; overflow: hidden; padding: 10px 5px; text-align: left; vertical-align: top; word-break: normal; border: 1px solid #ffffff;\">1\/1<\/td>\n<td style=\"font-family: Arial, sans-serif; font-size: 14px; overflow: hidden; padding: 10px 5px; text-align: left; vertical-align: top; word-break: normal; border: 1px solid #ffffff;\">53 x 32,5<\/td>\n<\/tr>\n<tr>\n<td style=\"font-family: Arial, sans-serif; font-size: 14px; overflow: hidden; padding: 10px 5px; text-align: left; vertical-align: top; word-break: normal; border: 1px solid #ffffff;\">P120004A<\/td>\n<td style=\"font-family: Arial, sans-serif; font-size: 14px; overflow: hidden; padding: 10px 5px; text-align: left; vertical-align: top; word-break: normal; border: 1px solid #ffffff;\">1\/2<\/td>\n<td style=\"font-family: Arial, sans-serif; font-size: 14px; overflow: hidden; padding: 10px 5px; text-align: left; vertical-align: top; word-break: normal; border: 1px solid #ffffff;\">32,5 x 26,5<\/td>\n<\/tr>\n<\/tbody>\n<\/table>\n","protected":false},"featured_media":29804,"template":"","meta":{"_seopress_robots_primary_cat":"none","inline_featured_image":false},"product_cat":[216],"product_tag":[1745],"class_list":["post-19792","product","type-product","status-publish","has-post-thumbnail","hentry","product_cat-accessoires-fr","product_tag-new-fr"],"_links":{"self":[{"href":"https:\/\/pujadasgrill.com\/fr\/wp-json\/wp\/v2\/product\/19792"}],"collection":[{"href":"https:\/\/pujadasgrill.com\/fr\/wp-json\/wp\/v2\/product"}],"about":[{"href":"https:\/\/pujadasgrill.com\/fr\/wp-json\/wp\/v2\/types\/product"}],"wp:featuredmedia":[{"embeddable":true,"href":"https:\/\/pujadasgrill.com\/fr\/wp-json\/wp\/v2\/media\/29804"}],"wp:attachment":[{"href":"https:\/\/pujadasgrill.com\/fr\/wp-json\/wp\/v2\/media?parent=19792"}],"wp:term":[{"taxonomy":"product_cat","embeddable":true,"href":"https:\/\/pujadasgrill.com\/fr\/wp-json\/wp\/v2\/product_cat?post=19792"},{"taxonomy":"product_tag","embeddable":true,"href":"https:\/\/pujadasgrill.com\/fr\/wp-json\/wp\/v2\/product_tag?post=19792"}],"curies":[{"name":"wp","href":"https:\/\/api.w.org\/{rel}","templated":true}]}}