{"id":20455,"date":"2024-05-27T10:45:38","date_gmt":"2024-06-04T08:12:00","guid":{"rendered":"https:\/\/pujadasgrill.com\/producto\/morceaus-de-chene\/"},"modified":"2024-06-20T06:50:27","modified_gmt":"2024-06-20T06:50:27","slug":"morceaus-de-chene","status":"publish","type":"product","link":"https:\/\/pujadasgrill.com\/fr\/producto\/morceaus-de-chene\/","title":{"rendered":"Morceaus de ch\u00eane"},"content":{"rendered":"","protected":false},"excerpt":{"rendered":"<p>Morceaus de ch\u00eane 100% naturel. Sp\u00e9cial pour grill\u00e9 fum\u00e9. Ajoutez des nuances et des ar\u00f4mes subtils \u00e0 vos recettes gr\u00e2ce \u00e0 la technique ancestrale du fumage. Aromatisez les braises avant de commencer la pr\u00e9paration, afin que vos plats acqui\u00e8rent de nouvelles saveurs qui surprendront.<\/p>\n","protected":false},"featured_media":29873,"template":"","meta":{"_seopress_robots_primary_cat":"none","inline_featured_image":false},"product_cat":[216],"product_tag":[],"class_list":["post-20455","product","type-product","status-publish","has-post-thumbnail","hentry","product_cat-accessoires-fr"],"_links":{"self":[{"href":"https:\/\/pujadasgrill.com\/fr\/wp-json\/wp\/v2\/product\/20455"}],"collection":[{"href":"https:\/\/pujadasgrill.com\/fr\/wp-json\/wp\/v2\/product"}],"about":[{"href":"https:\/\/pujadasgrill.com\/fr\/wp-json\/wp\/v2\/types\/product"}],"wp:featuredmedia":[{"embeddable":true,"href":"https:\/\/pujadasgrill.com\/fr\/wp-json\/wp\/v2\/media\/29873"}],"wp:attachment":[{"href":"https:\/\/pujadasgrill.com\/fr\/wp-json\/wp\/v2\/media?parent=20455"}],"wp:term":[{"taxonomy":"product_cat","embeddable":true,"href":"https:\/\/pujadasgrill.com\/fr\/wp-json\/wp\/v2\/product_cat?post=20455"},{"taxonomy":"product_tag","embeddable":true,"href":"https:\/\/pujadasgrill.com\/fr\/wp-json\/wp\/v2\/product_tag?post=20455"}],"curies":[{"name":"wp","href":"https:\/\/api.w.org\/{rel}","templated":true}]}}