{"id":20469,"date":"2024-05-27T10:51:16","date_gmt":"2024-06-04T08:36:39","guid":{"rendered":"https:\/\/pujadasgrill.com\/?post_type=product&#038;p=20469"},"modified":"2024-06-20T06:49:40","modified_gmt":"2024-06-20T06:49:40","slug":"copeaux-de-chene-a-larome-de-xeres","status":"publish","type":"product","link":"https:\/\/pujadasgrill.com\/fr\/producto\/copeaux-de-chene-a-larome-de-xeres\/","title":{"rendered":"Copeaux de ch\u00eane \u00e0 l\u2019ar\u00f4me de x\u00e9r\u00e8s"},"content":{"rendered":"","protected":false},"excerpt":{"rendered":"<p>Copeaux de ch\u00eane \u00e0 l\u2019ar\u00f4me de x\u00e9r\u00e8s 100% naturel. Sp\u00e9cial pour grill\u00e9 fum\u00e9. Copeaux d\u2019authentiques barriques mac\u00e9r\u00e9es. Pr\u00e9parez le four sa phase d\u2019allumage et parfumez les braises avant de commencer la cuisson.<\/p>\n","protected":false},"featured_media":29876,"template":"","meta":{"_seopress_robots_primary_cat":"none","inline_featured_image":false},"product_cat":[216],"product_tag":[],"class_list":["post-20469","product","type-product","status-publish","has-post-thumbnail","hentry","product_cat-accessoires-fr"],"_links":{"self":[{"href":"https:\/\/pujadasgrill.com\/fr\/wp-json\/wp\/v2\/product\/20469"}],"collection":[{"href":"https:\/\/pujadasgrill.com\/fr\/wp-json\/wp\/v2\/product"}],"about":[{"href":"https:\/\/pujadasgrill.com\/fr\/wp-json\/wp\/v2\/types\/product"}],"wp:featuredmedia":[{"embeddable":true,"href":"https:\/\/pujadasgrill.com\/fr\/wp-json\/wp\/v2\/media\/29876"}],"wp:attachment":[{"href":"https:\/\/pujadasgrill.com\/fr\/wp-json\/wp\/v2\/media?parent=20469"}],"wp:term":[{"taxonomy":"product_cat","embeddable":true,"href":"https:\/\/pujadasgrill.com\/fr\/wp-json\/wp\/v2\/product_cat?post=20469"},{"taxonomy":"product_tag","embeddable":true,"href":"https:\/\/pujadasgrill.com\/fr\/wp-json\/wp\/v2\/product_tag?post=20469"}],"curies":[{"name":"wp","href":"https:\/\/api.w.org\/{rel}","templated":true}]}}