{"id":20476,"date":"2024-05-27T10:53:32","date_gmt":"2024-06-04T08:46:16","guid":{"rendered":"https:\/\/pujadasgrill.com\/?post_type=product&#038;p=20476"},"modified":"2024-06-20T06:48:04","modified_gmt":"2024-06-20T06:48:04","slug":"copeaux-de-chene-a-larome-de-whisky","status":"publish","type":"product","link":"https:\/\/pujadasgrill.com\/fr\/producto\/copeaux-de-chene-a-larome-de-whisky\/","title":{"rendered":"Copeaux de ch\u00eane \u00e0 l\u2019ar\u00f4me de whisky"},"content":{"rendered":"","protected":false},"excerpt":{"rendered":"<p>Copeaux de ch\u00eane \u00e0 l\u2019ar\u00f4me de whisky 100% naturel. Sp\u00e9cial pour grill\u00e9 fum\u00e9. Copeaux d\u2019authentiques barriques mac\u00e9r\u00e9es. Aromatisez les braises avant de commencer la pr\u00e9paration, afin que vos plats acqui\u00e8rent de nouvelles saveurs qui surprendront.<\/p>\n","protected":false},"featured_media":29879,"template":"","meta":{"_seopress_robots_primary_cat":"none","inline_featured_image":false},"product_cat":[216],"product_tag":[],"class_list":["post-20476","product","type-product","status-publish","has-post-thumbnail","hentry","product_cat-accessoires-fr"],"_links":{"self":[{"href":"https:\/\/pujadasgrill.com\/fr\/wp-json\/wp\/v2\/product\/20476"}],"collection":[{"href":"https:\/\/pujadasgrill.com\/fr\/wp-json\/wp\/v2\/product"}],"about":[{"href":"https:\/\/pujadasgrill.com\/fr\/wp-json\/wp\/v2\/types\/product"}],"wp:featuredmedia":[{"embeddable":true,"href":"https:\/\/pujadasgrill.com\/fr\/wp-json\/wp\/v2\/media\/29879"}],"wp:attachment":[{"href":"https:\/\/pujadasgrill.com\/fr\/wp-json\/wp\/v2\/media?parent=20476"}],"wp:term":[{"taxonomy":"product_cat","embeddable":true,"href":"https:\/\/pujadasgrill.com\/fr\/wp-json\/wp\/v2\/product_cat?post=20476"},{"taxonomy":"product_tag","embeddable":true,"href":"https:\/\/pujadasgrill.com\/fr\/wp-json\/wp\/v2\/product_tag?post=20476"}],"curies":[{"name":"wp","href":"https:\/\/api.w.org\/{rel}","templated":true}]}}