{"id":21273,"date":"2024-06-05T08:21:54","date_gmt":"2024-06-05T08:24:01","guid":{"rendered":"https:\/\/pujadasgrill.com\/?post_type=product&#038;p=21273"},"modified":"2024-06-19T18:49:07","modified_gmt":"2024-06-19T18:49:07","slug":"tisonnier-pour-four-a-braise","status":"publish","type":"product","link":"https:\/\/pujadasgrill.com\/fr\/producto\/tisonnier-pour-four-a-braise\/","title":{"rendered":"Tisonnier pour four \u00e0 braise"},"content":{"rendered":"","protected":false},"excerpt":{"rendered":"<p>Pelle \u00e0 tisonnier \u00e0 charbon en acier inoxydable de Pujadas, id\u00e9ale pour enlever le charbon pendant le service, \u00e9vitant ainsi d&#8217;\u00e9ventuelles br\u00fblures.<\/p>\n","protected":false},"featured_media":29891,"template":"","meta":{"_seopress_robots_primary_cat":"none","inline_featured_image":false},"product_cat":[216],"product_tag":[],"class_list":["post-21273","product","type-product","status-publish","has-post-thumbnail","hentry","product_cat-accessoires-fr"],"_links":{"self":[{"href":"https:\/\/pujadasgrill.com\/fr\/wp-json\/wp\/v2\/product\/21273"}],"collection":[{"href":"https:\/\/pujadasgrill.com\/fr\/wp-json\/wp\/v2\/product"}],"about":[{"href":"https:\/\/pujadasgrill.com\/fr\/wp-json\/wp\/v2\/types\/product"}],"wp:featuredmedia":[{"embeddable":true,"href":"https:\/\/pujadasgrill.com\/fr\/wp-json\/wp\/v2\/media\/29891"}],"wp:attachment":[{"href":"https:\/\/pujadasgrill.com\/fr\/wp-json\/wp\/v2\/media?parent=21273"}],"wp:term":[{"taxonomy":"product_cat","embeddable":true,"href":"https:\/\/pujadasgrill.com\/fr\/wp-json\/wp\/v2\/product_cat?post=21273"},{"taxonomy":"product_tag","embeddable":true,"href":"https:\/\/pujadasgrill.com\/fr\/wp-json\/wp\/v2\/product_tag?post=21273"}],"curies":[{"name":"wp","href":"https:\/\/api.w.org\/{rel}","templated":true}]}}