{"id":21605,"date":"2024-05-27T11:14:34","date_gmt":"2024-06-05T08:51:17","guid":{"rendered":"https:\/\/pujadasgrill.com\/?post_type=product&#038;p=21605"},"modified":"2024-06-20T06:45:13","modified_gmt":"2024-06-20T06:45:13","slug":"brosse-metallique-replacement","status":"publish","type":"product","link":"https:\/\/pujadasgrill.com\/fr\/producto\/brosse-metallique-replacement\/","title":{"rendered":"Brosse metallique replacement"},"content":{"rendered":"","protected":false},"excerpt":{"rendered":"<p>T\u00eate de brosse de nettoyage m\u00e9tallique ind\u00e9pendante enti\u00e8rement en acier inoxydable de Pujadas qui permet de nettoyer la chambre int\u00e9rieure du four, en la laissant pr\u00eate pour un nouveau service.<\/p>\n","protected":false},"featured_media":22188,"template":"","meta":{"_seopress_robots_primary_cat":"none","inline_featured_image":false},"product_cat":[216],"product_tag":[],"class_list":["post-21605","product","type-product","status-publish","has-post-thumbnail","hentry","product_cat-accessoires-fr"],"_links":{"self":[{"href":"https:\/\/pujadasgrill.com\/fr\/wp-json\/wp\/v2\/product\/21605"}],"collection":[{"href":"https:\/\/pujadasgrill.com\/fr\/wp-json\/wp\/v2\/product"}],"about":[{"href":"https:\/\/pujadasgrill.com\/fr\/wp-json\/wp\/v2\/types\/product"}],"wp:featuredmedia":[{"embeddable":true,"href":"https:\/\/pujadasgrill.com\/fr\/wp-json\/wp\/v2\/media\/22188"}],"wp:attachment":[{"href":"https:\/\/pujadasgrill.com\/fr\/wp-json\/wp\/v2\/media?parent=21605"}],"wp:term":[{"taxonomy":"product_cat","embeddable":true,"href":"https:\/\/pujadasgrill.com\/fr\/wp-json\/wp\/v2\/product_cat?post=21605"},{"taxonomy":"product_tag","embeddable":true,"href":"https:\/\/pujadasgrill.com\/fr\/wp-json\/wp\/v2\/product_tag?post=21605"}],"curies":[{"name":"wp","href":"https:\/\/api.w.org\/{rel}","templated":true}]}}