{"id":21613,"date":"2024-06-05T08:53:30","date_gmt":"2024-06-05T08:58:15","guid":{"rendered":"https:\/\/pujadasgrill.com\/?post_type=product&#038;p=21613"},"modified":"2024-06-19T18:46:32","modified_gmt":"2024-06-19T18:46:32","slug":"brosse-metallique-2","status":"publish","type":"product","link":"https:\/\/pujadasgrill.com\/fr\/producto\/brosse-metallique-2\/","title":{"rendered":"Brosse metallique"},"content":{"rendered":"","protected":false},"excerpt":{"rendered":"<p>Brosse de nettoyage m\u00e9tallique en acier inoxydable avec manche en bois qui permet de nettoyer la chambre int\u00e9rieure du four, le laissant pr\u00eat pour un nouveau service.<\/p>\n","protected":false},"featured_media":29870,"template":"","meta":{"_seopress_robots_primary_cat":"none","inline_featured_image":false},"product_cat":[216],"product_tag":[],"class_list":["post-21613","product","type-product","status-publish","has-post-thumbnail","hentry","product_cat-accessoires-fr"],"_links":{"self":[{"href":"https:\/\/pujadasgrill.com\/fr\/wp-json\/wp\/v2\/product\/21613"}],"collection":[{"href":"https:\/\/pujadasgrill.com\/fr\/wp-json\/wp\/v2\/product"}],"about":[{"href":"https:\/\/pujadasgrill.com\/fr\/wp-json\/wp\/v2\/types\/product"}],"wp:featuredmedia":[{"embeddable":true,"href":"https:\/\/pujadasgrill.com\/fr\/wp-json\/wp\/v2\/media\/29870"}],"wp:attachment":[{"href":"https:\/\/pujadasgrill.com\/fr\/wp-json\/wp\/v2\/media?parent=21613"}],"wp:term":[{"taxonomy":"product_cat","embeddable":true,"href":"https:\/\/pujadasgrill.com\/fr\/wp-json\/wp\/v2\/product_cat?post=21613"},{"taxonomy":"product_tag","embeddable":true,"href":"https:\/\/pujadasgrill.com\/fr\/wp-json\/wp\/v2\/product_tag?post=21613"}],"curies":[{"name":"wp","href":"https:\/\/api.w.org\/{rel}","templated":true}]}}