{"id":21630,"date":"2024-05-27T14:06:23","date_gmt":"2024-06-05T09:03:24","guid":{"rendered":"https:\/\/pujadasgrill.com\/?post_type=product&#038;p=21630"},"modified":"2024-06-20T10:45:07","modified_gmt":"2024-06-20T10:45:07","slug":"plaque-inox-avec-anses","status":"publish","type":"product","link":"https:\/\/pujadasgrill.com\/fr\/producto\/plaque-inox-avec-anses\/","title":{"rendered":"Plaque inox avec anses"},"content":{"rendered":"","protected":false},"excerpt":{"rendered":"<h3>Tous les accessoires conviennent \u00e0 la GrillBox et \u00e0 la GrillBox Duo.<\/h3>\n<p>Obtenez une temp\u00e9rature et une pr\u00e9sentation optimales \u00e0 table.<\/p>\n","protected":false},"featured_media":29855,"template":"","meta":{"_seopress_robots_primary_cat":"none","inline_featured_image":false},"product_cat":[119],"product_tag":[],"class_list":["post-21630","product","type-product","status-publish","has-post-thumbnail","hentry","product_cat-menage"],"_links":{"self":[{"href":"https:\/\/pujadasgrill.com\/fr\/wp-json\/wp\/v2\/product\/21630"}],"collection":[{"href":"https:\/\/pujadasgrill.com\/fr\/wp-json\/wp\/v2\/product"}],"about":[{"href":"https:\/\/pujadasgrill.com\/fr\/wp-json\/wp\/v2\/types\/product"}],"wp:featuredmedia":[{"embeddable":true,"href":"https:\/\/pujadasgrill.com\/fr\/wp-json\/wp\/v2\/media\/29855"}],"wp:attachment":[{"href":"https:\/\/pujadasgrill.com\/fr\/wp-json\/wp\/v2\/media?parent=21630"}],"wp:term":[{"taxonomy":"product_cat","embeddable":true,"href":"https:\/\/pujadasgrill.com\/fr\/wp-json\/wp\/v2\/product_cat?post=21630"},{"taxonomy":"product_tag","embeddable":true,"href":"https:\/\/pujadasgrill.com\/fr\/wp-json\/wp\/v2\/product_tag?post=21630"}],"curies":[{"name":"wp","href":"https:\/\/api.w.org\/{rel}","templated":true}]}}