{"id":21685,"date":"2024-05-28T11:08:59","date_gmt":"2024-06-05T10:15:40","guid":{"rendered":"https:\/\/pujadasgrill.com\/?post_type=product&#038;p=21685"},"modified":"2024-06-19T19:12:23","modified_gmt":"2024-06-19T19:12:23","slug":"poele-haute-avec-anses-acier-emaille","status":"publish","type":"product","link":"https:\/\/pujadasgrill.com\/fr\/producto\/poele-haute-avec-anses-acier-emaille\/","title":{"rendered":"Po\u00eale Haute Avec Anses Acier \u00e9maill\u00e9"},"content":{"rendered":"","protected":false},"excerpt":{"rendered":"<h3>MINI-SIZE Id\u00e9al pour la pr\u00e9sentation<\/h3>\n<p>Po\u00eales \u00e0 frire en acier \u00e9maill\u00e9. Id\u00e9ales pour la cuisson du riz et de la fideua dans un style professionnel. Toute la gamme peut \u00eatre utilis\u00e9e sur tous les types de cuisini\u00e8res et de fours.<\/p>\n","protected":false},"featured_media":32635,"template":"","meta":{"_seopress_robots_primary_cat":"none","inline_featured_image":false},"product_cat":[119],"product_tag":[],"class_list":["post-21685","product","type-product","status-publish","has-post-thumbnail","hentry","product_cat-menage"],"_links":{"self":[{"href":"https:\/\/pujadasgrill.com\/fr\/wp-json\/wp\/v2\/product\/21685"}],"collection":[{"href":"https:\/\/pujadasgrill.com\/fr\/wp-json\/wp\/v2\/product"}],"about":[{"href":"https:\/\/pujadasgrill.com\/fr\/wp-json\/wp\/v2\/types\/product"}],"wp:featuredmedia":[{"embeddable":true,"href":"https:\/\/pujadasgrill.com\/fr\/wp-json\/wp\/v2\/media\/32635"}],"wp:attachment":[{"href":"https:\/\/pujadasgrill.com\/fr\/wp-json\/wp\/v2\/media?parent=21685"}],"wp:term":[{"taxonomy":"product_cat","embeddable":true,"href":"https:\/\/pujadasgrill.com\/fr\/wp-json\/wp\/v2\/product_cat?post=21685"},{"taxonomy":"product_tag","embeddable":true,"href":"https:\/\/pujadasgrill.com\/fr\/wp-json\/wp\/v2\/product_tag?post=21685"}],"curies":[{"name":"wp","href":"https:\/\/api.w.org\/{rel}","templated":true}]}}