{"id":21711,"date":"2024-05-28T14:11:57","date_gmt":"2024-06-05T10:43:49","guid":{"rendered":"https:\/\/pujadasgrill.com\/?post_type=product&#038;p=21711"},"modified":"2024-06-19T19:08:32","modified_gmt":"2024-06-19T19:08:32","slug":"mini-plateau-oval-avec-couvercle","status":"publish","type":"product","link":"https:\/\/pujadasgrill.com\/fr\/producto\/mini-plateau-oval-avec-couvercle\/","title":{"rendered":"Mini Plateau Oval Avec Couvercle"},"content":{"rendered":"","protected":false},"excerpt":{"rendered":"<p>Miniatures en fonte et int\u00e9rieur \u00e9maill\u00e9, parfaites pour le service individuel et la pr\u00e9sentation.<\/p>\n","protected":false},"featured_media":29843,"template":"","meta":{"_seopress_robots_primary_cat":"none","inline_featured_image":false},"product_cat":[119],"product_tag":[],"class_list":["post-21711","product","type-product","status-publish","has-post-thumbnail","hentry","product_cat-menage"],"_links":{"self":[{"href":"https:\/\/pujadasgrill.com\/fr\/wp-json\/wp\/v2\/product\/21711"}],"collection":[{"href":"https:\/\/pujadasgrill.com\/fr\/wp-json\/wp\/v2\/product"}],"about":[{"href":"https:\/\/pujadasgrill.com\/fr\/wp-json\/wp\/v2\/types\/product"}],"wp:featuredmedia":[{"embeddable":true,"href":"https:\/\/pujadasgrill.com\/fr\/wp-json\/wp\/v2\/media\/29843"}],"wp:attachment":[{"href":"https:\/\/pujadasgrill.com\/fr\/wp-json\/wp\/v2\/media?parent=21711"}],"wp:term":[{"taxonomy":"product_cat","embeddable":true,"href":"https:\/\/pujadasgrill.com\/fr\/wp-json\/wp\/v2\/product_cat?post=21711"},{"taxonomy":"product_tag","embeddable":true,"href":"https:\/\/pujadasgrill.com\/fr\/wp-json\/wp\/v2\/product_tag?post=21711"}],"curies":[{"name":"wp","href":"https:\/\/api.w.org\/{rel}","templated":true}]}}